{"id":34717,"date":"2024-04-17T10:57:00","date_gmt":"2024-04-17T10:57:00","guid":{"rendered":"https:\/\/work-foxx.com\/product\/visoki-skornji-purofort-foodpro-multigrip\/"},"modified":"2026-03-31T13:21:04","modified_gmt":"2026-03-31T13:21:04","slug":"visoke-cizme-purofort-foodpro-multigrip-s4","status":"publish","type":"product","link":"https:\/\/work-foxx.com\/hr\/proizvod\/visoke-cizme-purofort-foodpro-multigrip-s4\/","title":{"rendered":"Visoke \u010dizme PUROFORT FOODPRO MULTIGRIP S4"},"content":{"rendered":"<h1>Visoke \u010dizme PUROFORT FOODPRO MULTIGRIP S4<\/h1>\n<p>Visoke za\u0161titne \u010dizme Dunlop Purofort FoodPro MultiGrip imaju za\u0161titnu kapicu i klasificirane su u klasu za\u0161tite S4. Izra\u0111ene su od Purofort\u00ae materijala s glatkom zavr\u0161nom obradom koja omogu\u0107uje jednostavno \u010di\u0161\u0107enje. Purofort\u00ae je jedinstveni materijal s milijunima zra\u010dnih d\u017eepova koji su ravnomjerno raspore\u0111eni u mre\u017eastoj strukturi. Time se stvara lagan i toplinski izolacijski materijal koji je iznimno \u010dvrst i fleksibilan te osigurava vrhunske performanse \u010dizama. \u010cizme nude izolaciju od hladno\u0107e do -20\u00b0C. Jedinstveni Purofort materijal osigurava sigurnost, fleksibilnost i izdr\u017eljivost. Potplat ima iznimna protuklizna svojstva (SRC), antistati\u010dan je i apsorbira energiju u peti. Visoke \u010dizme Purofort FoodPro MultiGrip S4 pogodne su za rad u prehrambenoj industriji.<\/p>\n<p><strong>!VA\u017dNO!:<\/strong> Ovaj stil \u010dizama ima \u0161irok kroj. Preporu\u010dujemo smanjenje va\u0161e uobi\u010dajene veli\u010dine za 1.<\/p>\n<h3>Materijalni sastav i tehni\u010dka svojstva<\/h3>\n<p><strong>Vanjski materijal:<\/strong> Purofort\u00ae (poliuretan)<br \/>\n<b>Podstava:<\/b> Crvena poliamidna vlakna<br \/>\n<strong>Potplat:<\/strong> Purofort\u00ae (poliuretan)<\/p>\n<p><strong>Veli\u010dine:<\/strong> 36 &#8211; 49<br \/>\n<strong>Boja:<\/strong> Bijela, plava<br \/>\n<strong>Spol:<\/strong>&nbsp;Unisex<br \/>\n<strong>Proizvo\u0111a\u010d:<\/strong> <a href=\"https:\/\/www.dunlopboots.com\/\">Dunlop Boots<\/a><\/p>\n<p><strong>Tehni\u010dke karakteristike:<\/strong> S4, SRC<br \/>\n<strong>Za\u0161tita prstiju:<\/strong> Za\u0161titna kapica (SB), \u010delik<br \/>\n<strong>Standard: <\/strong>EN ISO 20345:2011 S4 CI SRC<\/p>\n<h3>Opis standarda<\/h3>\n<p>Norma EN ISO 20345 utvr\u0111uje osnovne zahtjeve i (po izboru) dodatne zahtjeve za za\u0161titnu obu\u0107u. Obu\u0107a koja je u skladu s normom EN ISO 20345 mora imati specifi\u010dan oblik, za\u0161titu za prste, protuklizni potplat, ergonomska svojstva, gornji dio obu\u0107e, \u010dvrsto\u0107u i mora zadovoljiti tra\u017eene kriterije ispitivanja. Za\u0161titna obu\u0107a s kapom prikladna je za rad gdje postoji velika mogu\u0107nost ozljeda uslijed mehani\u010dkih utjecaja.<\/p>\n<p>Razlikujemo radne i za\u0161titne \u010dizme koje se me\u0111usobno razlikuju po stupnju za\u0161tite. Radne \u010dizme s oznakom OB namijenjene su za rad na kojem postoji mala mogu\u0107nost ozljeda zbog mehani\u010dkih utjecaja. Za\u0161titne \u010dizme oznake SB imaju za\u0161titnu kapicu i namijenjene su za rad gdje postoji velika mogu\u0107nost ozljeda zbog mehani\u010dkih utjecaja.<\/p>\n<p><em>Savjete za odabir kvalitetnih \u010dizama mo\u017eete prona\u0107i u rubrici&nbsp;&#8220;<a href=\"https:\/\/work-foxx.com\/hr\/savjeti\/\">Savjeti stru\u010dnjaka<\/a>&#8220;.<\/em><\/p>\n","protected":false},"excerpt":{"rendered":"<p>Visoke \u010dizme Dunlop Purofort FoodPro MultiGrip imaju za\u0161titnu kapu i spadaju u klasu za\u0161tite S4. Pogodne su za rad u prehrambenoj industriji.<\/p>\n","protected":false},"featured_media":35363,"comment_status":"open","ping_status":"closed","template":"","meta":{"_acf_changed":false,"inline_featured_image":false},"product_brand":[],"product_cat":[1015,1976,1013],"product_tag":[],"class_list":{"0":"post-34717","1":"product","2":"type-product","3":"status-publish","4":"has-post-thumbnail","6":"product_cat-cizme","7":"product_cat-gumene-cizme","8":"product_cat-obuca","10":"first","11":"instock","12":"taxable","13":"shipping-taxable","14":"purchasable","15":"product-type-variable"},"acf":[],"_links":{"self":[{"href":"https:\/\/work-foxx.com\/hr\/wp-json\/wp\/v2\/product\/34717","targetHints":{"allow":["GET"]}}],"collection":[{"href":"https:\/\/work-foxx.com\/hr\/wp-json\/wp\/v2\/product"}],"about":[{"href":"https:\/\/work-foxx.com\/hr\/wp-json\/wp\/v2\/types\/product"}],"replies":[{"embeddable":true,"href":"https:\/\/work-foxx.com\/hr\/wp-json\/wp\/v2\/comments?post=34717"}],"wp:featuredmedia":[{"embeddable":true,"href":"https:\/\/work-foxx.com\/hr\/wp-json\/wp\/v2\/media\/35363"}],"wp:attachment":[{"href":"https:\/\/work-foxx.com\/hr\/wp-json\/wp\/v2\/media?parent=34717"}],"wp:term":[{"taxonomy":"product_brand","embeddable":true,"href":"https:\/\/work-foxx.com\/hr\/wp-json\/wp\/v2\/product_brand?post=34717"},{"taxonomy":"product_cat","embeddable":true,"href":"https:\/\/work-foxx.com\/hr\/wp-json\/wp\/v2\/product_cat?post=34717"},{"taxonomy":"product_tag","embeddable":true,"href":"https:\/\/work-foxx.com\/hr\/wp-json\/wp\/v2\/product_tag?post=34717"}],"curies":[{"name":"wp","href":"https:\/\/api.w.org\/{rel}","templated":true}]}}