{"id":34673,"date":"2024-04-17T10:57:00","date_gmt":"2024-04-17T10:57:00","guid":{"rendered":"https:\/\/work-foxx.com\/product\/visoki-skornji-acifort-classic-o4\/"},"modified":"2026-03-31T13:21:06","modified_gmt":"2026-03-31T13:21:06","slug":"visoke-cizme-acifort-classic-o4","status":"publish","type":"product","link":"https:\/\/work-foxx.com\/hr\/proizvod\/visoke-cizme-acifort-classic-o4\/","title":{"rendered":"Visoke \u010dizme ACIFORT CLASSIC+ O4"},"content":{"rendered":"<h1>Visoke \u010dizme ACIFORT CLASSIC+ O4<\/h1>\n<p>Visoke radne \u010dizme Dunlop Acifort Classic+ su bez za\u0161titne kapice i klasificirane su u klasu za\u0161tite O4. Izra\u0111ene su od Acifort\u00ae materijala glatke povr\u0161ine koja omogu\u0107uje jednostavno \u010di\u0161\u0107enje. Acifort\u00ae je Dunlopov jedinstveni izum PVC-a, nitrilne gume i polimera. Nitrilna guma pru\u017ea du\u017ei vijek trajanja i bolju otpornost na ulja, masti, prljav\u0161tinu i kemikalije. Polimeri dodaju fleksibilnost cipeli i time pove\u0107avaju udobnost. Potplat ima iznimna protuklizna svojstva (SRC), antistati\u010dan je i apsorbira energiju u peti. Visoke \u010dizme Acifort Classic+ O4 pogodne su za rad u prehrambenoj industriji.<\/p>\n<p><strong>!VA\u017dNO!:<\/strong> Ove cipele imaju \u0161irok kroj. Preporu\u010dujemo smanjenje va\u0161e uobi\u010dajene veli\u010dine za 1.<\/p>\n<h3>Materijalni sastav i tehni\u010dka svojstva<\/h3>\n<p><strong>Vanjski materijal:<\/strong> Acifort\u00ae (mje\u0161avina PVC-a, nitrilne gume i polimera)<br \/>\n<b>Podstava:<\/b> Siva poliesterska vlakna<br \/>\n<strong>Potplat:<\/strong> Acifort\u00ae (mje\u0161avina PVC-a, nitrilne gume i polimera)<\/p>\n<p><strong>Veli\u010dine:<\/strong> 35 &#8211; 49<br \/>\n<strong>Boja:<\/strong> Bijela, plava<br \/>\n<strong>Spol:<\/strong>&nbsp;Unisex<br \/>\n<strong>Proizvo\u0111a\u010d:<\/strong>&nbsp;<a href=\"https:\/\/www.dunlopboots.com\/\">Dunlop Boots<\/a><\/p>\n<p><strong>Tehni\u010dke karakteristike:<\/strong> O4, SRC<br \/>\n<strong>Standard:<\/strong> EN ISO 20347:2012 O4 FO SRC<\/p>\n<h3>Opis standarda<\/h3>\n<p>Norma EN ISO 20347 definira osnovne zahtjeve za profesionalnu obu\u0107u. Izme\u0111u ostalog, postavljaju se zahtjevi na oblik, svojstva potplata, protukliznost, ergonomska svojstva, gornji dio obu\u0107e, \u010dvrsto\u0107u, podstavu, ulo\u0161ke, potplate itd. Radna obu\u0107a prema propisu EN ISO 20347 nema za\u0161titnu kapicu i pogodan je za rad gdje postoji mala mogu\u0107nost o\u0161te\u0107enja uslijed mehani\u010dkih utjecaja.<\/p>\n<p>Razlikujemo radne i za\u0161titne \u010dizme koje se me\u0111usobno razlikuju po stupnju za\u0161tite. Radne \u010dizme s oznakom OB namijenjene su za rad na kojem postoji mala mogu\u0107nost ozljeda zbog mehani\u010dkih utjecaja. Za\u0161titne \u010dizme oznake SB imaju za\u0161titnu kapicu i namijenjene su za rad gdje postoji velika mogu\u0107nost ozljeda zbog mehani\u010dkih utjecaja.<\/p>\n<p><em>Savjete za odabir kvalitetnih \u010dizama mo\u017eete prona\u0107i u rubrici&nbsp;&#8220;<a href=\"https:\/\/work-foxx.com\/hr\/savjeti\/\">Savjeti stru\u010dnjaka<\/a>&#8220;.<\/em><\/p>\n","protected":false},"excerpt":{"rendered":"<p>Visoke za\u0161titne \u010dizme Dunlop Acifort Classic+ su bez za\u0161titne kape i spadaju u klasu za\u0161tite O4. Pogodne su za rad u prehrambenoj industriji.<\/p>\n","protected":false},"featured_media":33935,"comment_status":"open","ping_status":"closed","template":"","meta":{"_acf_changed":false,"inline_featured_image":false},"product_brand":[],"product_cat":[1015,1976,1013],"product_tag":[],"class_list":{"0":"post-34673","1":"product","2":"type-product","3":"status-publish","4":"has-post-thumbnail","6":"product_cat-cizme","7":"product_cat-gumene-cizme","8":"product_cat-obuca","10":"first","11":"instock","12":"taxable","13":"shipping-taxable","14":"purchasable","15":"product-type-variable"},"acf":[],"_links":{"self":[{"href":"https:\/\/work-foxx.com\/hr\/wp-json\/wp\/v2\/product\/34673","targetHints":{"allow":["GET"]}}],"collection":[{"href":"https:\/\/work-foxx.com\/hr\/wp-json\/wp\/v2\/product"}],"about":[{"href":"https:\/\/work-foxx.com\/hr\/wp-json\/wp\/v2\/types\/product"}],"replies":[{"embeddable":true,"href":"https:\/\/work-foxx.com\/hr\/wp-json\/wp\/v2\/comments?post=34673"}],"wp:featuredmedia":[{"embeddable":true,"href":"https:\/\/work-foxx.com\/hr\/wp-json\/wp\/v2\/media\/33935"}],"wp:attachment":[{"href":"https:\/\/work-foxx.com\/hr\/wp-json\/wp\/v2\/media?parent=34673"}],"wp:term":[{"taxonomy":"product_brand","embeddable":true,"href":"https:\/\/work-foxx.com\/hr\/wp-json\/wp\/v2\/product_brand?post=34673"},{"taxonomy":"product_cat","embeddable":true,"href":"https:\/\/work-foxx.com\/hr\/wp-json\/wp\/v2\/product_cat?post=34673"},{"taxonomy":"product_tag","embeddable":true,"href":"https:\/\/work-foxx.com\/hr\/wp-json\/wp\/v2\/product_tag?post=34673"}],"curies":[{"name":"wp","href":"https:\/\/api.w.org\/{rel}","templated":true}]}}