{"id":34565,"date":"2024-04-17T10:57:00","date_gmt":"2024-04-17T10:57:00","guid":{"rendered":"https:\/\/work-foxx.com\/product\/nizki-zascitni-cevlji-claw-resist-s3\/"},"modified":"2026-03-30T18:23:03","modified_gmt":"2026-03-30T18:23:03","slug":"niske-zastitne-cipele-claw-resist-s3","status":"publish","type":"product","link":"https:\/\/work-foxx.com\/hr\/proizvod\/niske-zastitne-cipele-claw-resist-s3\/","title":{"rendered":"Niske za\u0161titne cipele CLAW RESIST S3"},"content":{"rendered":"<h1>Niske za\u0161titne cipele CLAW RESIST S3<\/h1>\n<p>Niske za\u0161titne cipele Claw Resist imaju za\u0161titnu kapicu i klasificirane su u za\u0161titnu klasu S3. Izra\u0111ene su od strukturirane mre\u017ee koja je testirana na habanje u certificiranom laboratoriju (CTC). Podstava je izra\u0111ena od prozra\u010dne i mekane 3D mre\u017ee. Podstavljeni jezik pru\u017ea ve\u0107u udobnost i bolju za\u0161titu. Ulo\u017eak od poliuretanske pjene (PU) pru\u017ea antistati\u010dka svojstva i mo\u017ee se ukloniti i prati. Cipele imaju dvoslojni potplat od poliuretana niske gusto\u0107e (PU) koji je antistati\u010dan, pru\u017ea iznimnu protukliznu za\u0161titu na keramici i metalu (SRC) i pru\u017ea cjelodnevnu udobnost. Peta cipele je blago podignuta, \u0161to daje ve\u0107u stabilnost na ljestvama. Cipele su ispitane u certificiranom laboratoriju (CTC) i nude izvrsnu amortizaciju. Vi\u0161e od 25% sile udarca apsorbira potplat. Niske za\u0161titne cipele Claw Resist klase S3 imaju antistati\u010dki potplat i ulo\u017eak. Potplat je otporan na probijanje i ugljikovodike, a peta radne \u010dizme upija energiju. Gornji dio cipele je otporan na upijanje vode.<\/p>\n<h3>Materijalni sastav i tehni\u010dka svojstva<\/h3>\n<p><strong>Vanjski materijal:<\/strong> Strukturirana mre\u017ea, testirana na habanje<br \/>\n<strong>Podstava:<\/strong> Air 3D mesh<br \/>\n<strong>Ulo\u017eak:<\/strong> PU pjena, koji se mo\u017ee izvaditi, s amortizerom<br \/>\n<strong>Potplat:<\/strong> Dvoslojni, poliuretan (PU) \/ poliuretan (PU)<\/p>\n<p><strong>Veli\u010dine:<\/strong> 37 &#8211; 48<br \/>\n<strong>Boja:<\/strong> Crna s plavim dodacima<br \/>\n<strong>Spol:<\/strong> Uniseks<br \/>\n<strong>Proizvo\u0111a\u010d:<\/strong> <a href=\"http:\/\/www.coverguard-safety.com\">Coverguard<\/a><\/p>\n<p><strong>Tehni\u010dke karakteristike:<\/strong> S3, SRC, ESD<br \/>\n<strong>Za\u0161tita prstiju:<\/strong> Za\u0161titna kapica (SB), aluminij<br \/>\n<strong>Za\u0161tita potplata:<\/strong> Sigurnosni ulo\u017eak, neprobojni tekstil<br \/>\n<strong>Standard:<\/strong> EN ISO 20345:2011<\/p>\n<h3>Opis standarda<\/h3>\n<p>Norma EN ISO 20345 utvr\u0111uje osnovne zahtjeve i (po izboru) dodatne zahtjeve za za\u0161titnu obu\u0107u. Obu\u0107a koja je u skladu s normom EN ISO 20345 mora imati specifi\u010dan oblik, za\u0161titu za prste, protuklizni potplat, ergonomska svojstva, gornji dio obu\u0107e, \u010dvrsto\u0107u i mora zadovoljiti tra\u017eene kriterije ispitivanja. Za\u0161titna obu\u0107a s kapom prikladna je za rad gdje postoji velika mogu\u0107nost ozljeda uslijed mehani\u010dkih utjecaja.<\/p>\n<p><i>Savjete za odabir pravih radnih cipela za va\u0161e potrebe mo\u017eete prona\u0107i u segmentu &#8220;<\/i><a href=\"https:\/\/work-foxx.com\/hr\/savjeti\/\"><i>Savjeti stru\u010dnjaka<\/i><\/a><i>&#8220;.<\/i><\/p>\n","protected":false},"excerpt":{"rendered":"<p>Niske za\u0161titne cipele Claw Resist imaju za\u0161titnu kapu i spadaju u klasu za\u0161tite S3. Imaju povi\u0161enu petu, \u0161to daje ve\u0107u stabilnost na ljestvama.<\/p>\n","protected":false},"featured_media":34047,"comment_status":"open","ping_status":"closed","template":"","meta":{"_acf_changed":false,"inline_featured_image":false},"product_brand":[],"product_cat":[748,1013,1042],"product_tag":[],"class_list":{"0":"post-34565","1":"product","2":"type-product","3":"status-publish","4":"has-post-thumbnail","6":"product_cat-niske-zastitne-cipele","7":"product_cat-obuca","8":"product_cat-zastitne-cipele","10":"first","11":"instock","12":"taxable","13":"shipping-taxable","14":"purchasable","15":"product-type-variable"},"acf":[],"_links":{"self":[{"href":"https:\/\/work-foxx.com\/hr\/wp-json\/wp\/v2\/product\/34565","targetHints":{"allow":["GET"]}}],"collection":[{"href":"https:\/\/work-foxx.com\/hr\/wp-json\/wp\/v2\/product"}],"about":[{"href":"https:\/\/work-foxx.com\/hr\/wp-json\/wp\/v2\/types\/product"}],"replies":[{"embeddable":true,"href":"https:\/\/work-foxx.com\/hr\/wp-json\/wp\/v2\/comments?post=34565"}],"wp:featuredmedia":[{"embeddable":true,"href":"https:\/\/work-foxx.com\/hr\/wp-json\/wp\/v2\/media\/34047"}],"wp:attachment":[{"href":"https:\/\/work-foxx.com\/hr\/wp-json\/wp\/v2\/media?parent=34565"}],"wp:term":[{"taxonomy":"product_brand","embeddable":true,"href":"https:\/\/work-foxx.com\/hr\/wp-json\/wp\/v2\/product_brand?post=34565"},{"taxonomy":"product_cat","embeddable":true,"href":"https:\/\/work-foxx.com\/hr\/wp-json\/wp\/v2\/product_cat?post=34565"},{"taxonomy":"product_tag","embeddable":true,"href":"https:\/\/work-foxx.com\/hr\/wp-json\/wp\/v2\/product_tag?post=34565"}],"curies":[{"name":"wp","href":"https:\/\/api.w.org\/{rel}","templated":true}]}}