{"id":34549,"date":"2024-04-17T11:17:00","date_gmt":"2024-04-17T11:17:00","guid":{"rendered":"https:\/\/work-foxx.com\/product\/rokavice-atg-maxicut-ultra-ad-apt\/"},"modified":"2025-09-17T12:52:36","modified_gmt":"2025-09-17T12:52:36","slug":"rukavice-atg-maxicut-ultra-ad-apt-52-3745","status":"publish","type":"product","link":"https:\/\/work-foxx.com\/hr\/proizvod\/rukavice-atg-maxicut-ultra-ad-apt-52-3745\/","title":{"rendered":"Rukavice ATG MaxiCut\u00ae Ultra&#x2122; AD-APT\u00ae 52-3745"},"content":{"rendered":"<h1 data-start=\"3917\" data-end=\"4019\">ATG MaxiCut\u00ae Ultra&#x2122; with AD-APT\u00ae 52-3745 \u2013 rukavice s reznom otporno\u0161\u0107u, hla\u0111enjem i izvrsnim hvatom<\/h1>\n<p data-start=\"4021\" data-end=\"4446\">ATG MaxiCut\u00ae Ultra&#x2122; with AD-APT\u00ae 52-3745 su napredne radne rukavice za suhe uvjete, gdje je potrebna za\u0161tita od rezova i izuzetan hvat bez gubitka osje\u0107aja i udobnosti. Zahvaljuju\u0107i tehnologiji <strong data-start=\"4215\" data-end=\"4226\">AD-APT\u00ae<\/strong> ruke ostaju hladnije i manje se znoje tijekom intenzivnog rada. Idealne su za monta\u017eu, rukovanje o\u0161trim materijalima, proizvodnju, laboratorije ili bilo koju situaciju gdje su sigurnost i fleksibilnost podjednako va\u017eni.<\/p>\n<h2 data-start=\"4448\" data-end=\"4491\">Materijalni sastav i tehni\u010dka svojstva<\/h2>\n<ul data-start=\"4492\" data-end=\"5263\">\n<li data-start=\"4492\" data-end=\"4606\">\n<p data-start=\"4494\" data-end=\"4606\"><strong data-start=\"4494\" data-end=\"4507\">Standardi<\/strong>: EN 388:2016 + A1:2018 (4442C) \/ ANSI\/ISEA 105 (2016) A3<\/p>\n<\/li>\n<li data-start=\"4607\" data-end=\"4732\">\n<p data-start=\"4609\" data-end=\"4732\"><strong data-start=\"4609\" data-end=\"4622\">Materijal<\/strong>: podstava od najlona, Lycra\u00ae, UHMWPE, staklena vlakna; bez silikona<\/p>\n<\/li>\n<li data-start=\"4733\" data-end=\"4871\">\n<p data-start=\"4735\" data-end=\"4871\"><strong data-start=\"4735\" data-end=\"4747\">Podstava<\/strong>: be\u0161avno pletivo, man\u017eeta kod zape\u0161\u0107a (knit wrist) za udobnost i dobro prianjanje<\/p>\n<\/li>\n<li data-start=\"4872\" data-end=\"4993\">\n<p data-start=\"4874\" data-end=\"4993\"><strong data-start=\"4874\" data-end=\"4886\">Prevla\u010da<\/strong>: nitrilna mikro-pjena na dlanu; debljina dlana pribli\u017eno 1,00 mm<\/p>\n<\/li>\n<li data-start=\"4994\" data-end=\"5080\">\n<p data-start=\"4996\" data-end=\"5080\"><strong data-start=\"4996\" data-end=\"5021\">Duljina<\/strong>: pribli\u017eno 24 cm (veli\u010dina 10)<\/p>\n<\/li>\n<li data-start=\"5081\" data-end=\"5161\">\n<p data-start=\"5083\" data-end=\"5161\"><strong data-start=\"5083\" data-end=\"5095\">Veli\u010dine<\/strong>: od 6 (XS) do 12 (XXXL)<\/p>\n<\/li>\n<li data-start=\"5162\" data-end=\"5263\">\n<p data-start=\"5164\" data-end=\"5263\"><strong data-start=\"5164\" data-end=\"5172\">Boja<\/strong>: plavo-crna kombinacija prevleke i unutra\u0161njosti<\/p>\n<\/li>\n<\/ul>\n<h2 data-start=\"5265\" data-end=\"5281\">Tehnologije<\/h2>\n<p data-start=\"5283\" data-end=\"5521\"><strong data-start=\"5283\" data-end=\"5294\">AD-APT\u00ae<\/strong><br data-start=\"5294\" data-end=\"5297\" \/>AD-APT\u00ae aktivna tehnologija hla\u0111enja se pokre\u0107e pokretom ruku i porastom temperature u rukavici, \u010dime se ruke odr\u017eavaju hladnije, suhe i produktivnije \u010dak i pri intenzivnoj primjeni.<\/p>\n<p data-start=\"5523\" data-end=\"5733\"><strong data-start=\"5523\" data-end=\"5535\">CUTtech\u00ae<\/strong><br data-start=\"5535\" data-end=\"5538\" \/>CUTtech\u00ae kombinira visoko u\u010dinska vlakna poput UHMWPE i staklenih vlakana za za\u0161titu od rezova, uz pove\u0107anje trpe\u017enosti posebno izme\u0111u palca i ka\u017eiprsta.<\/p>\n<p data-start=\"5735\" data-end=\"5939\"><strong data-start=\"5735\" data-end=\"5747\">AIRtech\u00ae<\/strong><br data-start=\"5747\" data-end=\"5750\" \/>AIRtech\u00ae omogu\u0107ava 360\u00b0 prozra\u010dnost; mikro-pena i materijali prevleke poma\u017eu u odvo\u0111enju topline i vlage, \u010dime se pove\u0107ava udobnost pri du\u017eem radu.<\/p>\n<p data-start=\"5941\" data-end=\"6148\"><strong data-start=\"5941\" data-end=\"5954\">DURAtech\u00ae<\/strong><br data-start=\"5954\" data-end=\"5957\" \/>DURAtech\u00ae pru\u017ea izdr\u017eljivost; rukavice ostaju funkcionalne kroz vi\u0161e ciklusa pranja i no\u0161enja, \u010dime se produ\u017euje njihov \u017eivotni vijek i ekonomi\u010dnost.<\/p>\n<p data-start=\"6150\" data-end=\"6362\"><strong data-start=\"6150\" data-end=\"6163\">ERGOtech\u00ae<\/strong><br data-start=\"6163\" data-end=\"6166\" \/>ERGOtech\u00ae osigurava ergonomsku formu koja prati prirodni oblik ruke, smanjuje napor mi\u0161i\u0107a i zglobova te omogu\u0107ava precizniji rad u zahtjevnijim zadacima.<\/p>\n<p data-start=\"6364\" data-end=\"6547\"><strong data-start=\"6364\" data-end=\"6377\">GRIPtech\u00ae<\/strong><br data-start=\"6377\" data-end=\"6380\" \/>GRIPtech\u00ae mikro-cup struktura pru\u017ea siguran hvat, \u010dak i na suhim povr\u0161inama; pove\u0107ava sigurnost i smanjuje rizik od klizanja.<\/p>\n<p data-start=\"6549\" data-end=\"6737\"><strong data-start=\"6549\" data-end=\"6562\">HandCare\u00ae<\/strong><br data-start=\"6562\" data-end=\"6565\" \/>HandCare\u00ae jam\u010di da su rukavice dermatolo\u0161ki testirane, oprane prije pakiranja, bez silikona i sigurni za ko\u017eu od prvog kori\u0161tenja.<\/p>\n<h2 data-start=\"6739\" data-end=\"6763\">Njega i ograni\u010denja<\/h2>\n<p data-start=\"6765\" data-end=\"7145\">Prije uporabe provjerite da rukavice nisu o\u0161te\u0107ene ili istro\u0161ene. ATG MaxiCut\u00ae Ultra&#x2122; with AD-APT\u00ae 52-3745 nisu namijenjene radu s otvorenim vatrom, vrlo agresivnim kemikalijama ili za\u0161titi od probadanja \u0161iljatim predmetima. Ako prevlaka izgubi hvat ili poka\u017ee znakove tro\u0161enja, rukavice zamijenite. \u010cuvajte ih na suhom mjestu, za\u0161ti\u0107eno od izravne sun\u010deve svjetlosti i topline.<\/p>\n<p data-start=\"7147\" data-end=\"7332\">ATG MaxiCut\u00ae Ultra&#x2122; with AD-APT\u00ae 52-3745 kombiniraju reznu za\u0161titu razreda C, hla\u0111enje, osje\u0107aj i udobnost. Izvrsan izbor za profesionalce koji zahtijevaju najbolje u suhom okru\u017eenju.<\/p>\n<p data-start=\"7334\" data-end=\"7454\">&#x1f449; Pogledajte i <a href=\"https:\/\/work-foxx.com\/hr\/kategorija-proizvoda\/zastita-ruku\/\">druge za\u0161titne rukavice u na\u0161oj ponudi<\/a> ili provjerite slu\u017ebeni opis proizvoda na <a href=\"https:\/\/www.atg-glovesolutions.com\/en\">ATG Gloves Solutions<\/a>.<\/p>\n","protected":false},"excerpt":{"rendered":"<p>Radne rukavice ATG MaxiCut Ultra AD-APT pru\u017eaju najvi\u0161u razinu za\u0161tite od posjekotina. Namijenjene su za rad u suhoj okolini.<\/p>\n","protected":false},"featured_media":33907,"comment_status":"open","ping_status":"closed","template":"","meta":{"_acf_changed":false,"inline_featured_image":false},"product_brand":[],"product_cat":[1187,936,742],"product_tag":[],"class_list":{"0":"post-34549","1":"product","2":"type-product","3":"status-publish","4":"has-post-thumbnail","6":"product_cat-atg-maxi-cut","7":"product_cat-atg-rukavice","8":"product_cat-zastita-ruku","10":"first","11":"instock","12":"taxable","13":"shipping-taxable","14":"purchasable","15":"product-type-variable"},"acf":[],"_links":{"self":[{"href":"https:\/\/work-foxx.com\/hr\/wp-json\/wp\/v2\/product\/34549","targetHints":{"allow":["GET"]}}],"collection":[{"href":"https:\/\/work-foxx.com\/hr\/wp-json\/wp\/v2\/product"}],"about":[{"href":"https:\/\/work-foxx.com\/hr\/wp-json\/wp\/v2\/types\/product"}],"replies":[{"embeddable":true,"href":"https:\/\/work-foxx.com\/hr\/wp-json\/wp\/v2\/comments?post=34549"}],"wp:featuredmedia":[{"embeddable":true,"href":"https:\/\/work-foxx.com\/hr\/wp-json\/wp\/v2\/media\/33907"}],"wp:attachment":[{"href":"https:\/\/work-foxx.com\/hr\/wp-json\/wp\/v2\/media?parent=34549"}],"wp:term":[{"taxonomy":"product_brand","embeddable":true,"href":"https:\/\/work-foxx.com\/hr\/wp-json\/wp\/v2\/product_brand?post=34549"},{"taxonomy":"product_cat","embeddable":true,"href":"https:\/\/work-foxx.com\/hr\/wp-json\/wp\/v2\/product_cat?post=34549"},{"taxonomy":"product_tag","embeddable":true,"href":"https:\/\/work-foxx.com\/hr\/wp-json\/wp\/v2\/product_tag?post=34549"}],"curies":[{"name":"wp","href":"https:\/\/api.w.org\/{rel}","templated":true}]}}