{"id":34517,"date":"2024-04-17T11:19:00","date_gmt":"2024-04-17T11:19:00","guid":{"rendered":"https:\/\/work-foxx.com\/product\/rokavice-proti-vibracijam-eurostrong-vibe\/"},"modified":"2024-04-28T08:26:12","modified_gmt":"2024-04-28T08:26:12","slug":"antivibracijske-rukavice-eurostrong-vibe","status":"publish","type":"product","link":"https:\/\/work-foxx.com\/hr\/proizvod\/antivibracijske-rukavice-eurostrong-vibe\/","title":{"rendered":"Antivibracijske rukavice EUROSTRONG VIBE"},"content":{"rendered":"<p>Antivibracijske rukavice Eurostrong Vibe izra\u0111ene su od crnog be\u0161avnog poliesterskog pletiva i imaju \u010detveroslojni premaz od lateksa na dlanu. Na pole\u0111ini, dlanu i prstima nalazimo TPR oja\u010danja koja \u0161tite dlanove od vibracija te su stoga pogodna za rad sa strojevima koji stvaraju vibracije. Antivibracijske rukavice Eurostrong Vibe posebno su razvijene za kori\u0161tenje vibriraju\u0107ih alata, udarnih \u010deki\u0107a, bu\u0161ilica, brusilica, dlijeta itd. Prikladne su za te\u0161ka rukovanja u mokrim i\/ili suhim podru\u010djima, rudarskoj industriji, industriji nafte i plina, za gra\u0111evinske radove i logistiku.<\/p>\n<p><strong>Materijal:<\/strong> Be\u0161avna poliesterska tkanina, promjer konca 7<br \/>\n<strong>Dodatna za\u0161tita:<\/strong> Lateks premaz i TPR oja\u010danja<br \/>\n<strong>Man\u017eeta:<\/strong> Pletena, elasti\u010dna<br \/>\n<strong>Boja:<\/strong> Crna, \u017euta<br \/>\n<strong>Dostupne veli\u010dine:\u00a0<\/strong>9-11<br \/>\n<strong>Posebne karakteristike:<\/strong> Za\u0161tita od vibracija, dobro prianjanje u suhom i mokrom okru\u017eenju<br \/>\n<strong>Proizvo\u0111a\u010d:<\/strong> <a href=\"https:\/\/www.coverguard-safety.com\/\">Coverguard<\/a><br \/>\n<strong>Standardi:<\/strong> EN ISO 21420, EN 388 (4243XP), EN ISO 10819 (T(M) 0,738 &#8211; T(H) 0,577)<br \/>\n<strong>Pakiranje:<\/strong> 6 pari<\/p>\n<p><strong><a href=\"https:\/\/work-foxx.com\/hr\/kategorija-proizvoda\/zastita-ruku\/tehnicke-rukavice\/antivibracijske-rukavice\/\">Antivibracijske rukavice<\/a>\u00a0posebno su dizajnirane za sprje\u010davanje ozljeda pri radu sa strojevima i strojevima koji uzrokuju vibracije tijekom rada.<\/strong>\u00a0Zbog dodatne podloge na dlanovima apsorbiraju vibracije i omogu\u0107uju nesmetan rad.<\/p>\n","protected":false},"excerpt":{"rendered":"<p>Antivibracijske rukavice Eurostrong Vibe izra\u0111ene su od be\u0161avnog poliesterskog pleti\u0432\u0430. Imaju TPR oja\u010danja na le\u0111ima, dlanu i prstima.<\/p>\n","protected":false},"featured_media":33839,"comment_status":"open","ping_status":"closed","template":"","meta":{"_acf_changed":false,"inline_featured_image":false},"product_brand":[],"product_cat":[890,875,742],"product_tag":[],"class_list":{"0":"post-34517","1":"product","2":"type-product","3":"status-publish","4":"has-post-thumbnail","6":"product_cat-antivibracijske-rukavice","7":"product_cat-specijalne-zastitne-rukavice","8":"product_cat-zastita-ruku","10":"first","11":"outofstock","12":"taxable","13":"shipping-taxable","14":"purchasable","15":"product-type-variable"},"acf":[],"_links":{"self":[{"href":"https:\/\/work-foxx.com\/hr\/wp-json\/wp\/v2\/product\/34517","targetHints":{"allow":["GET"]}}],"collection":[{"href":"https:\/\/work-foxx.com\/hr\/wp-json\/wp\/v2\/product"}],"about":[{"href":"https:\/\/work-foxx.com\/hr\/wp-json\/wp\/v2\/types\/product"}],"replies":[{"embeddable":true,"href":"https:\/\/work-foxx.com\/hr\/wp-json\/wp\/v2\/comments?post=34517"}],"wp:featuredmedia":[{"embeddable":true,"href":"https:\/\/work-foxx.com\/hr\/wp-json\/wp\/v2\/media\/33839"}],"wp:attachment":[{"href":"https:\/\/work-foxx.com\/hr\/wp-json\/wp\/v2\/media?parent=34517"}],"wp:term":[{"taxonomy":"product_brand","embeddable":true,"href":"https:\/\/work-foxx.com\/hr\/wp-json\/wp\/v2\/product_brand?post=34517"},{"taxonomy":"product_cat","embeddable":true,"href":"https:\/\/work-foxx.com\/hr\/wp-json\/wp\/v2\/product_cat?post=34517"},{"taxonomy":"product_tag","embeddable":true,"href":"https:\/\/work-foxx.com\/hr\/wp-json\/wp\/v2\/product_tag?post=34517"}],"curies":[{"name":"wp","href":"https:\/\/api.w.org\/{rel}","templated":true}]}}