{"id":34457,"date":"2024-04-17T11:19:00","date_gmt":"2024-04-17T11:19:00","guid":{"rendered":"https:\/\/work-foxx.com\/product\/rokavice-eurolite-15n500\/"},"modified":"2025-08-01T00:03:20","modified_gmt":"2025-08-01T00:03:20","slug":"rukavice-eurolite-15n500","status":"publish","type":"product","link":"https:\/\/work-foxx.com\/hr\/proizvod\/rukavice-eurolite-15n500\/","title":{"rendered":"Rukavice EUROLITE 15N500"},"content":{"rendered":"<p>Rukavice Eurolite 15N500 presvu\u010dene nitrilom imaju be\u0161avnu pletenu postavu od poliamida i elastina i elasti\u010dnu man\u0161etu. Rukavice Eurolite 15N500 imaju nitrilni premaz na dlanu koji osigurava izvrsno prianjanje u masnom okru\u017eenju. Prikladne su za sve fine radove u uljnim i masnim okru\u017eenjima, strojnu obradu, rad u prisutnosti ulja za rezanje, rukovanje limom, mehani\u010dke radove i sortiranje malih dijelova, radove odr\u017eavanja u vla\u017enim okru\u017eenjima, radove rezanja, \u0161tancanje, industrijsko odr\u017eavanje i odr\u017eavanje raditi.<\/p>\n<p><strong>Materijal:<\/strong> Poliamid, elastin<br \/>\n<strong>Premaz:<\/strong> Nitrilni premaz na dlanovima<br \/>\n<strong>Man\u017eeta:<\/strong> Poliamid, elastin<br \/>\n<strong>Boja:<\/strong> Siva<br \/>\n<strong>Dostupne veli\u010dine:<\/strong> 9-11<br \/>\n<strong>Posebnosti:<\/strong> Izvrsna udobnost, osje\u0107aj kao druga ko\u017ea, OEKO-TEX, odli\u010dno prianjanje na masna podru\u010dja<br \/>\n<strong>Proizvo\u0111a\u010d:<\/strong> <a href=\"https:\/\/www.coverguard-safety.com\/\">Coverguard<\/a><br \/>\n<strong>Standardi:<\/strong> EN420:2003 + A1:2009, EN388:2016 (4.1.3.1.X.)<br \/>\n<strong>Pakiranje:<\/strong> 10 pari<\/p>\n<p><strong><a href=\"https:\/\/work-foxx.com\/hr\/kategorija-proizvoda\/zastita-ruku\/rukavice-za-precizne-poslove\/pletene-rukavice-s-premazom\/\">Pletene rukavice<\/a>\u00a0klasificirane su kao za\u0161titne rukavice I. kategorije<\/strong>\u00a0i prikladne su za minimalne rizike. \u0160tite va\u0161e dlanove od mehani\u010dkih utjecaja, prljav\u0161tine i povr\u0161inskih o\u0161te\u0107enja kojima smo izlo\u017eeni na poslu ili kod ku\u0107e.\u00a0<strong>Pletene rukavice odlikuju se izvrsnim pristajanjem uz ruku \u0161to osigurava spretnost pri radu u suhim uvjetima.<\/strong>\u00a0Pletene rukavice karakterizira udobnost i izdr\u017eljivost. Zbog ekonomi\u010dnosti materijala koriste se za svakodnevni rad.<\/p>\n","protected":false},"excerpt":{"rendered":"<p>Rukavice s nitrilnim premazom Eurolite 15N500 imaju be\u0161avnu pletenu postavu i man\u017eetu. Nitrilni premaz osigurava izvrsno prianjanje u masnom okru\u017eenju.<\/p>\n","protected":false},"featured_media":33875,"comment_status":"open","ping_status":"closed","template":"","meta":{"_acf_changed":false,"inline_featured_image":false},"product_brand":[],"product_cat":[883,880,742],"product_tag":[],"class_list":{"0":"post-34457","1":"product","2":"type-product","3":"status-publish","4":"has-post-thumbnail","6":"product_cat-rukavice-s-premazom","7":"product_cat-rukavice-za-precizne-poslove","8":"product_cat-zastita-ruku","10":"first","11":"instock","12":"taxable","13":"shipping-taxable","14":"purchasable","15":"product-type-variable"},"acf":[],"_links":{"self":[{"href":"https:\/\/work-foxx.com\/hr\/wp-json\/wp\/v2\/product\/34457","targetHints":{"allow":["GET"]}}],"collection":[{"href":"https:\/\/work-foxx.com\/hr\/wp-json\/wp\/v2\/product"}],"about":[{"href":"https:\/\/work-foxx.com\/hr\/wp-json\/wp\/v2\/types\/product"}],"replies":[{"embeddable":true,"href":"https:\/\/work-foxx.com\/hr\/wp-json\/wp\/v2\/comments?post=34457"}],"wp:featuredmedia":[{"embeddable":true,"href":"https:\/\/work-foxx.com\/hr\/wp-json\/wp\/v2\/media\/33875"}],"wp:attachment":[{"href":"https:\/\/work-foxx.com\/hr\/wp-json\/wp\/v2\/media?parent=34457"}],"wp:term":[{"taxonomy":"product_brand","embeddable":true,"href":"https:\/\/work-foxx.com\/hr\/wp-json\/wp\/v2\/product_brand?post=34457"},{"taxonomy":"product_cat","embeddable":true,"href":"https:\/\/work-foxx.com\/hr\/wp-json\/wp\/v2\/product_cat?post=34457"},{"taxonomy":"product_tag","embeddable":true,"href":"https:\/\/work-foxx.com\/hr\/wp-json\/wp\/v2\/product_tag?post=34457"}],"curies":[{"name":"wp","href":"https:\/\/api.w.org\/{rel}","templated":true}]}}