{"id":34391,"date":"2024-04-17T11:33:00","date_gmt":"2024-04-17T11:33:00","guid":{"rendered":"https:\/\/work-foxx.com\/product\/dezni-plasc-rainet-moder\/"},"modified":"2024-11-17T00:03:31","modified_gmt":"2024-11-17T00:03:31","slug":"kisni-otrgac-rainet-plavi","status":"publish","type":"product","link":"https:\/\/work-foxx.com\/hr\/proizvod\/kisni-otrgac-rainet-plavi\/","title":{"rendered":"Ki\u0161ni ogrta\u010d RAINET, plavi"},"content":{"rendered":"<div><span class=\"jCAhz ChMk0b\" style=\"font-family: inherit;\"><span class=\"ryNqvb\">Ki\u0161ni ogrta\u010d Rainet je izra\u0111en od poliestera 200g\/m2.<\/span><\/span> <span class=\"jCAhz ChMk0b\" style=\"font-family: inherit;\"><span class=\"ryNqvb\">Oblo\u017eena je slojem PVC-a koji pru\u017ea za\u0161titu od ki\u0161e i vjetra (2000 mm).<\/span><\/span> <span class=\"jCAhz ChMk0b\" style=\"font-family: inherit;\"><span class=\"ryNqvb\">\u0160avovi su zavareni i vodootporni.<\/span><\/span> <span class=\"jCAhz ChMk0b\" style=\"font-family: inherit;\"><span class=\"ryNqvb\">Zatvara se patentnim zatvara\u010dem i preklopom s gumbima.<\/span><\/span> <span class=\"jCAhz ChMk0b\" style=\"font-family: inherit;\"><span class=\"ryNqvb\">Kapulja\u010da je fiksna i skrivena u ovratniku.<\/span><\/span> <span class=\"jCAhz ChMk0b\" style=\"font-family: inherit;\"><span class=\"ryNqvb\">Na krajevima rukava integrirana je elasti\u010dna man\u0161eta za bolje pristajanje.<\/span><\/span> <span class=\"jCAhz ChMk0b\" style=\"font-family: inherit;\"><span class=\"ryNqvb\">Dva vanjska d\u017eepa osiguravaju ve\u0107u funkcionalnost.<\/span><\/span> <span class=\"jCAhz ChMk0b\" style=\"font-family: inherit;\"><span class=\"ryNqvb\">Dvije reflektiraju\u0107e trake \u0161irine 5 cm osiguravaju ve\u0107u vidljivost.<\/span><\/span><span style=\"font-family: inherit;\"> Ki\u0161ni ogrta\u010d <\/span><span class=\"jCAhz ChMk0b\" style=\"font-family: inherit;\"><span class=\"ryNqvb\">Rainet ima klasi\u010dan kroj koji pristaje svima.<\/span><\/span><\/div>\n<p><strong>Kroj:<\/strong>\u00a0Regular fit<br \/>\n<strong>Material:<\/strong> 100% poliester s PVC slojem, 200g\/m2<\/p>\n<p><strong>Veli\u010dine:<\/strong> S &#8211; 3XL<br \/>\n<strong>Boja:<\/strong> Plava<br \/>\n<strong>Spol:<\/strong>\u00a0Unisex<br \/>\n<strong>Proizvo\u0111a\u010d:<\/strong> <a href=\"http:\/\/www.coverguard-safety.com\">Coverguard<\/a><br \/>\n<strong>Standard:<\/strong> EN17353:2020<\/p>\n<h5>Opis standarda<\/h5>\n<p>Norma EN 17353 specificira zahtjeve za opremu za pobolj\u0161anu vidljivost u obliku odje\u0107e ili ure\u0111aja koji mogu signalizirati prisutnost korisnika. Oprema za pobolj\u0161anu vidljivost namijenjena je pru\u017eanju bolje vidljivosti korisniku u situacijama srednjeg rizika u svim uvjetima dnevnog svjetla i\/ili kada je osvijetljen prednjim svjetlima vozila ili reflektorima u mraku.<\/p>\n<p>Standard zamjenjuje dva odvojena standarda:<\/p>\n<ul>\n<li>EN 1150:1999 &#8211; &#8220;Za\u0161titna odje\u0107a. Vidljiva odje\u0107a za neprofesionalnu upotrebu. Metode ispitivanja i zahtjevi&#8217;;<\/li>\n<li>EN 13356:2001 &#8211; &#8216;Pribor za vidljivost za neprofesionalnu uporabu. Metode ispitivanja i zahtjevi&#8217;.<\/li>\n<\/ul>\n<p>EN 17353 kombinira elemente svake od povu\u010denih normi. Svi proizvodi koji zadovoljavaju zahtjeve standarda vi\u0161e se ne uzimaju u obzir za uporabu. Umjesto toga, njihova prikladnost u pru\u017eanju za\u0161tite u situacijama srednjeg rizika definirana je pobolj\u0161anom vidljivo\u0161\u0107u.<\/p>\n","protected":false},"excerpt":{"rendered":"<p>Ki\u0161ni ogrta\u010d Rainet izra\u0111en je od poliestera i presvu\u010den PVC slojem koji pru\u017ea za\u0161titu od ki\u0161e i vjetra. Ogrta\u010d ima kapulja\u010du i reflektiraju\u0107e trake.<\/p>\n","protected":false},"featured_media":33815,"comment_status":"open","ping_status":"closed","template":"","meta":{"_acf_changed":false,"inline_featured_image":false},"product_brand":[],"product_cat":[2375,2383,784],"product_tag":[],"class_list":{"0":"post-34391","1":"product","2":"type-product","3":"status-publish","4":"has-post-thumbnail","6":"product_cat-kisna-odjaca","7":"product_cat-kisne-kabanice","8":"product_cat-odjeca","10":"first","11":"outofstock","12":"taxable","13":"shipping-taxable","14":"purchasable","15":"product-type-variable"},"acf":[],"_links":{"self":[{"href":"https:\/\/work-foxx.com\/hr\/wp-json\/wp\/v2\/product\/34391","targetHints":{"allow":["GET"]}}],"collection":[{"href":"https:\/\/work-foxx.com\/hr\/wp-json\/wp\/v2\/product"}],"about":[{"href":"https:\/\/work-foxx.com\/hr\/wp-json\/wp\/v2\/types\/product"}],"replies":[{"embeddable":true,"href":"https:\/\/work-foxx.com\/hr\/wp-json\/wp\/v2\/comments?post=34391"}],"wp:featuredmedia":[{"embeddable":true,"href":"https:\/\/work-foxx.com\/hr\/wp-json\/wp\/v2\/media\/33815"}],"wp:attachment":[{"href":"https:\/\/work-foxx.com\/hr\/wp-json\/wp\/v2\/media?parent=34391"}],"wp:term":[{"taxonomy":"product_brand","embeddable":true,"href":"https:\/\/work-foxx.com\/hr\/wp-json\/wp\/v2\/product_brand?post=34391"},{"taxonomy":"product_cat","embeddable":true,"href":"https:\/\/work-foxx.com\/hr\/wp-json\/wp\/v2\/product_cat?post=34391"},{"taxonomy":"product_tag","embeddable":true,"href":"https:\/\/work-foxx.com\/hr\/wp-json\/wp\/v2\/product_tag?post=34391"}],"curies":[{"name":"wp","href":"https:\/\/api.w.org\/{rel}","templated":true}]}}