{"id":34285,"date":"2024-04-17T11:35:00","date_gmt":"2024-04-17T11:35:00","guid":{"rendered":"https:\/\/work-foxx.com\/product\/majica-s-kratkimi-rokavi-olib-moska-kraljevo-modra\/"},"modified":"2025-08-01T00:03:13","modified_gmt":"2025-08-01T00:03:13","slug":"majica-kratkih-rukava-olib-muska-kraljevsko-plava","status":"publish","type":"product","link":"https:\/\/work-foxx.com\/hr\/proizvod\/majica-kratkih-rukava-olib-muska-kraljevsko-plava\/","title":{"rendered":"Majica kratkih rukava OLIB, mu\u0161ka, kraljevsko plava"},"content":{"rendered":"<p>Majica kratkih rukava Olib izra\u0111ena je od 100% pamuka. Dvostruki \u0161avovi na ovratniku, rukavima i rubu pru\u017eaju dodatnu izdr\u017eljivost. Ovratnik je rebrast s dodatkom elastina. Odlikuje se iznimnom meko\u0107om i prozra\u010dno\u0161\u0107u. Majica kratkih rukava Olib prikladna je za posao, slobodno vrijeme ili u promotivne svrhe.<\/p>\n<p><strong>Material:<\/strong> 100% pamuk, 150 g\/m2 (85% pamuk \/ 15% viskoza)<br \/>\n<strong>Ovratnik:<\/strong> Rebrasti s dodatkom elastina<br \/>\n<strong>Boja:<\/strong> Kraljevsko plava<br \/>\n<strong>Spol:<\/strong> Mu\u0161ki<br \/>\n<strong>Veli\u010dine:<\/strong> S\u20133XL<br \/>\n<strong>Proizvo\u0111a\u010d:<\/strong> <a href=\"https:\/\/www.lacuna.hr\/\">Lacuna<\/a><\/p>\n<p><i>Sezonsku odje\u0107u mogu\u0107e je personalizirati strojnim vezom ili tiskom. Vi\u0161e o personalizaciji mo\u017eete pro\u010ditati na stranici &#8220;<\/i><a href=\"https:\/\/work-foxx.com\/hr\/personalizacija-radne-odjece\/\"><i>Personalizacija radne odje\u0107e<\/i><\/a><i>&#8221; na dnu stranice.<\/i><\/p>\n","protected":false},"excerpt":{"rendered":"<p>Majica kratkih rukava Olib izra\u0111ena je od 100% pamuka. Krasi je meko\u0107a i prozra\u010dnost. Prikladna je za posao, slobodno vrijeme ili u promotivne svrhe.<\/p>\n","protected":false},"featured_media":33795,"comment_status":"open","ping_status":"closed","template":"","meta":{"_acf_changed":false,"inline_featured_image":false},"product_brand":[],"product_cat":[794,675,804],"product_tag":[],"class_list":{"0":"post-34285","1":"product","2":"type-product","3":"status-publish","4":"has-post-thumbnail","6":"product_cat-majice","7":"product_cat-sezonska-odjeca","8":"product_cat-t-shirt-majice-kratkih-rukava","10":"first","11":"instock","12":"taxable","13":"shipping-taxable","14":"purchasable","15":"product-type-variable"},"acf":[],"_links":{"self":[{"href":"https:\/\/work-foxx.com\/hr\/wp-json\/wp\/v2\/product\/34285","targetHints":{"allow":["GET"]}}],"collection":[{"href":"https:\/\/work-foxx.com\/hr\/wp-json\/wp\/v2\/product"}],"about":[{"href":"https:\/\/work-foxx.com\/hr\/wp-json\/wp\/v2\/types\/product"}],"replies":[{"embeddable":true,"href":"https:\/\/work-foxx.com\/hr\/wp-json\/wp\/v2\/comments?post=34285"}],"wp:featuredmedia":[{"embeddable":true,"href":"https:\/\/work-foxx.com\/hr\/wp-json\/wp\/v2\/media\/33795"}],"wp:attachment":[{"href":"https:\/\/work-foxx.com\/hr\/wp-json\/wp\/v2\/media?parent=34285"}],"wp:term":[{"taxonomy":"product_brand","embeddable":true,"href":"https:\/\/work-foxx.com\/hr\/wp-json\/wp\/v2\/product_brand?post=34285"},{"taxonomy":"product_cat","embeddable":true,"href":"https:\/\/work-foxx.com\/hr\/wp-json\/wp\/v2\/product_cat?post=34285"},{"taxonomy":"product_tag","embeddable":true,"href":"https:\/\/work-foxx.com\/hr\/wp-json\/wp\/v2\/product_tag?post=34285"}],"curies":[{"name":"wp","href":"https:\/\/api.w.org\/{rel}","templated":true}]}}