{"id":34250,"date":"2024-04-17T14:06:00","date_gmt":"2024-04-17T14:06:00","guid":{"rendered":"https:\/\/work-foxx.com\/product\/jermen-z-absorberjem-energije-in-zaponkama\/"},"modified":"2024-04-24T17:06:04","modified_gmt":"2024-04-24T17:06:04","slug":"traka-sa-sistemom-za-amortizaciju-pada-1-8-m","status":"publish","type":"product","link":"https:\/\/work-foxx.com\/hr\/proizvod\/traka-sa-sistemom-za-amortizaciju-pada-1-8-m\/","title":{"rendered":"Traka sa sistemom za amortizaciju pada 1,8 m"},"content":{"rendered":"<p>Traka sa sistemom za amortizaciju pada sa kop\u010dama, du\u017eine: 1,8 m, \u0161irine: 30 mm proizvo\u0111a\u010da Kratos Safety.<\/p>\n<p><strong>Materijal:<\/strong> <em>traka:<\/em> poliester, <em>absorber:<\/em> poliamid i poliester, <em>spone:<\/em> \u010delik<br \/>\n<strong>Sadr\u017ei spone:<\/strong> FA50 207 55 i FA50 101 17<br \/>\n<strong>Te\u017eina artikla:<\/strong> 0,87 kg<br \/>\n<strong>Standard:<\/strong> EN355:2002<\/p>\n<p><a href=\"https:\/\/kratossafety.com\/en\/\">Kratos Safety<\/a>\u00a0nudi kompletan asortiman\u00a0<a href=\"https:\/\/work-foxx.com\/hr\/kategorija-proizvoda\/siguran-rad\/siguran-rad-na-visini\/\">opreme za rad na visini<\/a>\u00a0i sprje\u010davanje pada. Za\u0161titna oprema za rad na visini iznimno je va\u017ena jer za\u0161tita od pada, koji je drugi naj\u010de\u0161\u0107i uzrok nesre\u0107a sa smrtnim ishodom, spada u osobnu za\u0161titnu opremu kategorije III \u2013 smrtna opasnost.<\/p>\n<p><strong>U skladu s odredbama Uredbe (EU) 2016\/425 o osobnoj za\u0161titnoj opremi, oprema za rad na visini podlije\u017ee periodi\u010dnom pregledu, godinu dana od po\u010detka uporabe.<\/strong><\/p>\n<p>Ako proizvod koji vam je potreban nije na zalihi ili ne mo\u017eete prona\u0107i \u017eeljeni proizvod u na\u0161oj internetskoj trgovini, pozivamo vas da nam po\u0161aljete upit putem\u00a0<a href=\"https:\/\/work-foxx.com\/hr\/pomoc-i-kontakt\/\">kontakt obrasca<\/a>\u00a0ili na\u00a0<strong><a href=\"mailto:info@work-foxx.com\">info@work-foxx.com<\/a>.<\/strong>\u00a0S na\u0161om partnerskom mre\u017eom poku\u0161at \u0107emo vam pru\u017eiti \u017eeljene proizvode ili skratiti vrijeme isporuke.<\/p>\n","protected":false},"excerpt":{"rendered":"<p>Traka sa sistemom za amortizaciju pada sa kop\u010dama, du\u017eine: 1,8 m, \u0161irine: 30 mm proizvo\u0111a\u010da Kratos Safety.<\/p>\n","protected":false},"featured_media":33731,"comment_status":"open","ping_status":"closed","template":"","meta":{"_acf_changed":false,"inline_featured_image":false},"product_brand":[],"product_cat":[2355,816,2351],"product_tag":[],"class_list":{"0":"post-34250","1":"product","2":"type-product","3":"status-publish","4":"has-post-thumbnail","6":"product_cat-jednokraka-uzad","7":"product_cat-rad-na-visini","8":"product_cat-uzad-s-apsorberom-energije","10":"first","11":"instock","12":"taxable","13":"shipping-taxable","14":"purchasable","15":"product-type-simple"},"acf":[],"_links":{"self":[{"href":"https:\/\/work-foxx.com\/hr\/wp-json\/wp\/v2\/product\/34250","targetHints":{"allow":["GET"]}}],"collection":[{"href":"https:\/\/work-foxx.com\/hr\/wp-json\/wp\/v2\/product"}],"about":[{"href":"https:\/\/work-foxx.com\/hr\/wp-json\/wp\/v2\/types\/product"}],"replies":[{"embeddable":true,"href":"https:\/\/work-foxx.com\/hr\/wp-json\/wp\/v2\/comments?post=34250"}],"wp:featuredmedia":[{"embeddable":true,"href":"https:\/\/work-foxx.com\/hr\/wp-json\/wp\/v2\/media\/33731"}],"wp:attachment":[{"href":"https:\/\/work-foxx.com\/hr\/wp-json\/wp\/v2\/media?parent=34250"}],"wp:term":[{"taxonomy":"product_brand","embeddable":true,"href":"https:\/\/work-foxx.com\/hr\/wp-json\/wp\/v2\/product_brand?post=34250"},{"taxonomy":"product_cat","embeddable":true,"href":"https:\/\/work-foxx.com\/hr\/wp-json\/wp\/v2\/product_cat?post=34250"},{"taxonomy":"product_tag","embeddable":true,"href":"https:\/\/work-foxx.com\/hr\/wp-json\/wp\/v2\/product_tag?post=34250"}],"curies":[{"name":"wp","href":"https:\/\/api.w.org\/{rel}","templated":true}]}}