{"id":34235,"date":"2024-04-17T14:12:00","date_gmt":"2024-04-17T14:12:00","guid":{"rendered":"https:\/\/work-foxx.com\/product\/filter-abek2hgnocop3-r\/"},"modified":"2024-04-24T15:57:26","modified_gmt":"2024-04-24T15:57:26","slug":"filter-abek2hgnocop3-r","status":"publish","type":"product","link":"https:\/\/work-foxx.com\/hr\/proizvod\/filter-abek2hgnocop3-r\/","title":{"rendered":"Filter ABEK2HgNOCOP3 R"},"content":{"rendered":"<p>Filter ABEK2HgNOCOP3 R (serija 400) karakterizira visoka u\u010dinkovitost, jednostavnost kori\u0161tenja i visoka za\u0161tita. Detaljan opis razine za\u0161tite mo\u017eete prona\u0107i u informacijama o proizvodu. Filter ABEK2HgNOCOP3 R kompatibilan je s <a href=\"https:\/\/www.blsgroup.com\/en\/\">BLS<\/a> maskama i polumaskama navedenim pod odre\u0111enim proizvodom.<\/p>\n<p><strong>Zna\u010dajke:<\/strong> Filtri serije 400 karakteriziraju visoka u\u010dinkovitost, jednostavnost kori\u0161tenja i visoka za\u0161tita<br \/>\n<strong>Razina za\u0161tite:<\/strong> ABEK2HgNOCOP3 R<br \/>\n<strong>Tip navoja:<\/strong> Univerzalni EN148 &#8211; za upotrebu sa maskama i polumaskama SGE46, BL5150, BLS5400, BLS5400C, BLS maske serije 3000 (3150, 3400, 3150V)<br \/>\n<strong>Te\u017eina:<\/strong> 470 grama<br \/>\n<strong>Ku\u0107i\u0161te:<\/strong> ABS akronitril butadien stiren<\/p>\n<p><b>Obja\u0161njenje razina za\u0161tite:<\/b><\/p>\n<ul>\n<li aria-level=\"1\">A = organski plinovi i pare<\/li>\n<li aria-level=\"1\">AX = organski plinovi i pare (temperatura vrenja &lt;65 \u00b0C)<\/li>\n<li aria-level=\"1\">B = anorganski plinovi i pare<\/li>\n<li aria-level=\"1\">E = kiseli plinovi i pare<\/li>\n<li aria-level=\"1\">K = amonijak i derivati<\/li>\n<li aria-level=\"1\">P = \u010destice pra\u0161ine<\/li>\n<li aria-level=\"1\">R = za vi\u0161ekratnu upotrebu<\/li>\n<li aria-level=\"1\">Hg = \u017eivina para<\/li>\n<\/ul>\n<p><strong>Standard:<\/strong>\u00a0EN 143:2000\/A1:2006, EN 14387:2004 + A1:2008<br \/>\n<strong>Minimalna koli\u010dina narud\u017ebe:<\/strong> 18 kom<\/p>\n<p>Ako proizvod koji vam je potreban nije na zalihi ili ne mo\u017eete prona\u0107i \u017eeljeni proizvod u na\u0161oj internetskoj trgovini, pozivamo vas da nam po\u0161aljete upit na\u00a0<a href=\"mailto:info@work-foxx.com\"><strong>info@work-foxx.com<\/strong><\/a>\u00a0ili putem\u00a0<a href=\"https:\/\/work-foxx.com\/hr\/pomoc-i-kontakt\/\">kontakt obrasca<\/a>. S na\u0161om partnerskom mre\u017eom poku\u0161at \u0107emo vam pru\u017eiti \u017eeljene proizvode ili skratiti vrijeme isporuke.<\/p>\n","protected":false},"excerpt":{"rendered":"<p>Filter ABEK2HgNOCOP3 R karakterizira visoka u\u010dinkovitost, jednostavnost kori\u0161tenja i visoka za\u0161tita. Kompatibilan je s maskama marke BLS.<\/p>\n","protected":false},"featured_media":33723,"comment_status":"open","ping_status":"closed","template":"","meta":{"_acf_changed":false,"inline_featured_image":false},"product_brand":[],"product_cat":[986,982,958],"product_tag":[],"class_list":{"0":"post-34235","1":"product","2":"type-product","3":"status-publish","4":"has-post-thumbnail","6":"product_cat-filtri","7":"product_cat-zastita-disnih-puteva","8":"product_cat-zastita-glave","10":"first","11":"instock","12":"taxable","13":"shipping-taxable","14":"purchasable","15":"product-type-simple"},"acf":[],"_links":{"self":[{"href":"https:\/\/work-foxx.com\/hr\/wp-json\/wp\/v2\/product\/34235","targetHints":{"allow":["GET"]}}],"collection":[{"href":"https:\/\/work-foxx.com\/hr\/wp-json\/wp\/v2\/product"}],"about":[{"href":"https:\/\/work-foxx.com\/hr\/wp-json\/wp\/v2\/types\/product"}],"replies":[{"embeddable":true,"href":"https:\/\/work-foxx.com\/hr\/wp-json\/wp\/v2\/comments?post=34235"}],"wp:featuredmedia":[{"embeddable":true,"href":"https:\/\/work-foxx.com\/hr\/wp-json\/wp\/v2\/media\/33723"}],"wp:attachment":[{"href":"https:\/\/work-foxx.com\/hr\/wp-json\/wp\/v2\/media?parent=34235"}],"wp:term":[{"taxonomy":"product_brand","embeddable":true,"href":"https:\/\/work-foxx.com\/hr\/wp-json\/wp\/v2\/product_brand?post=34235"},{"taxonomy":"product_cat","embeddable":true,"href":"https:\/\/work-foxx.com\/hr\/wp-json\/wp\/v2\/product_cat?post=34235"},{"taxonomy":"product_tag","embeddable":true,"href":"https:\/\/work-foxx.com\/hr\/wp-json\/wp\/v2\/product_tag?post=34235"}],"curies":[{"name":"wp","href":"https:\/\/api.w.org\/{rel}","templated":true}]}}