{"id":34227,"date":"2024-04-17T14:15:00","date_gmt":"2024-04-17T14:15:00","guid":{"rendered":"https:\/\/work-foxx.com\/product\/zascitna-ocala-tiger-first-temna\/"},"modified":"2024-04-24T08:28:29","modified_gmt":"2024-04-24T08:28:29","slug":"zastitne-naocale-tiger-first-tamne","status":"publish","type":"product","link":"https:\/\/work-foxx.com\/hr\/proizvod\/zastitne-naocale-tiger-first-tamne\/","title":{"rendered":"Za\u0161titne nao\u010dale TIGER FIRST, tamne"},"content":{"rendered":"<p>Za\u0161titne nao\u010dale Tiger First imaju tamne polikarbonatne le\u0107e s oznakom 5 &#8211; 3,1 FT. Za\u0161titne nao\u010dale Tiger First \u0161tite korisnika od UV zraka, imaju dodatnu za\u0161titu od ogrebotina i podesive jastu\u010di\u0107e za nos. Nao\u010dale su pogodne za rad u te\u0161koj i procesnoj industriji, lakoj industriji, odr\u017eavanju, gra\u0111evinarstvu, transportu, logistici itd. Zbog svoje iznimno male te\u017eine (17g) pogodni su za dugotrajnu upotrebu.<\/p>\n<p><strong>Boja le\u0107e:<\/strong> Tamna<br \/>\n<strong>Boja okvira:<\/strong> Crna<br \/>\n<strong>Zna\u010dajke:<\/strong> Izuzetno lagane (17g), UV za\u0161tita, za\u0161tita od ogrebotina<br \/>\n<strong>Oznaka le\u0107e:<\/strong> 5 &#8211; 3,1 FT<br \/>\n<strong>Oznaka okvira:<\/strong> FT<br \/>\n<strong>Proizvo\u0111a\u010d: <\/strong><a href=\"http:\/\/www.coverguard-safety.com\/\">Coverguard<\/a><br \/>\n<strong>Standard:<\/strong> EN166:2001, EN 172:1994 +A1:2000+A2:2001.<\/p>\n<h5>Opis standarda<\/h5>\n<p><b>EN 166<\/b>\u00a0&#8211; Za\u0161tita o\u010diju<\/p>\n<p><b>EN 172<\/b>\u00a0&#8211; Za\u0161tita o\u010diju &#8211; Filtar za za\u0161titu od sunca za industrijsku uporabu<\/p>\n<p>Ako proizvod koji vam je potreban nije na zalihi ili ne mo\u017eete prona\u0107i \u017eeljeni proizvod u na\u0161oj internetskoj trgovini, pozivamo vas da nam po\u0161aljete upit na\u00a0<a href=\"mailto:info@work-foxx.com\"><b>info@work-foxx.com<\/b><\/a>\u00a0ili putem<a href=\"https:\/\/work-foxx.com\/hr\/pomoc-i-kontakt\/\">\u00a0kontakt obrasca<\/a>. S na\u0161om partnerskom mre\u017eom poku\u0161at \u0107emo vam pru\u017eiti \u017eeljene proizvode ili skratiti vrijeme isporuke.<\/p>\n","protected":false},"excerpt":{"rendered":"<p>Za\u0161titne nao\u010dale Tiger First imaju tamne polikarbonatne le\u0107e s oznakom 5 &#8211; 3,1 FT. \u0160tite korisnika od UV zraka i imaju dodatnu za\u0161titu od ogrebotina.<\/p>\n","protected":false},"featured_media":33571,"comment_status":"open","ping_status":"closed","template":"","meta":{"_acf_changed":false,"inline_featured_image":false},"product_brand":[],"product_cat":[958,969,970],"product_tag":[],"class_list":{"0":"post-34227","1":"product","2":"type-product","3":"status-publish","4":"has-post-thumbnail","6":"product_cat-zastita-glave","7":"product_cat-zastita-ociju","8":"product_cat-zastitne-naocale","10":"first","11":"outofstock","12":"taxable","13":"shipping-taxable","14":"purchasable","15":"product-type-simple"},"acf":[],"_links":{"self":[{"href":"https:\/\/work-foxx.com\/hr\/wp-json\/wp\/v2\/product\/34227","targetHints":{"allow":["GET"]}}],"collection":[{"href":"https:\/\/work-foxx.com\/hr\/wp-json\/wp\/v2\/product"}],"about":[{"href":"https:\/\/work-foxx.com\/hr\/wp-json\/wp\/v2\/types\/product"}],"replies":[{"embeddable":true,"href":"https:\/\/work-foxx.com\/hr\/wp-json\/wp\/v2\/comments?post=34227"}],"wp:featuredmedia":[{"embeddable":true,"href":"https:\/\/work-foxx.com\/hr\/wp-json\/wp\/v2\/media\/33571"}],"wp:attachment":[{"href":"https:\/\/work-foxx.com\/hr\/wp-json\/wp\/v2\/media?parent=34227"}],"wp:term":[{"taxonomy":"product_brand","embeddable":true,"href":"https:\/\/work-foxx.com\/hr\/wp-json\/wp\/v2\/product_brand?post=34227"},{"taxonomy":"product_cat","embeddable":true,"href":"https:\/\/work-foxx.com\/hr\/wp-json\/wp\/v2\/product_cat?post=34227"},{"taxonomy":"product_tag","embeddable":true,"href":"https:\/\/work-foxx.com\/hr\/wp-json\/wp\/v2\/product_tag?post=34227"}],"curies":[{"name":"wp","href":"https:\/\/api.w.org\/{rel}","templated":true}]}}