{"id":34219,"date":"2024-04-17T14:15:00","date_gmt":"2024-04-17T14:15:00","guid":{"rendered":"https:\/\/work-foxx.com\/product\/zascitna-ocala-5x8-03-11-00-prozorna\/"},"modified":"2024-04-24T08:23:07","modified_gmt":"2024-04-24T08:23:07","slug":"zastitne-naocale-5x8-03-11-00-prozirne","status":"publish","type":"product","link":"https:\/\/work-foxx.com\/hr\/proizvod\/zastitne-naocale-5x8-03-11-00-prozirne\/","title":{"rendered":"Za\u0161titne nao\u010dale 5X8.03.11.00, prozirne"},"content":{"rendered":"<p>Za\u0161titne nao\u010dale 5X8.03.11.00 imaju prozirne le\u0107e s oznakom 2C-1.2 U 1 FT K N CE. Nao\u010dale \u0161tite korisnika od UV zraka, sprje\u010davaju magljenje i imaju dodatnu za\u0161titu od ogrebotina. Model 5X8 predstavlja su\u0161tinu sigurnosnih nao\u010dala. Inovativna SoftPad tehnologija kombinira izvrsnu pokrivenost podru\u010dja oko o\u010diju i pode\u0161avanje kuta jastu\u010di\u0107a za nos za iznimnu udobnost i stabilnost. Za\u0161titne nao\u010dale 5X8.03.11.00 zadovoljavaju potrebe za\u0161tite u nekoliko radnih okru\u017eenja.<\/p>\n<p><strong>Boja le\u0107e:<\/strong> Prozirna<br \/>\n<strong>Boja okvira:<\/strong> Crna\/zelena<br \/>\n<strong>Zna\u010dajke:<\/strong> Za\u0161tita od magljenja, UV, za\u0161tita od ogrebotina<br \/>\n<strong>Oznaka le\u0107e:<\/strong> 2C-1.2 U 1 FT K N CE<br \/>\n<strong>Oznaka okvira:<\/strong> FT<br \/>\n<strong>Proizvo\u0111a\u010d:<\/strong> <a href=\"https:\/\/www.univet.it\/\">Univet<\/a><br \/>\n<strong>Standard:<\/strong> EN166, EN170<\/p>\n<h5>Opis standarda<\/h5>\n<p><b>EN 166<\/b>\u00a0&#8211; Za\u0161tita o\u010diju<\/p>\n<p><b>EN 170<\/b>\u00a0&#8211; Za\u0161tita o\u010diju \u2014 Ultraljubi\u010dasti filtri<\/p>\n<p>Ako proizvod koji vam je potreban nije na zalihi ili ne mo\u017eete prona\u0107i \u017eeljeni proizvod u na\u0161oj internetskoj trgovini, pozivamo vas da nam po\u0161aljete upit na\u00a0<a href=\"mailto:info@work-foxx.com\"><b>info@work-foxx.com<\/b><\/a>\u00a0ili putem<a href=\"https:\/\/work-foxx.com\/hr\/pomoc-i-kontakt\/\">\u00a0kontakt obrasca<\/a>. S na\u0161om partnerskom mre\u017eom poku\u0161at \u0107emo vam pru\u017eiti \u017eeljene proizvode ili skratiti vrijeme isporuke.<\/p>\n","protected":false},"excerpt":{"rendered":"<p>Za\u0161titne nao\u010dale 5X8.03.11.00 imaju prozirne le\u0107e s oznakom 2C-1.2 U 1 FT K N CE. \u0160tite korisnika od UV zraka i sprje\u010davaju magljenje.<\/p>\n","protected":false},"featured_media":33587,"comment_status":"open","ping_status":"closed","template":"","meta":{"_acf_changed":false,"inline_featured_image":false},"product_brand":[],"product_cat":[958,969,970],"product_tag":[],"class_list":{"0":"post-34219","1":"product","2":"type-product","3":"status-publish","4":"has-post-thumbnail","6":"product_cat-zastita-glave","7":"product_cat-zastita-ociju","8":"product_cat-zastitne-naocale","10":"first","11":"instock","12":"taxable","13":"shipping-taxable","14":"purchasable","15":"product-type-simple"},"acf":[],"_links":{"self":[{"href":"https:\/\/work-foxx.com\/hr\/wp-json\/wp\/v2\/product\/34219","targetHints":{"allow":["GET"]}}],"collection":[{"href":"https:\/\/work-foxx.com\/hr\/wp-json\/wp\/v2\/product"}],"about":[{"href":"https:\/\/work-foxx.com\/hr\/wp-json\/wp\/v2\/types\/product"}],"replies":[{"embeddable":true,"href":"https:\/\/work-foxx.com\/hr\/wp-json\/wp\/v2\/comments?post=34219"}],"wp:featuredmedia":[{"embeddable":true,"href":"https:\/\/work-foxx.com\/hr\/wp-json\/wp\/v2\/media\/33587"}],"wp:attachment":[{"href":"https:\/\/work-foxx.com\/hr\/wp-json\/wp\/v2\/media?parent=34219"}],"wp:term":[{"taxonomy":"product_brand","embeddable":true,"href":"https:\/\/work-foxx.com\/hr\/wp-json\/wp\/v2\/product_brand?post=34219"},{"taxonomy":"product_cat","embeddable":true,"href":"https:\/\/work-foxx.com\/hr\/wp-json\/wp\/v2\/product_cat?post=34219"},{"taxonomy":"product_tag","embeddable":true,"href":"https:\/\/work-foxx.com\/hr\/wp-json\/wp\/v2\/product_tag?post=34219"}],"curies":[{"name":"wp","href":"https:\/\/api.w.org\/{rel}","templated":true}]}}