{"id":34205,"date":"2024-04-17T14:15:00","date_gmt":"2024-04-17T14:15:00","guid":{"rendered":"https:\/\/work-foxx.com\/product\/glusniki-za-pritrditev-na-celado-max300\/"},"modified":"2024-04-24T07:46:03","modified_gmt":"2024-04-24T07:46:03","slug":"antifon-za-ugradnju-na-kacigu-max300","status":"publish","type":"product","link":"https:\/\/work-foxx.com\/hr\/proizvod\/antifon-za-ugradnju-na-kacigu-max300\/","title":{"rendered":"Antifon za ugradnju na kacigu MAX300"},"content":{"rendered":"<p>Antifon za ugradnju na kacigu MAX300 pru\u017ea visoku razinu za\u0161tite sluha. Izra\u0111en je od laganog ABS materijala u crno-\u017eutoj kombinaciji. Mekani i udobni PVC jastu\u010di\u0107i od imitacije ko\u017ee pru\u017eaju ve\u0107u udobnost tijekom dugotrajnog kori\u0161tenja. Kompatibilan je sa svim za\u0161titnim kacigama brenda Coverguard.<\/p>\n<p><strong>Materijal:<\/strong> ABS \u0161koljka, PVC jastu\u010di\u0107i, imitacija ko\u017ee<br \/>\n<strong>Zna\u010dajke:<\/strong> Anatomski oblik, pojedina\u010dno pakiranje<br \/>\n<strong>SNR:<\/strong> 30 dB<br \/>\n<strong>Te\u017eina:<\/strong> 301 g<br \/>\n<strong>Proizvo\u0111a\u010d:<\/strong> <a href=\"https:\/\/www.coverguard-safety.com\/\">Coverguard<\/a><br \/>\n<strong>Norma:<\/strong> EN352-1:2002, EN352-3:2002<\/p>\n<p>Ako proizvod koji vam je potreban nije na zalihi ili ne mo\u017eete prona\u0107i \u017eeljeni proizvod u na\u0161oj internetskoj trgovini, pozivamo vas da nam po\u0161aljete upit na\u00a0<a href=\"mailto:info@work-foxx.com\"><b>info@work-foxx.com<\/b><\/a>\u00a0ili putem<a href=\"https:\/\/work-foxx.com\/hr\/pomoc-i-kontakt\/\">\u00a0kontakt obrasca<\/a>. S na\u0161om partnerskom mre\u017eom poku\u0161at \u0107emo vam pru\u017eiti \u017eeljene proizvode ili skratiti vrijeme isporuke.<\/p>\n","protected":false},"excerpt":{"rendered":"<p>Antifon za ugradnju na kacigu MAX300 pru\u017ea visoku razinu za\u0161tite sluha. Izra\u0111en je od laganog ABS materijala u crno-\u017eutoj kombinaciji.<\/p>\n","protected":false},"featured_media":33615,"comment_status":"open","ping_status":"closed","template":"","meta":{"_acf_changed":false,"inline_featured_image":false},"product_brand":[],"product_cat":[1202,958,1197],"product_tag":[],"class_list":{"0":"post-34205","1":"product","2":"type-product","3":"status-publish","4":"has-post-thumbnail","6":"product_cat-antifoni","7":"product_cat-zastita-glave","8":"product_cat-zastita-sluha","10":"first","11":"instock","12":"taxable","13":"shipping-taxable","14":"purchasable","15":"product-type-simple"},"acf":[],"_links":{"self":[{"href":"https:\/\/work-foxx.com\/hr\/wp-json\/wp\/v2\/product\/34205","targetHints":{"allow":["GET"]}}],"collection":[{"href":"https:\/\/work-foxx.com\/hr\/wp-json\/wp\/v2\/product"}],"about":[{"href":"https:\/\/work-foxx.com\/hr\/wp-json\/wp\/v2\/types\/product"}],"replies":[{"embeddable":true,"href":"https:\/\/work-foxx.com\/hr\/wp-json\/wp\/v2\/comments?post=34205"}],"wp:featuredmedia":[{"embeddable":true,"href":"https:\/\/work-foxx.com\/hr\/wp-json\/wp\/v2\/media\/33615"}],"wp:attachment":[{"href":"https:\/\/work-foxx.com\/hr\/wp-json\/wp\/v2\/media?parent=34205"}],"wp:term":[{"taxonomy":"product_brand","embeddable":true,"href":"https:\/\/work-foxx.com\/hr\/wp-json\/wp\/v2\/product_brand?post=34205"},{"taxonomy":"product_cat","embeddable":true,"href":"https:\/\/work-foxx.com\/hr\/wp-json\/wp\/v2\/product_cat?post=34205"},{"taxonomy":"product_tag","embeddable":true,"href":"https:\/\/work-foxx.com\/hr\/wp-json\/wp\/v2\/product_tag?post=34205"}],"curies":[{"name":"wp","href":"https:\/\/api.w.org\/{rel}","templated":true}]}}