{"id":34201,"date":"2024-04-17T14:15:00","date_gmt":"2024-04-17T14:15:00","guid":{"rendered":"https:\/\/work-foxx.com\/product\/respirator-ffp3-zero-bls-031\/"},"modified":"2024-04-24T07:22:01","modified_gmt":"2024-04-24T07:22:01","slug":"respirator-ffp3-zero-bls-031","status":"publish","type":"product","link":"https:\/\/work-foxx.com\/hr\/proizvod\/respirator-ffp3-zero-bls-031\/","title":{"rendered":"Respirator FFP3 ZERO BLS 031"},"content":{"rendered":"<p>Respirator FFP3 NR D ZERO BLS 031 za jednokratnu upotrebu izra\u0111en je od netkanog polipropilena i ima ventil za izdisanje. Trake za pri\u010dvr\u0161\u0107ivanje izra\u0111ene su od termoplasti\u010dnog elastomera, podesive su duljine i zavarene su na respirator. Respirator pru\u017ea za\u0161titu di\u0161nog sustava od aerosola i krutih \u010destica. Elasti\u010dna traka za glavu pri\u010dvr\u0161\u0107ena na \u010detiri to\u010dke i vanjska kop\u010da za nos koja se mo\u017ee modelirati na dijelovima lica osiguravaju najbolje pristajanje ve\u0107ini tipova lica. Respirator FFP3 NR D ZERO BLS 031 ima dodatnu brtvu od polimera i poliestera (PES) na vrhu, koja osigurava maksimalnu za\u0161titu i udobnost. Pogodan je za upotrebu u tekstilnoj industriji, zanatskoj industriji, metalur\u0161koj industriji, rudarstvu, podzemnoj gradnji, obradi drva itd.<\/p>\n<p><strong>Karakteristike:<\/strong> \u0160koljkasti oblik, elasti\u010dne trake pri\u010dvr\u0161\u0107ene u 4 to\u010dke, ventil za izdisaj<br \/>\n<strong>Materijal:<\/strong> Polipropilen (PP)<br \/>\n<strong>Trake za pri\u010dvr\u0161\u0107ivanje:<\/strong> Termoplasti\u010dni elastomer (TPE)<br \/>\n<strong>Potpora za nos:<\/strong> Oja\u010dani polipropilen (PP)<br \/>\n<strong>Te\u017eina:<\/strong> 22g<\/p>\n<p><strong>Proizvo\u0111a\u010d:<\/strong> <a href=\"http:\/\/www.blsgroup.com\"><span style=\"font-weight: 400;\">BLS<\/span><\/a><br \/>\n<strong>Norma:<\/strong> EN 149:2001+A1:2009<br \/>\n<strong>Originalno pakiranje: <\/strong>10\u00a0kom<\/p>\n<p><em>Za izradu individualnih ponuda za ve\u0107e koli\u010dine kontaktirajte nas putem <a href=\"https:\/\/work-foxx.com\/hr\/pomoc-i-kontakt\/\">kontakt obrasca<\/a> ili na e-mail <a href=\"mailto:info@work-foxx.com\">info@work-foxx.com<\/a>.<\/em><\/p>\n","protected":false},"excerpt":{"rendered":"<p>Respirator FFP3 NR D ZERO BLS 031 izra\u0111en je od netkanog polipropilena i ima ventil za izdisanje. Dodatna brtva pru\u017ea vi\u0161u razinu za\u0161tite.<\/p>\n","protected":false},"featured_media":33647,"comment_status":"open","ping_status":"closed","template":"","meta":{"_acf_changed":false,"inline_featured_image":false},"product_brand":[],"product_cat":[1753,982,958],"product_tag":[],"class_list":{"0":"post-34201","1":"product","2":"type-product","3":"status-publish","4":"has-post-thumbnail","6":"product_cat-respiratori","7":"product_cat-zastita-disnih-puteva","8":"product_cat-zastita-glave","10":"first","11":"instock","12":"taxable","13":"shipping-taxable","14":"purchasable","15":"product-type-simple"},"acf":[],"_links":{"self":[{"href":"https:\/\/work-foxx.com\/hr\/wp-json\/wp\/v2\/product\/34201","targetHints":{"allow":["GET"]}}],"collection":[{"href":"https:\/\/work-foxx.com\/hr\/wp-json\/wp\/v2\/product"}],"about":[{"href":"https:\/\/work-foxx.com\/hr\/wp-json\/wp\/v2\/types\/product"}],"replies":[{"embeddable":true,"href":"https:\/\/work-foxx.com\/hr\/wp-json\/wp\/v2\/comments?post=34201"}],"wp:featuredmedia":[{"embeddable":true,"href":"https:\/\/work-foxx.com\/hr\/wp-json\/wp\/v2\/media\/33647"}],"wp:attachment":[{"href":"https:\/\/work-foxx.com\/hr\/wp-json\/wp\/v2\/media?parent=34201"}],"wp:term":[{"taxonomy":"product_brand","embeddable":true,"href":"https:\/\/work-foxx.com\/hr\/wp-json\/wp\/v2\/product_brand?post=34201"},{"taxonomy":"product_cat","embeddable":true,"href":"https:\/\/work-foxx.com\/hr\/wp-json\/wp\/v2\/product_cat?post=34201"},{"taxonomy":"product_tag","embeddable":true,"href":"https:\/\/work-foxx.com\/hr\/wp-json\/wp\/v2\/product_tag?post=34201"}],"curies":[{"name":"wp","href":"https:\/\/api.w.org\/{rel}","templated":true}]}}