{"id":34181,"date":"2024-04-17T14:15:00","date_gmt":"2024-04-17T14:15:00","guid":{"rendered":"https:\/\/work-foxx.com\/product\/respirator-ffp-mo23305\/"},"modified":"2024-04-24T07:12:43","modified_gmt":"2024-04-24T07:12:43","slug":"respirator-ffp3-mo23305","status":"publish","type":"product","link":"https:\/\/work-foxx.com\/hr\/proizvod\/respirator-ffp3-mo23305\/","title":{"rendered":"Respirator FFP3 MO23305"},"content":{"rendered":"<p>Jednokratni respirator FFP3 NR D MO23305 izra\u0111en je od kombinacije poliestera i polipropilena te ima ventil za izdisaj. Trake za pri\u010dvr\u0161\u0107ivanje izra\u0111ene su od sinteti\u010dke gume, bez dodanog lateksa. Respirator ograni\u010dava rizik od iritacije. Polietilenska kop\u010da za nos osigurava bolje pristajanje. Pogodan je za povremenu upotrebu u vrlo pra\u0161njavom okru\u017eenju. Respirator FFP3 NR D MO23305 pru\u017ea za\u0161titu od netoksi\u010dnih krutih i teku\u0107ih aerosola kao \u0161to su kalcijev karbonat, kaolin, cement, celuloza, sumpor, pamuk, bra\u0161no, ugljen, \u017eeljezni metali, biljna ulja i meko drvo. Pogodan je za upotrebu u tekstilnoj industriji, zanatskoj industriji, metalur\u0161koj industriji, rudarstvu, podzemnoj gradnji, obradi drva itd.<\/p>\n<p><strong>Zna\u010dajke:<\/strong> \u0160koljkasti oblik, elasti\u010dne trake, ventil za izdisaj<br \/>\n<strong>Materijal:<\/strong> Poliester \/ polipropilen SMS<br \/>\n<strong>Trake za pri\u010dvr\u0161\u0107ivanje:<\/strong> Elasti\u010dna traka sa sinteti\u010dkom gumom<br \/>\n<strong>Potpora za nos:<\/strong> Polietilenska (PE) kop\u010da<br \/>\n<strong>Te\u017eina:<\/strong> 19g<\/p>\n<p><strong>Proizvo\u0111a\u010d:<\/strong>\u00a0<a href=\"http:\/\/www.coverguard-safety.com\/\">Coverguard<\/a><br \/>\n<strong>Norma:<\/strong>\u00a0EN 149:2001+A1:2009<br \/>\n<strong>Originalno pakiranje:<\/strong> 20 kom<\/p>\n<p><em>Za izradu individualnih ponuda za ve\u0107e koli\u010dine kontaktirajte nas putem\u00a0<a href=\"https:\/\/work-foxx.com\/hr\/pomoc-i-kontakt\/\">kontakt obrasca<\/a>\u00a0ili na e-mail\u00a0<a href=\"mailto:info@work-foxx.com\">info@work-foxx.com<\/a>.<\/em><\/p>\n","protected":false},"excerpt":{"rendered":"<p>Respirator FFP3 NR D MO23305 izra\u0111en je od kombinacije poliestera i polipropilena i ima ventil za izdisaj. Pogodan je za kori\u0161tenje u raznim industrijama.<\/p>\n","protected":false},"featured_media":33671,"comment_status":"open","ping_status":"closed","template":"","meta":{"_acf_changed":false,"inline_featured_image":false},"product_brand":[],"product_cat":[1753,982,958],"product_tag":[],"class_list":{"0":"post-34181","1":"product","2":"type-product","3":"status-publish","4":"has-post-thumbnail","6":"product_cat-respiratori","7":"product_cat-zastita-disnih-puteva","8":"product_cat-zastita-glave","10":"first","11":"outofstock","12":"taxable","13":"shipping-taxable","14":"purchasable","15":"product-type-simple"},"acf":[],"_links":{"self":[{"href":"https:\/\/work-foxx.com\/hr\/wp-json\/wp\/v2\/product\/34181","targetHints":{"allow":["GET"]}}],"collection":[{"href":"https:\/\/work-foxx.com\/hr\/wp-json\/wp\/v2\/product"}],"about":[{"href":"https:\/\/work-foxx.com\/hr\/wp-json\/wp\/v2\/types\/product"}],"replies":[{"embeddable":true,"href":"https:\/\/work-foxx.com\/hr\/wp-json\/wp\/v2\/comments?post=34181"}],"wp:featuredmedia":[{"embeddable":true,"href":"https:\/\/work-foxx.com\/hr\/wp-json\/wp\/v2\/media\/33671"}],"wp:attachment":[{"href":"https:\/\/work-foxx.com\/hr\/wp-json\/wp\/v2\/media?parent=34181"}],"wp:term":[{"taxonomy":"product_brand","embeddable":true,"href":"https:\/\/work-foxx.com\/hr\/wp-json\/wp\/v2\/product_brand?post=34181"},{"taxonomy":"product_cat","embeddable":true,"href":"https:\/\/work-foxx.com\/hr\/wp-json\/wp\/v2\/product_cat?post=34181"},{"taxonomy":"product_tag","embeddable":true,"href":"https:\/\/work-foxx.com\/hr\/wp-json\/wp\/v2\/product_tag?post=34181"}],"curies":[{"name":"wp","href":"https:\/\/api.w.org\/{rel}","templated":true}]}}