{"id":34161,"date":"2024-04-17T14:15:00","date_gmt":"2024-04-17T14:15:00","guid":{"rendered":"https:\/\/work-foxx.com\/product\/respirator-ffp-1-mo23106\/"},"modified":"2024-04-24T06:14:06","modified_gmt":"2024-04-24T06:14:06","slug":"respirator-ffp1-mo23106","status":"publish","type":"product","link":"https:\/\/work-foxx.com\/hr\/proizvod\/respirator-ffp1-mo23106\/","title":{"rendered":"Respirator FFP1 MO23106"},"content":{"rendered":"<p>Jednokratni respirator FFP1 NR D MO23106 izra\u0111en je od netkanog polipropilena i ima ventil za izdisanje. Trake za pri\u010dvr\u0161\u0107ivanje izra\u0111ene su od sinteti\u010dke gume, bez dodanog lateksa. Respirator ograni\u010dava rizik od iritacije. Aluminijska kop\u010da za nos osigurava bolje pristajanje. Pogodan je za povremenu upotrebu u vrlo pra\u0161njavom okru\u017eenju. Respirator FFP1 NR D MO23106 pru\u017ea za\u0161titu od netoksi\u010dnih krutih i teku\u0107ih aerosola kao \u0161to su kalcijev karbonat, kaolin, cement, celuloza, sumpor, pamuk, bra\u0161no, ugljen, \u017eeljezni metali, biljna ulja i meko drvo. Pogodan je za upotrebu u tekstilnoj industriji, zanatskoj industriji, metalur\u0161koj industriji, rudarstvu, podzemnoj gradnji, obradi drva itd.<\/p>\n<p><strong>Karakteristike:<\/strong> \u0160koljkasti oblik, elasti\u010dne trake, s ventilom za izdisaj<br \/>\n<strong>Materijal:<\/strong> Polipropilen (PP)<br \/>\n<strong>Trake za pri\u010dvr\u0161\u0107ivanje:<\/strong> Elasti\u010dna traka sa sinteti\u010dkom gumom<br \/>\n<strong>Potpora za nos:<\/strong> Aluminij<br \/>\n<strong>Te\u017eina:<\/strong> 12g<\/p>\n<p><strong>Proizvo\u0111a\u010d:<\/strong> <span style=\"font-weight: 400;\"><a href=\"http:\/\/www.coverguard-safety.com\">Coverguard<\/a><\/span><br \/>\n<strong>Norma:<\/strong> EN 149:2001+A1:2009<br \/>\n<strong>Originalno pakiranje:<\/strong> 10 kom<\/p>\n<p><em>Za izradu individualnih ponuda za ve\u0107e koli\u010dine kontaktirajte nas putem <a href=\"https:\/\/work-foxx.com\/hr\/pomoc-i-kontakt\/\">kontakt obrasca<\/a> ili na e-mail <a href=\"mailto:info@work-foxx.com\">info@work-foxx.com<\/a>.<\/em><\/p>\n","protected":false},"excerpt":{"rendered":"<p>Jednokratni respirator FFP1 NR D MO23106 izra\u0111en je od netkanog polipropilena i ima ventil za izdisanje. Pogodan je za kori\u0161tenje u raznim industrijama.<\/p>\n","protected":false},"featured_media":33711,"comment_status":"open","ping_status":"closed","template":"","meta":{"_acf_changed":false,"inline_featured_image":false},"product_brand":[],"product_cat":[1753,982,958],"product_tag":[],"class_list":{"0":"post-34161","1":"product","2":"type-product","3":"status-publish","4":"has-post-thumbnail","6":"product_cat-respiratori","7":"product_cat-zastita-disnih-puteva","8":"product_cat-zastita-glave","10":"first","11":"instock","12":"taxable","13":"shipping-taxable","14":"purchasable","15":"product-type-simple"},"acf":[],"_links":{"self":[{"href":"https:\/\/work-foxx.com\/hr\/wp-json\/wp\/v2\/product\/34161","targetHints":{"allow":["GET"]}}],"collection":[{"href":"https:\/\/work-foxx.com\/hr\/wp-json\/wp\/v2\/product"}],"about":[{"href":"https:\/\/work-foxx.com\/hr\/wp-json\/wp\/v2\/types\/product"}],"replies":[{"embeddable":true,"href":"https:\/\/work-foxx.com\/hr\/wp-json\/wp\/v2\/comments?post=34161"}],"wp:featuredmedia":[{"embeddable":true,"href":"https:\/\/work-foxx.com\/hr\/wp-json\/wp\/v2\/media\/33711"}],"wp:attachment":[{"href":"https:\/\/work-foxx.com\/hr\/wp-json\/wp\/v2\/media?parent=34161"}],"wp:term":[{"taxonomy":"product_brand","embeddable":true,"href":"https:\/\/work-foxx.com\/hr\/wp-json\/wp\/v2\/product_brand?post=34161"},{"taxonomy":"product_cat","embeddable":true,"href":"https:\/\/work-foxx.com\/hr\/wp-json\/wp\/v2\/product_cat?post=34161"},{"taxonomy":"product_tag","embeddable":true,"href":"https:\/\/work-foxx.com\/hr\/wp-json\/wp\/v2\/product_tag?post=34161"}],"curies":[{"name":"wp","href":"https:\/\/api.w.org\/{rel}","templated":true}]}}