{"id":22022,"date":"2023-04-14T09:14:00","date_gmt":"2023-04-14T09:14:00","guid":{"rendered":"https:\/\/work-foxx.com\/product\/poliuretanski-cepici-za-usi-s-zicom-plavi\/"},"modified":"2023-11-26T17:43:11","modified_gmt":"2023-11-26T17:43:11","slug":"poliuretanski-cepici-za-usi-sa-vezicom-plavi","status":"publish","type":"product","link":"https:\/\/work-foxx.com\/hr\/proizvod\/poliuretanski-cepici-za-usi-sa-vezicom-plavi\/","title":{"rendered":"Poliuretanski \u010depi\u0107i za u\u0161i sa vezicom, plavi"},"content":{"rendered":"<p>Poliuretanski \u010depi\u0107i za u\u0161i sa vezicom su anatomski oblikovani. Jednostavno i higijensko umetanje i uklanjanje. Izra\u0111eni su od mekanog i udobnog elastomera.<\/p>\n<p><strong>Boja:<\/strong> Plava<br \/>\n<strong>Standard:<\/strong> EN 352-2<br \/>\n<strong>Minimalna koli\u010dina narud\u017ebe:<\/strong> 50 par<\/p>\n<p><span style=\"font-weight: 400;\">Ako proizvod koji vam je potreban nije na zalihi ili ne mo\u017eete prona\u0107i \u017eeljeni proizvod u na\u0161oj internetskoj trgovini, pozivamo vas da nam po\u0161aljete upit na <\/span><a href=\"mailto:info@work-foxx.com\"><b>info@work-foxx.com<\/b><\/a><span style=\"font-weight: 400;\"> ili putem<\/span><a href=\"https:\/\/work-foxx.com\/hr\/pomoc-i-kontakt\/\"> <span style=\"font-weight: 400;\">kontakt obrasca<\/span><\/a><span style=\"font-weight: 400;\">. S na\u0161om partnerskom mre\u017eom poku\u0161at \u0107emo vam pru\u017eiti \u017eeljene proizvode ili skratiti vrijeme isporuke.<\/span><\/p>\n","protected":false},"excerpt":{"rendered":"<p>Poliuretanski \u010depi\u0107i za u\u0161i sa vezicom su anatomski oblikovani. Jednostavno i higijensko umetanje i uklanjanje. Izra\u0111eni su od mekanog i udobnog elastomera.<\/p>\n","protected":false},"featured_media":12370,"comment_status":"open","ping_status":"closed","template":"","meta":{"_acf_changed":false,"inline_featured_image":false},"product_brand":[],"product_cat":[1200,958,1197],"product_tag":[],"class_list":{"0":"post-22022","1":"product","2":"type-product","3":"status-publish","4":"has-post-thumbnail","6":"product_cat-cepici-za-usi","7":"product_cat-zastita-glave","8":"product_cat-zastita-sluha","10":"first","11":"outofstock","12":"taxable","13":"shipping-taxable","14":"purchasable","15":"product-type-simple"},"acf":[],"_links":{"self":[{"href":"https:\/\/work-foxx.com\/hr\/wp-json\/wp\/v2\/product\/22022","targetHints":{"allow":["GET"]}}],"collection":[{"href":"https:\/\/work-foxx.com\/hr\/wp-json\/wp\/v2\/product"}],"about":[{"href":"https:\/\/work-foxx.com\/hr\/wp-json\/wp\/v2\/types\/product"}],"replies":[{"embeddable":true,"href":"https:\/\/work-foxx.com\/hr\/wp-json\/wp\/v2\/comments?post=22022"}],"wp:featuredmedia":[{"embeddable":true,"href":"https:\/\/work-foxx.com\/hr\/wp-json\/wp\/v2\/media\/12370"}],"wp:attachment":[{"href":"https:\/\/work-foxx.com\/hr\/wp-json\/wp\/v2\/media?parent=22022"}],"wp:term":[{"taxonomy":"product_brand","embeddable":true,"href":"https:\/\/work-foxx.com\/hr\/wp-json\/wp\/v2\/product_brand?post=22022"},{"taxonomy":"product_cat","embeddable":true,"href":"https:\/\/work-foxx.com\/hr\/wp-json\/wp\/v2\/product_cat?post=22022"},{"taxonomy":"product_tag","embeddable":true,"href":"https:\/\/work-foxx.com\/hr\/wp-json\/wp\/v2\/product_tag?post=22022"}],"curies":[{"name":"wp","href":"https:\/\/api.w.org\/{rel}","templated":true}]}}