{"id":22009,"date":"2023-04-14T09:13:00","date_gmt":"2023-04-14T09:13:00","guid":{"rendered":"https:\/\/work-foxx.com\/product\/chimilux-zastitne-naocale-prozirne\/"},"modified":"2023-11-20T17:27:33","modified_gmt":"2023-11-20T17:27:33","slug":"zastitne-naocale-chimilux-prozirne","status":"publish","type":"product","link":"https:\/\/work-foxx.com\/hr\/proizvod\/zastitne-naocale-chimilux-prozirne\/","title":{"rendered":"Za\u0161titne nao\u010dale CHIMILUX, prozirne"},"content":{"rendered":"<p>Za\u0161titne nao\u010dale CHIMILUX imaju prozirne le\u0107e s oznakom le\u0107e 1 B. Za\u0161titne nao\u010dale CHIMILUX \u0161tite vas od teku\u0107ina i imaju podesivu elastiku za bolje pristajanje.<\/p>\n<p><strong>Boja le\u0107e:<\/strong> Prozirna<br \/>\n<strong>Boja okvira:<\/strong> Zelena<br \/>\n<strong>Zna\u010dajke:<\/strong> Podesiva, za\u0161tita od teku\u0107ine<br \/>\n<strong>Oznaka le\u0107e:<\/strong> 1 B<br \/>\n<strong>Oznaka okvira:<\/strong> 3 B<br \/>\n<strong>Proizvo\u0111a\u010d:<\/strong> <a href=\"https:\/\/www.coverguard-safety.com\/\">Coverguard<\/a><br \/>\n<strong>Standard:<\/strong> EN 166<\/p>\n<h5>Opis standarda<\/h5>\n<p><strong>EN 166<\/strong> \u2014 Za\u0161tita o\u010diju<\/p>\n<p><span style=\"font-weight: 400;\">Ako proizvod koji vam je potreban nije na zalihi ili ne mo\u017eete prona\u0107i \u017eeljeni proizvod u na\u0161oj internetskoj trgovini, pozivamo vas da nam po\u0161aljete upit na <\/span><a href=\"mailto:info@work-foxx.com\"><b>info@work-foxx.com<\/b><\/a><span style=\"font-weight: 400;\"> ili putem <\/span><a href=\"https:\/\/work-foxx.com\/hr\/pomoc-i-kontakt\/\"><span style=\"font-weight: 400;\">kontakt obrasca<\/span><\/a><span style=\"font-weight: 400;\">. S na\u0161om partnerskom mre\u017eom poku\u0161at \u0107emo vam pru\u017eiti \u017eeljene proizvode ili skratiti vrijeme isporuke.<\/span><\/p>\n","protected":false},"excerpt":{"rendered":"<p>Za\u0161titne nao\u010dale CHIMILUX imaju prozirne le\u0107e s oznakom le\u0107e 1 B. Za\u0161titne nao\u010dale \u0161tite od teku\u0107ina i imaju podesivu elastiku za bolje pristajanje.<\/p>\n","protected":false},"featured_media":12354,"comment_status":"open","ping_status":"closed","template":"","meta":{"_acf_changed":false,"inline_featured_image":false},"product_brand":[],"product_cat":[958,969,970],"product_tag":[],"class_list":{"0":"post-22009","1":"product","2":"type-product","3":"status-publish","4":"has-post-thumbnail","6":"product_cat-zastita-glave","7":"product_cat-zastita-ociju","8":"product_cat-zastitne-naocale","10":"first","11":"instock","12":"taxable","13":"shipping-taxable","14":"purchasable","15":"product-type-simple"},"acf":[],"_links":{"self":[{"href":"https:\/\/work-foxx.com\/hr\/wp-json\/wp\/v2\/product\/22009","targetHints":{"allow":["GET"]}}],"collection":[{"href":"https:\/\/work-foxx.com\/hr\/wp-json\/wp\/v2\/product"}],"about":[{"href":"https:\/\/work-foxx.com\/hr\/wp-json\/wp\/v2\/types\/product"}],"replies":[{"embeddable":true,"href":"https:\/\/work-foxx.com\/hr\/wp-json\/wp\/v2\/comments?post=22009"}],"wp:featuredmedia":[{"embeddable":true,"href":"https:\/\/work-foxx.com\/hr\/wp-json\/wp\/v2\/media\/12354"}],"wp:attachment":[{"href":"https:\/\/work-foxx.com\/hr\/wp-json\/wp\/v2\/media?parent=22009"}],"wp:term":[{"taxonomy":"product_brand","embeddable":true,"href":"https:\/\/work-foxx.com\/hr\/wp-json\/wp\/v2\/product_brand?post=22009"},{"taxonomy":"product_cat","embeddable":true,"href":"https:\/\/work-foxx.com\/hr\/wp-json\/wp\/v2\/product_cat?post=22009"},{"taxonomy":"product_tag","embeddable":true,"href":"https:\/\/work-foxx.com\/hr\/wp-json\/wp\/v2\/product_tag?post=22009"}],"curies":[{"name":"wp","href":"https:\/\/api.w.org\/{rel}","templated":true}]}}