{"id":21992,"date":"2023-04-14T09:13:00","date_gmt":"2023-04-14T09:13:00","guid":{"rendered":"https:\/\/work-foxx.com\/product\/phi-zastitne-naocale-tamne\/"},"modified":"2023-12-12T19:24:36","modified_gmt":"2023-12-12T19:24:36","slug":"zastitne-naocale-phi-tamne","status":"publish","type":"product","link":"https:\/\/work-foxx.com\/hr\/proizvod\/zastitne-naocale-phi-tamne\/","title":{"rendered":"Za\u0161titne nao\u010dale PHI, tamne"},"content":{"rendered":"<p>Za\u0161titne nao\u010dale PHI imaju tamne le\u0107e s oznakom le\u0107e 5-3.1 1SFTK. Za\u0161titne nao\u010dale PHI \u0161tite vas od UV zraka.<\/p>\n<p><strong>Boja le\u0107e:<\/strong> Prozirna<br \/>\n<strong>Boja okvira:<\/strong> Prozirna\/\u017euta<br \/>\n<strong>Zna\u010dajke:<\/strong> Oja\u010dane, UV<br \/>\n<strong>Oznaka le\u0107e:<\/strong> 2-1.2 1SFTK<br \/>\n<strong>Oznaka okvira:<\/strong> SFT<br \/>\n<strong>Proizvo\u0111a\u010d:<\/strong> <a href=\"https:\/\/www.coverguard-safety.com\/\">Coverguard<\/a><br \/>\n<strong>Standard:<\/strong> EN172<\/p>\n<h5>Opis standarda<\/h5>\n<p><b>EN 172<\/b><span style=\"font-weight: 400;\"> &#8211; Za\u0161tita o\u010diju &#8211; Filtar za za\u0161titu od sunca za industrijsku uporabu<\/span><\/p>\n<p><span style=\"font-weight: 400;\">Ako proizvod koji vam je potreban nije na zalihi ili ne mo\u017eete prona\u0107i \u017eeljeni proizvod u na\u0161oj internetskoj trgovini, pozivamo vas da nam po\u0161aljete upit na <\/span><a href=\"mailto:info@work-foxx.com\"><b>info@work-foxx.com<\/b><\/a><span style=\"font-weight: 400;\"> ili putem<\/span><a href=\"https:\/\/work-foxx.com\/hr\/pomoc-i-kontakt\/\"> <span style=\"font-weight: 400;\">kontakt obrasca<\/span><\/a><span style=\"font-weight: 400;\">. S na\u0161om partnerskom mre\u017eom poku\u0161at \u0107emo vam pru\u017eiti \u017eeljene proizvode ili skratiti vrijeme isporuke.<\/span><\/p>\n","protected":false},"excerpt":{"rendered":"<p>Za\u0161titne nao\u010dale PHI imaju tamne le\u0107e s oznakom le\u0107e 5-3.1 1SFTK. Za\u0161titne nao\u010dale PHI \u0161tite vas od UV zraka.<\/p>\n","protected":false},"featured_media":12654,"comment_status":"open","ping_status":"closed","template":"","meta":{"_acf_changed":false,"inline_featured_image":false},"product_brand":[],"product_cat":[958,969,970],"product_tag":[],"class_list":{"0":"post-21992","1":"product","2":"type-product","3":"status-publish","4":"has-post-thumbnail","6":"product_cat-zastita-glave","7":"product_cat-zastita-ociju","8":"product_cat-zastitne-naocale","10":"first","11":"instock","12":"taxable","13":"shipping-taxable","14":"purchasable","15":"product-type-simple"},"acf":[],"_links":{"self":[{"href":"https:\/\/work-foxx.com\/hr\/wp-json\/wp\/v2\/product\/21992","targetHints":{"allow":["GET"]}}],"collection":[{"href":"https:\/\/work-foxx.com\/hr\/wp-json\/wp\/v2\/product"}],"about":[{"href":"https:\/\/work-foxx.com\/hr\/wp-json\/wp\/v2\/types\/product"}],"replies":[{"embeddable":true,"href":"https:\/\/work-foxx.com\/hr\/wp-json\/wp\/v2\/comments?post=21992"}],"wp:featuredmedia":[{"embeddable":true,"href":"https:\/\/work-foxx.com\/hr\/wp-json\/wp\/v2\/media\/12654"}],"wp:attachment":[{"href":"https:\/\/work-foxx.com\/hr\/wp-json\/wp\/v2\/media?parent=21992"}],"wp:term":[{"taxonomy":"product_brand","embeddable":true,"href":"https:\/\/work-foxx.com\/hr\/wp-json\/wp\/v2\/product_brand?post=21992"},{"taxonomy":"product_cat","embeddable":true,"href":"https:\/\/work-foxx.com\/hr\/wp-json\/wp\/v2\/product_cat?post=21992"},{"taxonomy":"product_tag","embeddable":true,"href":"https:\/\/work-foxx.com\/hr\/wp-json\/wp\/v2\/product_tag?post=21992"}],"curies":[{"name":"wp","href":"https:\/\/api.w.org\/{rel}","templated":true}]}}