{"id":21989,"date":"2023-04-14T09:13:00","date_gmt":"2023-04-14T09:13:00","guid":{"rendered":"https:\/\/work-foxx.com\/product\/maska-za-zavarivanje-420\/"},"modified":"2023-11-12T21:54:45","modified_gmt":"2023-11-12T21:54:45","slug":"varilacka-maska-420","status":"publish","type":"product","link":"https:\/\/work-foxx.com\/hr\/proizvod\/varilacka-maska-420\/","title":{"rendered":"Varila\u010dka maska 420"},"content":{"rendered":"<p>Varila\u010dka maska 420 ima dva svjetlosna detektora i podesivo zatamnjenje. Mo\u017ee se koristiti uz dioptrijske nao\u010dale, respiratore itd. Napaja se solarnom energijom i baterijama. Varila\u010dka maska 420 automatski pode\u0161ava neprozirnost transparenta na \u017eeljenu neprozirnost (9 do 13). Kop\u010da se udobnom trakom za glavu.<\/p>\n<p><strong>Materijal:<\/strong> Poliamid (PA)<br \/>\n<strong>Veli\u010dina \u0161koljke:<\/strong> 325 x 235 mm<br \/>\n<strong>Te\u017eina:<\/strong> 528 g<br \/>\n<strong>Veli\u010dina stakla:<\/strong> 100 x 41 mm<br \/>\n<strong>Brzina postavljanja solarne \u0107elije:<\/strong> 0,4ms<br \/>\n<strong>Podesivo vrijeme \u010di\u0161\u0107enja:<\/strong> od 0,1 do 1,0 ms<br \/>\n<strong>Proizvo\u0111a\u010d: <\/strong><a href=\"https:\/\/www.productosclimax.com\/?lang=en\">Climax<\/a><br \/>\n<strong>Standardi:<\/strong> EN175, EN379<\/p>\n<p><span style=\"font-weight: 400;\">Ako proizvod koji vam je potreban nije na zalihi ili ne mo\u017eete prona\u0107i \u017eeljeni proizvod u na\u0161oj internetskoj trgovini, pozivamo vas da nam po\u0161aljete upit na <\/span><a href=\"mailto:info@work-foxx.com\"><b>info@work-foxx.com<\/b><\/a><span style=\"font-weight: 400;\"> ili putem <\/span><a href=\"https:\/\/work-foxx.com\/hr\/pomoc-i-kontakt\/\"><span style=\"font-weight: 400;\">kontakt obrasca<\/span><\/a><span style=\"font-weight: 400;\">. S na\u0161om partnerskom mre\u017eom poku\u0161at \u0107emo vam pru\u017eiti \u017eeljene proizvode ili skratiti vrijeme isporuke.<\/span><\/p>\n","protected":false},"excerpt":{"rendered":"<p>Varila\u010dka maska 420 s dva detektora svjetla i podesivim prigu\u0161enjem. Mo\u017ee se koristiti uz dioptrijske nao\u010dale, respiratore itd.<\/p>\n","protected":false},"featured_media":13208,"comment_status":"open","ping_status":"closed","template":"","meta":{"_acf_changed":false,"inline_featured_image":false},"product_brand":[],"product_cat":[958,969,985],"product_tag":[],"class_list":{"0":"post-21989","1":"product","2":"type-product","3":"status-publish","4":"has-post-thumbnail","6":"product_cat-zastita-glave","7":"product_cat-zastita-ociju","8":"product_cat-zastita-za-zavarivanje","10":"first","11":"instock","12":"taxable","13":"shipping-taxable","14":"purchasable","15":"product-type-simple"},"acf":[],"_links":{"self":[{"href":"https:\/\/work-foxx.com\/hr\/wp-json\/wp\/v2\/product\/21989","targetHints":{"allow":["GET"]}}],"collection":[{"href":"https:\/\/work-foxx.com\/hr\/wp-json\/wp\/v2\/product"}],"about":[{"href":"https:\/\/work-foxx.com\/hr\/wp-json\/wp\/v2\/types\/product"}],"replies":[{"embeddable":true,"href":"https:\/\/work-foxx.com\/hr\/wp-json\/wp\/v2\/comments?post=21989"}],"wp:featuredmedia":[{"embeddable":true,"href":"https:\/\/work-foxx.com\/hr\/wp-json\/wp\/v2\/media\/13208"}],"wp:attachment":[{"href":"https:\/\/work-foxx.com\/hr\/wp-json\/wp\/v2\/media?parent=21989"}],"wp:term":[{"taxonomy":"product_brand","embeddable":true,"href":"https:\/\/work-foxx.com\/hr\/wp-json\/wp\/v2\/product_brand?post=21989"},{"taxonomy":"product_cat","embeddable":true,"href":"https:\/\/work-foxx.com\/hr\/wp-json\/wp\/v2\/product_cat?post=21989"},{"taxonomy":"product_tag","embeddable":true,"href":"https:\/\/work-foxx.com\/hr\/wp-json\/wp\/v2\/product_tag?post=21989"}],"curies":[{"name":"wp","href":"https:\/\/api.w.org\/{rel}","templated":true}]}}