{"id":21987,"date":"2023-04-14T09:14:00","date_gmt":"2023-04-14T09:14:00","guid":{"rendered":"https:\/\/work-foxx.com\/product\/spremnik-cepa-za-usi\/"},"modified":"2023-11-26T17:58:06","modified_gmt":"2023-11-26T17:58:06","slug":"spremnik-za-cepice-za-usi","status":"publish","type":"product","link":"https:\/\/work-foxx.com\/hr\/proizvod\/spremnik-za-cepice-za-usi\/","title":{"rendered":"Spremnik za \u010depi\u0107e za u\u0161i"},"content":{"rendered":"<p>Spremnik za \u010depi\u0107e za u\u0161i za jednokratnu upotrebu. Jednostavno umetanje i uklanjanje \u010depi\u0107a za u\u0161i.<\/p>\n<p><strong>Zna\u010dajke<\/strong>: Punjenje s artiklom <a href=\"https:\/\/work-foxx.com\/hr\/proizvod\/polipropilenski-cepici-za-usi\/\">30215<\/a> ili <a href=\"https:\/\/work-foxx.com\/hr\/proizvod\/poliuretanski-cepici-za-usi-earline\/\">30205<\/a><br \/>\n<strong>Kapacitet:<\/strong> 500 pari, mogu\u0107nost zidne monta\u017ee<br \/>\n<strong>Boja:<\/strong> Zelena<br \/>\n<strong>Osnovno pakiranje:<\/strong> 1 komad<\/p>\n<p><span style=\"font-weight: 400;\">Ako proizvod koji vam je potreban nije na zalihi ili ne mo\u017eete prona\u0107i \u017eeljeni proizvod u na\u0161oj internetskoj trgovini, pozivamo vas da nam po\u0161aljete upit na <\/span><a href=\"mailto:info@work-foxx.com\"><b>info@work-foxx.com<\/b><\/a><span style=\"font-weight: 400;\"> ili putem<\/span><a href=\"https:\/\/work-foxx.com\/hr\/pomoc-i-kontakt\/\"> <span style=\"font-weight: 400;\">kontakt obrasca<\/span><\/a><span style=\"font-weight: 400;\">. S na\u0161om partnerskom mre\u017eom poku\u0161at \u0107emo vam pru\u017eiti \u017eeljene proizvode ili skratiti vrijeme isporuke.<\/span><\/p>\n","protected":false},"excerpt":{"rendered":"<p>Spremnik za \u010depi\u0107e za u\u0161i za jednokratnu upotrebu. Jednostavno umetanje i uklanjanje \u010depi\u0107a za u\u0161i. Punjenje s artiklom 30215.<\/p>\n","protected":false},"featured_media":12638,"comment_status":"open","ping_status":"closed","template":"","meta":{"_acf_changed":false,"inline_featured_image":false},"product_brand":[],"product_cat":[1200,958,1197],"product_tag":[],"class_list":{"0":"post-21987","1":"product","2":"type-product","3":"status-publish","4":"has-post-thumbnail","6":"product_cat-cepici-za-usi","7":"product_cat-zastita-glave","8":"product_cat-zastita-sluha","10":"first","11":"outofstock","12":"taxable","13":"shipping-taxable","14":"purchasable","15":"product-type-simple"},"acf":[],"_links":{"self":[{"href":"https:\/\/work-foxx.com\/hr\/wp-json\/wp\/v2\/product\/21987","targetHints":{"allow":["GET"]}}],"collection":[{"href":"https:\/\/work-foxx.com\/hr\/wp-json\/wp\/v2\/product"}],"about":[{"href":"https:\/\/work-foxx.com\/hr\/wp-json\/wp\/v2\/types\/product"}],"replies":[{"embeddable":true,"href":"https:\/\/work-foxx.com\/hr\/wp-json\/wp\/v2\/comments?post=21987"}],"wp:featuredmedia":[{"embeddable":true,"href":"https:\/\/work-foxx.com\/hr\/wp-json\/wp\/v2\/media\/12638"}],"wp:attachment":[{"href":"https:\/\/work-foxx.com\/hr\/wp-json\/wp\/v2\/media?parent=21987"}],"wp:term":[{"taxonomy":"product_brand","embeddable":true,"href":"https:\/\/work-foxx.com\/hr\/wp-json\/wp\/v2\/product_brand?post=21987"},{"taxonomy":"product_cat","embeddable":true,"href":"https:\/\/work-foxx.com\/hr\/wp-json\/wp\/v2\/product_cat?post=21987"},{"taxonomy":"product_tag","embeddable":true,"href":"https:\/\/work-foxx.com\/hr\/wp-json\/wp\/v2\/product_tag?post=21987"}],"curies":[{"name":"wp","href":"https:\/\/api.w.org\/{rel}","templated":true}]}}