{"id":21985,"date":"2023-04-14T09:14:00","date_gmt":"2023-04-14T09:14:00","guid":{"rendered":"https:\/\/work-foxx.com\/product\/aluminijski-granicni-vizir\/"},"modified":"2023-11-26T16:35:59","modified_gmt":"2023-11-26T16:35:59","slug":"vizir-sa-aluminijskim-obrubom","status":"publish","type":"product","link":"https:\/\/work-foxx.com\/hr\/proizvod\/vizir-sa-aluminijskim-obrubom\/","title":{"rendered":"Vizir sa aluminijskim obrubom"},"content":{"rendered":"<p>Vizir sa aluminijskim obrubom izra\u0111en je od polikarbonata i \u0161titi korisnika od teku\u0107ina. Kompatibilan je s dr\u017ea\u010dima vizira iz na\u0161e ponude.<\/p>\n<p><strong>Materijal:<\/strong> Polikarbonat<br \/>\n<strong>Opti\u010dka klasa:<\/strong> 1<br \/>\n<strong>Za\u0161tita:<\/strong> Od teku\u0107ina<br \/>\n<strong>Upotreba:<\/strong> Du\u017ea razdoblja kori\u0161tenja<\/p>\n<p><strong>Proizvo\u0111a\u010d:<\/strong> <a href=\"https:\/\/www.coverguard-safety.com\/\">Coverguard<\/a><br \/>\n<strong>Standard:<\/strong> EN166:2002, EN1731:2007<br \/>\n<strong>Osnovno pakiranje:<\/strong> 1 komad<\/p>\n<p><span style=\"font-weight: 400;\">Ako proizvod koji vam je potreban nije na zalihi ili ne mo\u017eete prona\u0107i \u017eeljeni proizvod u na\u0161oj internetskoj trgovini, pozivamo vas da nam po\u0161aljete upit na <\/span><a href=\"mailto:info@work-foxx.com\"><b>info@work-foxx.com<\/b><\/a><span style=\"font-weight: 400;\"> ili putem <\/span><a href=\"https:\/\/work-foxx.com\/hr\/pomoc-i-kontakt\/\"><span style=\"font-weight: 400;\">kontakt obrasca<\/span><\/a><span style=\"font-weight: 400;\">. S na\u0161om partnerskom mre\u017eom poku\u0161at \u0107emo vam pru\u017eiti \u017eeljene proizvode ili skratiti vrijeme isporuke.<\/span><\/p>\n","protected":false},"excerpt":{"rendered":"<p>Vizir s aluminijskim obrubom izra\u0111en je od polikarbonata i \u0161titi korisnika od teku\u0107ina. Kompatibilan je s dr\u017ea\u010dima vizira iz na\u0161e ponude.<\/p>\n","protected":false},"featured_media":12358,"comment_status":"open","ping_status":"closed","template":"","meta":{"_acf_changed":false,"inline_featured_image":false},"product_brand":[],"product_cat":[958,969,989],"product_tag":[],"class_list":{"0":"post-21985","1":"product","2":"type-product","3":"status-publish","4":"has-post-thumbnail","6":"product_cat-zastita-glave","7":"product_cat-zastita-ociju","8":"product_cat-zastitni-viziri","10":"first","11":"outofstock","12":"taxable","13":"shipping-taxable","14":"purchasable","15":"product-type-simple"},"acf":[],"_links":{"self":[{"href":"https:\/\/work-foxx.com\/hr\/wp-json\/wp\/v2\/product\/21985","targetHints":{"allow":["GET"]}}],"collection":[{"href":"https:\/\/work-foxx.com\/hr\/wp-json\/wp\/v2\/product"}],"about":[{"href":"https:\/\/work-foxx.com\/hr\/wp-json\/wp\/v2\/types\/product"}],"replies":[{"embeddable":true,"href":"https:\/\/work-foxx.com\/hr\/wp-json\/wp\/v2\/comments?post=21985"}],"wp:featuredmedia":[{"embeddable":true,"href":"https:\/\/work-foxx.com\/hr\/wp-json\/wp\/v2\/media\/12358"}],"wp:attachment":[{"href":"https:\/\/work-foxx.com\/hr\/wp-json\/wp\/v2\/media?parent=21985"}],"wp:term":[{"taxonomy":"product_brand","embeddable":true,"href":"https:\/\/work-foxx.com\/hr\/wp-json\/wp\/v2\/product_brand?post=21985"},{"taxonomy":"product_cat","embeddable":true,"href":"https:\/\/work-foxx.com\/hr\/wp-json\/wp\/v2\/product_cat?post=21985"},{"taxonomy":"product_tag","embeddable":true,"href":"https:\/\/work-foxx.com\/hr\/wp-json\/wp\/v2\/product_tag?post=21985"}],"curies":[{"name":"wp","href":"https:\/\/api.w.org\/{rel}","templated":true}]}}