{"id":21979,"date":"2023-04-14T09:14:00","date_gmt":"2023-04-14T09:14:00","guid":{"rendered":"https:\/\/work-foxx.com\/product\/stitnici-za-usi-max-500\/"},"modified":"2023-11-26T17:03:37","modified_gmt":"2023-11-26T17:03:37","slug":"antifon-max-500","status":"publish","type":"product","link":"https:\/\/work-foxx.com\/hr\/proizvod\/antifon-max-500\/","title":{"rendered":"Antifon MAX 500"},"content":{"rendered":"<p>Antifon MAX 500 pru\u017ea visoku razinu za\u0161tite sluha. Izra\u0111en je od laganog materijala, ima podesivu traku za glavu i udobne PVC jastu\u010di\u0107e. Nosa\u010d je sklopiv.<\/p>\n<p><strong>Materijal:<\/strong> ABS \u0161koljka, PVC jastu\u010di\u0107i, imitacija ko\u017ee<br \/>\n<strong>Karakteristike:<\/strong> Anatomski oblik, pode\u0161avanje veli\u010dine, pojedina\u010dno pakiranje, fleksibilni nosa\u010d, d\u017eepni model<br \/>\n<strong>SNR:<\/strong> 27,6 dB<br \/>\n<strong>Te\u017eina:<\/strong> 178 g<br \/>\n<strong>Proizvo\u0111a\u010d:<\/strong> <a href=\"https:\/\/www.coverguard-safety.com\/\">Coverguard<\/a><br \/>\n<strong>Standard:<\/strong> EN352-1:2002<\/p>\n<p><span style=\"font-weight: 400;\">Ako proizvod koji vam je potreban nije na zalihi ili ne mo\u017eete prona\u0107i \u017eeljeni proizvod u na\u0161oj internetskoj trgovini, pozivamo vas da nam po\u0161aljete upit na <\/span><a href=\"mailto:info@work-foxx.com\"><b>info@work-foxx.com<\/b><\/a><span style=\"font-weight: 400;\"> ili putem <\/span><a href=\"https:\/\/work-foxx.com\/hr\/pomoc-i-kontakt\/\"><span style=\"font-weight: 400;\">kontakt obrasca<\/span><\/a><span style=\"font-weight: 400;\">. S na\u0161om partnerskom mre\u017eom poku\u0161at \u0107emo vam pru\u017eiti \u017eeljene proizvode ili skratiti vrijeme isporuke.<\/span><\/p>\n","protected":false},"excerpt":{"rendered":"<p>Antifon MAX 500 pru\u017ea visoku razinu za\u0161tite sluha. Izra\u0111en je od laganog materijala, ima podesivu traku za glavu i udobne PVC jastu\u010di\u0107e. Nosa\u010d je sklopiv.<\/p>\n","protected":false},"featured_media":23726,"comment_status":"open","ping_status":"closed","template":"","meta":{"_acf_changed":false,"inline_featured_image":false},"product_brand":[],"product_cat":[1202,958,1197],"product_tag":[],"class_list":{"0":"post-21979","1":"product","2":"type-product","3":"status-publish","4":"has-post-thumbnail","6":"product_cat-antifoni","7":"product_cat-zastita-glave","8":"product_cat-zastita-sluha","10":"first","11":"outofstock","12":"taxable","13":"shipping-taxable","14":"purchasable","15":"product-type-simple"},"acf":[],"_links":{"self":[{"href":"https:\/\/work-foxx.com\/hr\/wp-json\/wp\/v2\/product\/21979","targetHints":{"allow":["GET"]}}],"collection":[{"href":"https:\/\/work-foxx.com\/hr\/wp-json\/wp\/v2\/product"}],"about":[{"href":"https:\/\/work-foxx.com\/hr\/wp-json\/wp\/v2\/types\/product"}],"replies":[{"embeddable":true,"href":"https:\/\/work-foxx.com\/hr\/wp-json\/wp\/v2\/comments?post=21979"}],"wp:featuredmedia":[{"embeddable":true,"href":"https:\/\/work-foxx.com\/hr\/wp-json\/wp\/v2\/media\/23726"}],"wp:attachment":[{"href":"https:\/\/work-foxx.com\/hr\/wp-json\/wp\/v2\/media?parent=21979"}],"wp:term":[{"taxonomy":"product_brand","embeddable":true,"href":"https:\/\/work-foxx.com\/hr\/wp-json\/wp\/v2\/product_brand?post=21979"},{"taxonomy":"product_cat","embeddable":true,"href":"https:\/\/work-foxx.com\/hr\/wp-json\/wp\/v2\/product_cat?post=21979"},{"taxonomy":"product_tag","embeddable":true,"href":"https:\/\/work-foxx.com\/hr\/wp-json\/wp\/v2\/product_tag?post=21979"}],"curies":[{"name":"wp","href":"https:\/\/api.w.org\/{rel}","templated":true}]}}