{"id":21957,"date":"2023-04-14T09:14:00","date_gmt":"2023-04-14T09:14:00","guid":{"rendered":"https:\/\/work-foxx.com\/product\/drzac-vizira-za-stitnike-za-usi-max-400\/"},"modified":"2023-11-26T16:42:33","modified_gmt":"2023-11-26T16:42:33","slug":"drzac-vizira-za-antifon-max-400","status":"publish","type":"product","link":"https:\/\/work-foxx.com\/hr\/proizvod\/drzac-vizira-za-antifon-max-400\/","title":{"rendered":"Dr\u017ea\u010d vizira za antifon MAX 400"},"content":{"rendered":"<p>Dr\u017ea\u010d vizira za antifon MAX 400 kompatibilan je s vizirom i \u010depi\u0107ima za u\u0161i. Antifona se mo\u017ee postaviti u tri polo\u017eaja. S prednje strane, dr\u017ea\u010d vizira za antifon MAX 400 ima jastu\u010di\u0107 za upijanje znoja.<\/p>\n<p><strong>Zna\u010dajke:<\/strong> Podloga za upijanje znoja kompatibilna s vizirom i \u010depi\u0107ima za u\u0161i, za\u0161tita i otpornost na udarce<br \/>\n<strong>Proizvo\u0111a\u010d:<\/strong> <a href=\"https:\/\/www.coverguard-safety.com\/\">Coverguard<\/a><br \/>\n<strong>Standard:<\/strong> EN 166, EN 1731<\/p>\n<p><span style=\"font-weight: 400;\">Ako proizvod koji vam je potreban nije na zalihi ili ne mo\u017eete prona\u0107i \u017eeljeni proizvod u na\u0161oj internetskoj trgovini, pozivamo vas da nam po\u0161aljete upit na <\/span><a href=\"mailto:info@work-foxx.com\"><b>info@work-foxx.com<\/b><\/a><span style=\"font-weight: 400;\"> ili putem <\/span><a href=\"https:\/\/work-foxx.com\/hr\/pomoc-i-kontakt\/\"><span style=\"font-weight: 400;\">kontakt obrasca<\/span><\/a><span style=\"font-weight: 400;\">. S na\u0161om partnerskom mre\u017eom poku\u0161at \u0107emo vam pru\u017eiti \u017eeljene proizvode ili skratiti vrijeme isporuke.<\/span><\/p>\n","protected":false},"excerpt":{"rendered":"<p>Dr\u017ea\u010d vizira za antifon MAX 400 kompatibilan je s vizirom i \u010depi\u0107ima za u\u0161i. Mo\u017ee namjestiti u tri polo\u017eaja i ima jastu\u010di\u0107 za upijanje znoja.<\/p>\n","protected":false},"featured_media":12312,"comment_status":"open","ping_status":"closed","template":"","meta":{"_acf_changed":false,"inline_featured_image":false},"product_brand":[],"product_cat":[958,969,989],"product_tag":[],"class_list":{"0":"post-21957","1":"product","2":"type-product","3":"status-publish","4":"has-post-thumbnail","6":"product_cat-zastita-glave","7":"product_cat-zastita-ociju","8":"product_cat-zastitni-viziri","10":"first","11":"instock","12":"taxable","13":"shipping-taxable","14":"purchasable","15":"product-type-simple"},"acf":[],"_links":{"self":[{"href":"https:\/\/work-foxx.com\/hr\/wp-json\/wp\/v2\/product\/21957","targetHints":{"allow":["GET"]}}],"collection":[{"href":"https:\/\/work-foxx.com\/hr\/wp-json\/wp\/v2\/product"}],"about":[{"href":"https:\/\/work-foxx.com\/hr\/wp-json\/wp\/v2\/types\/product"}],"replies":[{"embeddable":true,"href":"https:\/\/work-foxx.com\/hr\/wp-json\/wp\/v2\/comments?post=21957"}],"wp:featuredmedia":[{"embeddable":true,"href":"https:\/\/work-foxx.com\/hr\/wp-json\/wp\/v2\/media\/12312"}],"wp:attachment":[{"href":"https:\/\/work-foxx.com\/hr\/wp-json\/wp\/v2\/media?parent=21957"}],"wp:term":[{"taxonomy":"product_brand","embeddable":true,"href":"https:\/\/work-foxx.com\/hr\/wp-json\/wp\/v2\/product_brand?post=21957"},{"taxonomy":"product_cat","embeddable":true,"href":"https:\/\/work-foxx.com\/hr\/wp-json\/wp\/v2\/product_cat?post=21957"},{"taxonomy":"product_tag","embeddable":true,"href":"https:\/\/work-foxx.com\/hr\/wp-json\/wp\/v2\/product_tag?post=21957"}],"curies":[{"name":"wp","href":"https:\/\/api.w.org\/{rel}","templated":true}]}}