{"id":20696,"date":"2023-04-13T16:55:00","date_gmt":"2023-04-13T16:55:00","guid":{"rendered":"https:\/\/work-foxx.com\/product\/signalni-stozac-50-cm-hi-viz-crvena\/"},"modified":"2026-02-19T14:50:21","modified_gmt":"2026-02-19T14:50:21","slug":"signal-stozac-50cm","status":"publish","type":"product","link":"https:\/\/work-foxx.com\/hr\/proizvod\/signal-stozac-50cm\/","title":{"rendered":"Signalni sto\u017eac 50cm"},"content":{"rendered":"<h1>Signalni sto\u017eac 50cm<\/h1>\n<p>Signalni sto\u017eac u crvenoj i bijeloj boji izra\u0111en je od polietilena (PE) \u0161to mu daje veliku fleksibilnost i prilagodljivost. Koristi se za ozna\u010davanje podru\u010dja, ograni\u010davanje pristupa ili upozorenje na opasnost Ovaj sto\u017eac se ne lomi niti puca. Tako\u0111er je odli\u010dan za auto\u0161kole i razne vrste poligona.<\/p>\n<p><strong>Materijal:<\/strong> Polietilen (PE)<br \/>\n<strong>Boja:<\/strong> Crveno &#8211; bijelo<br \/>\n<strong>Visina:<\/strong> 50 cm<\/p>\n","protected":false},"excerpt":{"rendered":"<p>Signalni sto\u017eac u crveno-bijeloj boji koristi se za ozna\u010davanje podru\u010dja, ograni\u010davanje pristupa ili upozoravanje na opasnost.<\/p>\n","protected":false},"featured_media":12298,"comment_status":"open","ping_status":"closed","template":"","meta":{"_acf_changed":false,"inline_featured_image":false},"product_brand":[],"product_cat":[1108,784,1088],"product_tag":[],"class_list":{"0":"post-20696","1":"product","2":"type-product","3":"status-publish","4":"has-post-thumbnail","6":"product_cat-dodaci-odjeca-visoke-vidljivosti","7":"product_cat-odjeca","8":"product_cat-odjeca-visoke-vidljivosti","10":"first","11":"instock","12":"taxable","13":"shipping-taxable","14":"purchasable","15":"product-type-simple"},"acf":[],"_links":{"self":[{"href":"https:\/\/work-foxx.com\/hr\/wp-json\/wp\/v2\/product\/20696","targetHints":{"allow":["GET"]}}],"collection":[{"href":"https:\/\/work-foxx.com\/hr\/wp-json\/wp\/v2\/product"}],"about":[{"href":"https:\/\/work-foxx.com\/hr\/wp-json\/wp\/v2\/types\/product"}],"replies":[{"embeddable":true,"href":"https:\/\/work-foxx.com\/hr\/wp-json\/wp\/v2\/comments?post=20696"}],"wp:featuredmedia":[{"embeddable":true,"href":"https:\/\/work-foxx.com\/hr\/wp-json\/wp\/v2\/media\/12298"}],"wp:attachment":[{"href":"https:\/\/work-foxx.com\/hr\/wp-json\/wp\/v2\/media?parent=20696"}],"wp:term":[{"taxonomy":"product_brand","embeddable":true,"href":"https:\/\/work-foxx.com\/hr\/wp-json\/wp\/v2\/product_brand?post=20696"},{"taxonomy":"product_cat","embeddable":true,"href":"https:\/\/work-foxx.com\/hr\/wp-json\/wp\/v2\/product_cat?post=20696"},{"taxonomy":"product_tag","embeddable":true,"href":"https:\/\/work-foxx.com\/hr\/wp-json\/wp\/v2\/product_tag?post=20696"}],"curies":[{"name":"wp","href":"https:\/\/api.w.org\/{rel}","templated":true}]}}