{"id":20653,"date":"2023-04-13T16:54:00","date_gmt":"2023-04-13T16:54:00","guid":{"rendered":"https:\/\/work-foxx.com\/product\/zastitne-radne-hlace-meru-ii-hi-viz-zute\/"},"modified":"2026-03-30T11:44:38","modified_gmt":"2026-03-30T11:44:38","slug":"multinorm-radne-hlace-meru-ii","status":"publish","type":"product","link":"https:\/\/work-foxx.com\/hr\/proizvod\/multinorm-radne-hlace-meru-ii\/","title":{"rendered":"Multinorm radne hla\u010de MERU II"},"content":{"rendered":"<h1>Multinorm radne hla\u010de MERU II<\/h1>\n<p>Multinorm radne hla\u010de kolekcije Meru II klasi\u010dnog su izgleda. Izra\u0111ene su od izdr\u017eljive tkanine TenCate TECAPRO&#x2122; BG 9025. Tkanina pru\u017ea visoku otpornost na habanje i tretirana je FR premazom koji pru\u017ea dobru za\u0161titu od po\u017eara, a istovremeno odr\u017eava tkaninu mekom i prozra\u010dnom. Kop\u010daju se skrivenim patentnim zatvara\u010dem i gumbom u struku. Dva dijagonalno na\u0161ivena d\u017eepa, d\u017eep s preklopom na stra\u017enjoj strani i d\u017eep za alat s preklopom osiguravaju ve\u0107u funkcionalnost. Reflektiraju\u0107e trake na kraju hla\u010da osiguravaju dobru vidljivost. Za\u0161titne radne hla\u010de imaju dodatno oja\u010danje i dvostruke \u0161avove na koljenima.<\/p>\n<p>Multinorm radne hla\u010de Meru II dio su MULTISAFE WORK LINE linije radne odje\u0107e koja pru\u017ea za\u0161titu od kombinacija rizika kojima radnik mo\u017ee biti izlo\u017een. Odje\u0107a s visokom razinom za\u0161tite smanjuje rizik od te\u0161kih ozljeda. Kroj je klasi\u010dan i pristaje svim tipovima tijela.<\/p>\n<h3>Materijalni sastav i tehni\u010dka svojstva<\/h3>\n<p><strong>Kroj:<\/strong>&nbsp;Regular fit<br \/>\n<strong>Linija:<\/strong>&nbsp;Multisafe work line<br \/>\n<strong>Materijal:<\/strong> TenCate TECAPRO&#x2122; BG 9025, tkanina FR (79 % pamuk, 20 % poliester, 1 % uglji\u010dna vlakna), 260 g\/m2<br \/>\n<strong>Odr\u017eavanje:<\/strong> Pranje u industrijskoj perilici rublja do 75\u00b0C<\/p>\n<p><strong>Veli\u010dine:<\/strong><br \/>\nS (46)<br \/>\nM (48, 50)<br \/>\nL (52, 54)<br \/>\nXL (56, 58)<br \/>\nXXL (60, 62)<\/p>\n<p><strong>Boja:<\/strong> Hi-viz \u017euta<br \/>\n<strong>Spol:<\/strong> Unisex<br \/>\n<strong>Proizvo\u0111a\u010d:<\/strong> <a href=\"https:\/\/www.lacuna.hr\/\">Lacuna<\/a><br \/>\n<strong>Standard:<\/strong> EN 13688, EN ISO 11612, EN 11611, EN 1149, EN 61482, EN 13034, EN ISO 20471<\/p>\n<h3>Opis standarda<\/h3>\n<p data-start=\"20\" data-end=\"168\">EN ISO 13688 odre\u0111uje op\u0107e zahtjeve za ergonomiju, sigurnost, ozna\u010davanje veli\u010dine, starenje materijala i informacije proizvo\u0111a\u010da za\u0161titne odje\u0107e.<\/p>\n<p data-start=\"170\" data-end=\"294\">ISO 11612 odre\u0111uje zahtjeve za za\u0161titnu odje\u0107u od fleksibilnih materijala namijenjenu za\u0161titi tijela od topline i plamena.<\/p>\n<p data-start=\"296\" data-end=\"433\">EN ISO 11611 definira minimalne zahtjeve za odje\u0107u koja \u0161titi korisnika tijekom zavarivanja ili sli\u010dnih postupaka s povezanim rizicima.<\/p>\n<p data-start=\"435\" data-end=\"565\">EN 1149-5 odre\u0111uje zahtjeve za materijale i dizajn za\u0161titne odje\u0107e s elektrostati\u010dkim svojstvima radi ve\u0107e sigurnosti korisnika.<\/p>\n<p data-start=\"567\" data-end=\"681\">EN 61482 definira zahtjeve i metode ispitivanja za za\u0161titnu odje\u0107u protiv toplinskih opasnosti elektri\u010dnog luka.<\/p>\n<p data-start=\"683\" data-end=\"809\">EN 13034 odre\u0111uje zahtjeve za za\u0161titnu odje\u0107u od fleksibilnih materijala protiv manjih koli\u010dina i prskanja teku\u0107ih kemikalija.<\/p>\n<p>EN ISO 20471 me\u0111unarodni je standard koji name\u0107e zahtjeve za vidljivu radnu odje\u0107u za zaposlenike u visokorizi\u010dnim podru\u010djima.<\/p>\n<h3>Opis kolekcije<\/h3>\n<p data-start=\"956\" data-end=\"1223\">Kolekcija MERU obuhva\u0107a multinorm za\u0161titnu radnu odje\u0107u za zahtjevne industrijske uvjete. Namijenjena je korisnicima koji trebaju za\u0161titu od vi\u0161e vrsta rizika istovremeno. Odje\u0107a pru\u017ea sigurnost pri izlo\u017eenosti toplini, plamenu, elektri\u010dnom luku i drugim opasnostima.<\/p>\n<p data-start=\"1225\" data-end=\"1501\">Izra\u0111ena je od tehni\u010dki naprednih materijala koji kombiniraju sigurnost, udobnost i izdr\u017eljivost. Posebne tkanine omogu\u0107uju prozra\u010dnost i visoku otpornost na habanje. Multinorm standardi podr\u017eavaju siguran rad pri zavarivanju, visokim temperaturama i eksplozivnim okru\u017eenjima.<\/p>\n<p data-start=\"1503\" data-end=\"1708\">Kolekcija uklju\u010duje za\u0161titne jakne, hla\u010de i farmer modele za potpunu za\u0161titu. Reflektivni detalji pove\u0107avaju vidljivost tijekom rada. MERU je pouzdan izbor za certificiranu multinorm za\u0161titnu radnu opremu.<\/p>\n<p><em>Savjete za odabir kvalitetne za\u0161titne odje\u0107e koja \u0107e zadovoljiti va\u0161e potrebe mo\u017eete prona\u0107i u rubrici &#8220;<a href=\"https:\/\/work-foxx.com\/hr\/savjeti\/\">Savjeti stru\u010dnjaka<\/a>&#8220;.<\/em><\/p>\n","protected":false},"excerpt":{"rendered":"<p>Multinorm radne hla\u010de Meru II kop\u010daju se skrivenim patentnim zatvara\u010dem i imaju nekoliko funkcionalnih d\u017eepova. Karakterizira ih HI-VIZ \u017euta boja.<\/p>\n","protected":false},"featured_media":14464,"comment_status":"open","ping_status":"closed","template":"","meta":{"_acf_changed":false,"inline_featured_image":false},"product_brand":[],"product_cat":[1133,1132,784],"product_tag":[],"class_list":{"0":"post-20653","1":"product","2":"type-product","3":"status-publish","4":"has-post-thumbnail","6":"product_cat-multinorm-hlace","7":"product_cat-multinorm-odjeca","8":"product_cat-odjeca","10":"first","11":"instock","12":"taxable","13":"shipping-taxable","14":"purchasable","15":"product-type-variable"},"acf":[],"_links":{"self":[{"href":"https:\/\/work-foxx.com\/hr\/wp-json\/wp\/v2\/product\/20653","targetHints":{"allow":["GET"]}}],"collection":[{"href":"https:\/\/work-foxx.com\/hr\/wp-json\/wp\/v2\/product"}],"about":[{"href":"https:\/\/work-foxx.com\/hr\/wp-json\/wp\/v2\/types\/product"}],"replies":[{"embeddable":true,"href":"https:\/\/work-foxx.com\/hr\/wp-json\/wp\/v2\/comments?post=20653"}],"wp:featuredmedia":[{"embeddable":true,"href":"https:\/\/work-foxx.com\/hr\/wp-json\/wp\/v2\/media\/14464"}],"wp:attachment":[{"href":"https:\/\/work-foxx.com\/hr\/wp-json\/wp\/v2\/media?parent=20653"}],"wp:term":[{"taxonomy":"product_brand","embeddable":true,"href":"https:\/\/work-foxx.com\/hr\/wp-json\/wp\/v2\/product_brand?post=20653"},{"taxonomy":"product_cat","embeddable":true,"href":"https:\/\/work-foxx.com\/hr\/wp-json\/wp\/v2\/product_cat?post=20653"},{"taxonomy":"product_tag","embeddable":true,"href":"https:\/\/work-foxx.com\/hr\/wp-json\/wp\/v2\/product_tag?post=20653"}],"curies":[{"name":"wp","href":"https:\/\/api.w.org\/{rel}","templated":true}]}}