{"id":20645,"date":"2023-04-13T16:55:00","date_gmt":"2023-04-13T16:55:00","guid":{"rendered":"https:\/\/work-foxx.com\/product\/signalni-plasticni-lanac-25-m-hi-viz-crveni\/"},"modified":"2026-02-19T14:46:38","modified_gmt":"2026-02-19T14:46:38","slug":"signalni-lanac-25m","status":"publish","type":"product","link":"https:\/\/work-foxx.com\/hr\/proizvod\/signalni-lanac-25m\/","title":{"rendered":"Signalni lanac 25 m"},"content":{"rendered":"<h1>Signalni lanac 25 m<\/h1>\n<p>Signalni plasti\u010dni lanac u crveno-bijeloj boji koristi se za ozna\u010davanje podru\u010dja ili ograni\u010davanje pristupa. Tako\u0111er se mo\u017ee koristiti u kombinaciji sa signalnom \u0161tapom sa postoljem.<\/p>\n<p><strong>Materijal:<\/strong> Polietilena<br \/>\n<strong>Boja:<\/strong> Crveno-bijelo<br \/>\n<strong>Svojstava:<\/strong> Otpornost na temperature izme\u0111u -10 \u00b0C i +75 \u00b0C<br \/>\n<strong>Pakiranje:<\/strong> 25 m u pakiranju<\/p>\n","protected":false},"excerpt":{"rendered":"<p>Signalni plasti\u010dni lanac koristi se za ozna\u010davanje podru\u010dja ili ograni\u010davanje pristupa. Mo\u017ee se koristiti u kombinaciji sa signalnom \u0161ipkom.<\/p>\n","protected":false},"featured_media":12438,"comment_status":"open","ping_status":"closed","template":"","meta":{"_acf_changed":false,"inline_featured_image":false},"product_brand":[],"product_cat":[1108,784,1088],"product_tag":[],"class_list":{"0":"post-20645","1":"product","2":"type-product","3":"status-publish","4":"has-post-thumbnail","6":"product_cat-dodaci-odjeca-visoke-vidljivosti","7":"product_cat-odjeca","8":"product_cat-odjeca-visoke-vidljivosti","10":"first","11":"instock","12":"taxable","13":"shipping-taxable","14":"purchasable","15":"product-type-simple"},"acf":[],"_links":{"self":[{"href":"https:\/\/work-foxx.com\/hr\/wp-json\/wp\/v2\/product\/20645","targetHints":{"allow":["GET"]}}],"collection":[{"href":"https:\/\/work-foxx.com\/hr\/wp-json\/wp\/v2\/product"}],"about":[{"href":"https:\/\/work-foxx.com\/hr\/wp-json\/wp\/v2\/types\/product"}],"replies":[{"embeddable":true,"href":"https:\/\/work-foxx.com\/hr\/wp-json\/wp\/v2\/comments?post=20645"}],"wp:featuredmedia":[{"embeddable":true,"href":"https:\/\/work-foxx.com\/hr\/wp-json\/wp\/v2\/media\/12438"}],"wp:attachment":[{"href":"https:\/\/work-foxx.com\/hr\/wp-json\/wp\/v2\/media?parent=20645"}],"wp:term":[{"taxonomy":"product_brand","embeddable":true,"href":"https:\/\/work-foxx.com\/hr\/wp-json\/wp\/v2\/product_brand?post=20645"},{"taxonomy":"product_cat","embeddable":true,"href":"https:\/\/work-foxx.com\/hr\/wp-json\/wp\/v2\/product_cat?post=20645"},{"taxonomy":"product_tag","embeddable":true,"href":"https:\/\/work-foxx.com\/hr\/wp-json\/wp\/v2\/product_tag?post=20645"}],"curies":[{"name":"wp","href":"https:\/\/api.w.org\/{rel}","templated":true}]}}