{"id":20414,"date":"2023-04-13T16:55:00","date_gmt":"2023-04-13T16:55:00","guid":{"rendered":"https:\/\/work-foxx.com\/product\/signalna-traka-5-cm-x-100-m-hi-viz-crvena\/"},"modified":"2026-02-19T14:43:16","modified_gmt":"2026-02-19T14:43:16","slug":"signalna-traka-5cm-x-100m","status":"publish","type":"product","link":"https:\/\/work-foxx.com\/hr\/proizvod\/signalna-traka-5cm-x-100m\/","title":{"rendered":"Signalna traka 5cm x 100m"},"content":{"rendered":"<h1>Signalna traka 5cm x 100m<\/h1>\n<p>Crveno-bijela signalna traka kolekcije Yard koristi se za ozna\u010davanje podru\u010dja ili ograni\u010davanje pristupa. Tako\u0111er se mo\u017ee koristiti u kombinaciji sa signalnim \u0161tapom sa postoljem iz ove kolekcije.<\/p>\n<p><strong>Boja:<\/strong> Bijelo-crvena<br \/>\n<strong>Dimenzije:<\/strong> 5 cm x 100 m<\/p>\n","protected":false},"excerpt":{"rendered":"<p>Signalna traka koristi se za ozna\u010davanje podru\u010dja ili ograni\u010davanje pristupa. Tako\u0111er se mo\u017ee koristiti u kombinaciji sa signalnom \u0161ipkom.<\/p>\n","protected":false},"featured_media":15282,"comment_status":"open","ping_status":"closed","template":"","meta":{"_acf_changed":false,"inline_featured_image":false},"product_brand":[],"product_cat":[1108,784,1088],"product_tag":[],"class_list":{"0":"post-20414","1":"product","2":"type-product","3":"status-publish","4":"has-post-thumbnail","6":"product_cat-dodaci-odjeca-visoke-vidljivosti","7":"product_cat-odjeca","8":"product_cat-odjeca-visoke-vidljivosti","10":"first","11":"instock","12":"taxable","13":"shipping-taxable","14":"purchasable","15":"product-type-simple"},"acf":[],"_links":{"self":[{"href":"https:\/\/work-foxx.com\/hr\/wp-json\/wp\/v2\/product\/20414","targetHints":{"allow":["GET"]}}],"collection":[{"href":"https:\/\/work-foxx.com\/hr\/wp-json\/wp\/v2\/product"}],"about":[{"href":"https:\/\/work-foxx.com\/hr\/wp-json\/wp\/v2\/types\/product"}],"replies":[{"embeddable":true,"href":"https:\/\/work-foxx.com\/hr\/wp-json\/wp\/v2\/comments?post=20414"}],"wp:featuredmedia":[{"embeddable":true,"href":"https:\/\/work-foxx.com\/hr\/wp-json\/wp\/v2\/media\/15282"}],"wp:attachment":[{"href":"https:\/\/work-foxx.com\/hr\/wp-json\/wp\/v2\/media?parent=20414"}],"wp:term":[{"taxonomy":"product_brand","embeddable":true,"href":"https:\/\/work-foxx.com\/hr\/wp-json\/wp\/v2\/product_brand?post=20414"},{"taxonomy":"product_cat","embeddable":true,"href":"https:\/\/work-foxx.com\/hr\/wp-json\/wp\/v2\/product_cat?post=20414"},{"taxonomy":"product_tag","embeddable":true,"href":"https:\/\/work-foxx.com\/hr\/wp-json\/wp\/v2\/product_tag?post=20414"}],"curies":[{"name":"wp","href":"https:\/\/api.w.org\/{rel}","templated":true}]}}