{"id":20278,"date":"2023-04-13T16:56:00","date_gmt":"2023-04-13T16:56:00","guid":{"rendered":"https:\/\/work-foxx.com\/product\/weepro-kombinezoni-bijeli\/"},"modified":"2026-02-23T08:10:15","modified_gmt":"2026-02-23T08:10:15","slug":"jednokratni-kombinezon-weepro","status":"publish","type":"product","link":"https:\/\/work-foxx.com\/hr\/proizvod\/jednokratni-kombinezon-weepro\/","title":{"rendered":"Jednokratni kombinezon WeePro"},"content":{"rendered":"<h1>Jednokratni kombinezon WeePro<\/h1>\n<p>Jednokratni kombinezon WeePro s patentnim zatvara\u010dem izra\u0111en je od kombinacije polipropilena i polietilena. Ima integriranu elasti\u010dnu man\u017eetu na krajevima rukava i hla\u010da za bolje pristajanje.<\/p>\n<h3>Materijalni sastav i tehni\u010dka svojstva<\/h3>\n<p><strong>Materijal:<\/strong> Polipropilen (PP), polietilen (PE)<br \/>\n<strong>Kapulja\u010da:<\/strong> S elastikom<br \/>\n<strong>Zatvaranje:<\/strong> Zatvara\u010d s preklopom<br \/>\n<strong>Rukavi i stopala:<\/strong> Elasti\u010dna obrada<\/p>\n<p><strong>Boja:<\/strong> Bijela<br \/>\n<strong>Dostupne veli\u010dine:<\/strong> S-3XL<br \/>\n<strong>Proizvo\u0111a\u010d:<\/strong> <a href=\"https:\/\/weesafe.fr\/en\/\">WeeSafe<\/a><br \/>\n<strong>Pakiranje:<\/strong> 1 kom u vre\u0107ici<br \/>\n<strong>Standard:<\/strong> EN 13982-1, EN 13034, EN 1149-5, EN 1073-2, EN 14126<\/p>\n<p>Ako proizvod koji vam je potreban nije na zalihi ili ne mo\u017eete prona\u0107i \u017eeljeni proizvod u na\u0161oj internetskoj trgovini, pozivamo vas da nam po\u0161aljete upit na\u00a0<a href=\"mailto:info@work-foxx.com\"><strong>info@work-foxx.com<\/strong><\/a>\u00a0ili putem\u00a0<a href=\"https:\/\/work-foxx.com\/hr\/pomoc-i-kontakt\/\">kontakt obrasca<\/a>. S na\u0161om partnerskom mre\u017eom poku\u0161at \u0107emo vam pru\u017eiti \u017eeljene proizvode ili skratiti vrijeme isporuke.<\/p>\n","protected":false},"excerpt":{"rendered":"<p>Jednokratni kombinezon WeePro izra\u0111en je od kombinacije polipropilena i polietilena. Ima elasti\u010dnu man\u017eetu na krajevima rukava i hla\u010da.<\/p>\n","protected":false},"featured_media":14914,"comment_status":"open","ping_status":"closed","template":"","meta":{"_acf_changed":false,"inline_featured_image":false},"product_brand":[],"product_cat":[1112,1064,784],"product_tag":[],"class_list":{"0":"post-20278","1":"product","2":"type-product","3":"status-publish","4":"has-post-thumbnail","6":"product_cat-jednokratni-kombinezoni","7":"product_cat-jednokratni-program","8":"product_cat-odjeca","10":"first","11":"instock","12":"taxable","13":"shipping-taxable","14":"purchasable","15":"product-type-variable"},"acf":[],"_links":{"self":[{"href":"https:\/\/work-foxx.com\/hr\/wp-json\/wp\/v2\/product\/20278","targetHints":{"allow":["GET"]}}],"collection":[{"href":"https:\/\/work-foxx.com\/hr\/wp-json\/wp\/v2\/product"}],"about":[{"href":"https:\/\/work-foxx.com\/hr\/wp-json\/wp\/v2\/types\/product"}],"replies":[{"embeddable":true,"href":"https:\/\/work-foxx.com\/hr\/wp-json\/wp\/v2\/comments?post=20278"}],"wp:featuredmedia":[{"embeddable":true,"href":"https:\/\/work-foxx.com\/hr\/wp-json\/wp\/v2\/media\/14914"}],"wp:attachment":[{"href":"https:\/\/work-foxx.com\/hr\/wp-json\/wp\/v2\/media?parent=20278"}],"wp:term":[{"taxonomy":"product_brand","embeddable":true,"href":"https:\/\/work-foxx.com\/hr\/wp-json\/wp\/v2\/product_brand?post=20278"},{"taxonomy":"product_cat","embeddable":true,"href":"https:\/\/work-foxx.com\/hr\/wp-json\/wp\/v2\/product_cat?post=20278"},{"taxonomy":"product_tag","embeddable":true,"href":"https:\/\/work-foxx.com\/hr\/wp-json\/wp\/v2\/product_tag?post=20278"}],"curies":[{"name":"wp","href":"https:\/\/api.w.org\/{rel}","templated":true}]}}