{"id":20196,"date":"2023-04-13T16:56:00","date_gmt":"2023-04-13T16:56:00","guid":{"rendered":"https:\/\/work-foxx.com\/product\/ogrtac-ari-bijeli\/"},"modified":"2026-02-23T08:18:35","modified_gmt":"2026-02-23T08:18:35","slug":"jednokratna-kuta-ari","status":"publish","type":"product","link":"https:\/\/work-foxx.com\/hr\/proizvod\/jednokratna-kuta-ari\/","title":{"rendered":"Jednokratna kuta ARI"},"content":{"rendered":"<h1>Jednokratna kuta ARI<\/h1>\n<p>Jednokratna kuta Ari u bijeloj boji izra\u0111ena je od polipropilena. Ima klasi\u010dnu kragnu i nema d\u017eepove. Kop\u010da se gumbom.<\/p>\n<h3>Materijalni sastav i tehni\u010dka svojstva<\/h3>\n<p><strong>Materijal:<\/strong> Polipropilen (PP), 25 g\/m2<br \/>\n<strong>Boja<\/strong>: Bijela<br \/>\n<strong>Karakteristike:<\/strong> Klasi\u010dan ovratnik, bez d\u017eepova, kop\u010danje na gumb<\/p>\n<p><strong>Veli\u010dina:<\/strong> M &#8211; XXL<br \/>\n<strong>Pakiranje:<\/strong> 1 kom po vre\u0107ici<br \/>\n<strong>Proizvo\u0111a\u010d:<\/strong> <a href=\"https:\/\/www.lacuna.hr\/\">Lacuna<\/a><br \/>\n<strong>Standard:<\/strong> EN 13688<\/p>\n<p>Ako proizvod koji vam je potreban nije na zalihi ili ne mo\u017eete prona\u0107i \u017eeljeni proizvod u na\u0161oj internetskoj trgovini, pozivamo vas da nam po\u0161aljete upit na\u00a0<a href=\"mailto:info@work-foxx.com\"><strong>info@work-foxx.com<\/strong><\/a>\u00a0ili putem\u00a0<a href=\"https:\/\/work-foxx.com\/hr\/pomoc-i-kontakt\/\">kontakt obrasca<\/a>. S na\u0161om partnerskom mre\u017eom poku\u0161at \u0107emo vam pru\u017eiti \u017eeljene proizvode ili skratiti vrijeme isporuke.<\/p>\n<p>&nbsp;<\/p>\n","protected":false},"excerpt":{"rendered":"<p>Jednokratna kuta Ari u bijeloj boji izra\u0111ena je od polipropilena. Ima klasi\u010dnu kragnu i nema d\u017eepove. Kop\u010da se gumbima. Pakirana je po 1 komad u vre\u0107ici.<\/p>\n","protected":false},"featured_media":14426,"comment_status":"open","ping_status":"closed","template":"","meta":{"_acf_changed":false,"inline_featured_image":false},"product_brand":[],"product_cat":[1084,1064,784],"product_tag":[],"class_list":{"0":"post-20196","1":"product","2":"type-product","3":"status-publish","4":"has-post-thumbnail","6":"product_cat-jednokratne-kute-i-pregace","7":"product_cat-jednokratni-program","8":"product_cat-odjeca","10":"first","11":"instock","12":"taxable","13":"shipping-taxable","14":"purchasable","15":"product-type-variable"},"acf":[],"_links":{"self":[{"href":"https:\/\/work-foxx.com\/hr\/wp-json\/wp\/v2\/product\/20196","targetHints":{"allow":["GET"]}}],"collection":[{"href":"https:\/\/work-foxx.com\/hr\/wp-json\/wp\/v2\/product"}],"about":[{"href":"https:\/\/work-foxx.com\/hr\/wp-json\/wp\/v2\/types\/product"}],"replies":[{"embeddable":true,"href":"https:\/\/work-foxx.com\/hr\/wp-json\/wp\/v2\/comments?post=20196"}],"wp:featuredmedia":[{"embeddable":true,"href":"https:\/\/work-foxx.com\/hr\/wp-json\/wp\/v2\/media\/14426"}],"wp:attachment":[{"href":"https:\/\/work-foxx.com\/hr\/wp-json\/wp\/v2\/media?parent=20196"}],"wp:term":[{"taxonomy":"product_brand","embeddable":true,"href":"https:\/\/work-foxx.com\/hr\/wp-json\/wp\/v2\/product_brand?post=20196"},{"taxonomy":"product_cat","embeddable":true,"href":"https:\/\/work-foxx.com\/hr\/wp-json\/wp\/v2\/product_cat?post=20196"},{"taxonomy":"product_tag","embeddable":true,"href":"https:\/\/work-foxx.com\/hr\/wp-json\/wp\/v2\/product_tag?post=20196"}],"curies":[{"name":"wp","href":"https:\/\/api.w.org\/{rel}","templated":true}]}}