{"id":19968,"date":"2023-04-14T08:27:00","date_gmt":"2023-04-14T08:27:00","guid":{"rendered":"https:\/\/work-foxx.com\/product\/bura-o2-visoke-radne-cipele\/"},"modified":"2026-03-30T12:10:01","modified_gmt":"2026-03-30T12:10:01","slug":"visoke-radne-cipele-bura-o2","status":"publish","type":"product","link":"https:\/\/work-foxx.com\/hr\/proizvod\/visoke-radne-cipele-bura-o2\/","title":{"rendered":"Visoke radne cipele BURA O2"},"content":{"rendered":"<h1>Visoke radne cipele BURA O2<\/h1>\n<p>Visoke radne cipele Bura su bez za\u0161titne kapice i klasificirane su u za\u0161titnu klasu O2. Izra\u0111ene su od vodootporne gove\u0111e ko\u017ee (WR) s podstavom od vi\u0161eslojne vodootporne i prozra\u010dne membrane u kombinaciji s vi\u0161edimenzionalnom mre\u017eom. Podstavljeni jezik pru\u017ea ve\u0107u udobnost i bolju za\u0161titu, a anatomski ulo\u017eak na bazi memorijske pjene omogu\u0107uje disanje stopala. Dvoslojni potplat od poliuretana (PU) i nitrilne gume osigurava dobro prianjanje i protukliznu za\u0161titu na keramici i metalu (SRC). Potplat cipele \u0161titi od hladno\u0107e (CI), topline (HI) i testiran je na kontakt s toplinom do 300 \u00b0C (HRO). Radne cipele nude za\u0161titu od elektrostati\u010dkog pra\u017enjenja (ESD). Visoke radne cipele Bura za\u0161titne klase O2 imaju antistati\u010dki potplat i ulo\u017eak. Potplat je otporan na ugljikovodike, a peta radne cipele upija energiju. Gornji dio cipele je otporan na upijanje vode.<\/p>\n<h3>Materijalni sastav i tehni\u010dka svojstva<\/h3>\n<p><strong>Vanjski materijal:<\/strong>&nbsp;Vodootporna gove\u0111a ko\u017ea<br \/>\n<b>Podstava:<\/b>&nbsp;Vodootporna i prozra\u010dna vi\u0161eslojna membrana u kombinaciji s vi\u0161edimenzionalnom mre\u017eom<br \/>\n<b>Ulo\u017eak:<\/b>&nbsp;Anatomski, periv, na bazi memorijske pjene<br \/>\n<strong>Potplat:<\/strong>&nbsp;Dvoslojni, poliuretan (PU) \/ nitrilna guma, SRC, HRO, CI, HI, ESD<\/p>\n<p><strong>Veli\u010dine:<\/strong>&nbsp;36 &#8211; 48<br \/>\n<strong>Boja:<\/strong>&nbsp;Crna s crvenim dodacima<br \/>\n<strong>Spol:<\/strong>&nbsp;Unisex<br \/>\n<strong>Proizvo\u0111a\u010d:<\/strong>&nbsp;<a href=\"https:\/\/www.lacuna.hr\/\">Lacuna<\/a><\/p>\n<p><strong>Tehni\u010dke karakteristike:<\/strong>&nbsp;O2, SRC, WR, HRO, CI, HI, ESD<br \/>\n<strong>Za\u0161tita prstiju:<\/strong>&nbsp;Bez za\u0161titne kapice (OB)<br \/>\n<strong>Standard:<\/strong>&nbsp;EN ISO 20347:2012, EN 61340-5-1:2016 ESD<\/p>\n<h3>Opis standarda<\/h3>\n<p>Norma EN ISO 20347 definira osnovne zahtjeve za profesionalnu obu\u0107u. Izme\u0111u ostalog, postavljaju se zahtjevi na oblik, svojstva potplata, protukliznost, ergonomska svojstva, gornji dio obu\u0107e, \u010dvrsto\u0107u, podstavu, ulo\u0161ke, potplate itd. Radna obu\u0107a prema propisu EN ISO 20347 nema za\u0161titnu kapicu i pogodan je za rad gdje postoji mala mogu\u0107nost o\u0161te\u0107enja uslijed mehani\u010dkih utjecaja.<\/p>\n<p>Norma EN 61340-5-1 specificira karakteristike za za\u0161titu od elektroni\u010dkih komponenti i opreme koji se mogu o\u0161tetiti elektrostati\u010dkim pra\u017enjenjem. Ovaj standard tako\u0111er definira karakteristike koje EPA (Electrostatic Protected Area) mora imati.<\/p>\n<p><i>Savjete za odabir pravih radnih cipela za va\u0161e potrebe mo\u017eete prona\u0107i u segmentu &#8220;<\/i><a href=\"https:\/\/work-foxx.com\/hr\/savjeti\/\"><i>Savjeti stru\u010dnjaka<\/i><\/a><i>&#8220;.<\/i><\/p>\n","protected":false},"excerpt":{"rendered":"<p>Bura visoke radne cipele su bez za\u0161titne kapice, antistatike, otporne na ulje i gorivo, vibracije otporne na jastuke, protuklizne i vodopropusne.<\/p>\n","protected":false},"featured_media":14544,"comment_status":"open","ping_status":"closed","template":"","meta":{"_acf_changed":false,"inline_featured_image":false},"product_brand":[],"product_cat":[1013,1068,1072],"product_tag":[],"class_list":{"0":"post-19968","1":"product","2":"type-product","3":"status-publish","4":"has-post-thumbnail","6":"product_cat-obuca","7":"product_cat-radne-cipele","8":"product_cat-visoke-radne-cipele","10":"first","11":"instock","12":"taxable","13":"shipping-taxable","14":"purchasable","15":"product-type-variable"},"acf":[],"_links":{"self":[{"href":"https:\/\/work-foxx.com\/hr\/wp-json\/wp\/v2\/product\/19968","targetHints":{"allow":["GET"]}}],"collection":[{"href":"https:\/\/work-foxx.com\/hr\/wp-json\/wp\/v2\/product"}],"about":[{"href":"https:\/\/work-foxx.com\/hr\/wp-json\/wp\/v2\/types\/product"}],"replies":[{"embeddable":true,"href":"https:\/\/work-foxx.com\/hr\/wp-json\/wp\/v2\/comments?post=19968"}],"wp:featuredmedia":[{"embeddable":true,"href":"https:\/\/work-foxx.com\/hr\/wp-json\/wp\/v2\/media\/14544"}],"wp:attachment":[{"href":"https:\/\/work-foxx.com\/hr\/wp-json\/wp\/v2\/media?parent=19968"}],"wp:term":[{"taxonomy":"product_brand","embeddable":true,"href":"https:\/\/work-foxx.com\/hr\/wp-json\/wp\/v2\/product_brand?post=19968"},{"taxonomy":"product_cat","embeddable":true,"href":"https:\/\/work-foxx.com\/hr\/wp-json\/wp\/v2\/product_cat?post=19968"},{"taxonomy":"product_tag","embeddable":true,"href":"https:\/\/work-foxx.com\/hr\/wp-json\/wp\/v2\/product_tag?post=19968"}],"curies":[{"name":"wp","href":"https:\/\/api.w.org\/{rel}","templated":true}]}}