{"id":19756,"date":"2023-04-14T08:21:00","date_gmt":"2023-04-14T08:21:00","guid":{"rendered":"https:\/\/work-foxx.com\/product\/carape-bali-sivo-crne-pakiranje-3-1\/"},"modified":"2026-04-29T09:45:27","modified_gmt":"2026-04-29T09:45:27","slug":"carape-bali-3-1","status":"publish","type":"product","link":"https:\/\/work-foxx.com\/hr\/proizvod\/carape-bali-3-1\/","title":{"rendered":"\u010carape BALI (3\/1)"},"content":{"rendered":"<h1>\u010carape BALI (3\/1)<\/h1>\n<p>\u010carape Bali su prikladne za posao i slobodno vrijeme. Izra\u0111ene su od mje\u0161avine pamuka i poliestera s dodatkom elastina za ve\u0107u fleksibilnost i udobnost. \u010carape Bali su pakirane po 3 para u paketu.<\/p>\n<h3>Materijalni sastav i tehni\u010dka svojstva<\/h3>\n<p><strong>Materijal:<\/strong> Reciklirani pamuk 60%, poliester 38%, elastan 2%<br \/>\n<strong>Veli\u010dina:<\/strong> Dupla, 39\u201342 i 43\u201346<br \/>\n<strong>Boja:<\/strong> Crna<br \/>\n<strong>Pakiranje:<\/strong> 3\/1, tri para u paketu<\/p>\n<p><strong>Proizvo\u0111a\u010d:<\/strong> <a href=\"https:\/\/www.lacuna.hr\/\">Lacuna<\/a><\/p>\n<p><em>Savjete za odabir pravih radnih \u010darapa za va\u0161 posao mo\u017eete prona\u0107i u segmentu &#8220;<a href=\"https:\/\/work-foxx.com\/hr\/savjeti\/\">Savjeti stru\u010dnjaka<\/a>&#8220;.<\/em><\/p>\n","protected":false},"excerpt":{"rendered":"<p>\u010carape Bali su prikladne za posao i slobodno vrijeme. Izra\u0111ene su od mje\u0161avine pamuka i poliestera s dodatkom elastina za ve\u0107u fleksibilnost i udobnost.<\/p>\n","protected":false},"featured_media":14888,"comment_status":"open","ping_status":"closed","template":"","meta":{"_acf_changed":false,"inline_featured_image":false},"product_brand":[],"product_cat":[1024,1013,1979],"product_tag":[],"class_list":{"0":"post-19756","1":"product","2":"type-product","3":"status-publish","4":"has-post-thumbnail","6":"product_cat-carape-i-dodaci","7":"product_cat-obuca","8":"product_cat-radne-carape","10":"first","11":"instock","12":"taxable","13":"shipping-taxable","14":"purchasable","15":"product-type-variable"},"acf":[],"_links":{"self":[{"href":"https:\/\/work-foxx.com\/hr\/wp-json\/wp\/v2\/product\/19756","targetHints":{"allow":["GET"]}}],"collection":[{"href":"https:\/\/work-foxx.com\/hr\/wp-json\/wp\/v2\/product"}],"about":[{"href":"https:\/\/work-foxx.com\/hr\/wp-json\/wp\/v2\/types\/product"}],"replies":[{"embeddable":true,"href":"https:\/\/work-foxx.com\/hr\/wp-json\/wp\/v2\/comments?post=19756"}],"wp:featuredmedia":[{"embeddable":true,"href":"https:\/\/work-foxx.com\/hr\/wp-json\/wp\/v2\/media\/14888"}],"wp:attachment":[{"href":"https:\/\/work-foxx.com\/hr\/wp-json\/wp\/v2\/media?parent=19756"}],"wp:term":[{"taxonomy":"product_brand","embeddable":true,"href":"https:\/\/work-foxx.com\/hr\/wp-json\/wp\/v2\/product_brand?post=19756"},{"taxonomy":"product_cat","embeddable":true,"href":"https:\/\/work-foxx.com\/hr\/wp-json\/wp\/v2\/product_cat?post=19756"},{"taxonomy":"product_tag","embeddable":true,"href":"https:\/\/work-foxx.com\/hr\/wp-json\/wp\/v2\/product_tag?post=19756"}],"curies":[{"name":"wp","href":"https:\/\/api.w.org\/{rel}","templated":true}]}}