{"id":19752,"date":"2023-04-14T08:28:00","date_gmt":"2023-04-14T08:28:00","guid":{"rendered":"https:\/\/work-foxx.com\/product\/freedite-s3-cipele-visoke-sigurnosti\/"},"modified":"2026-03-30T18:27:20","modified_gmt":"2026-03-30T18:27:20","slug":"visoke-zastitne-cipele-freedite-s3","status":"publish","type":"product","link":"https:\/\/work-foxx.com\/hr\/proizvod\/visoke-zastitne-cipele-freedite-s3\/","title":{"rendered":"Visoke za\u0161titne cipele FREEDITE S3"},"content":{"rendered":"<h1>Visoke za\u0161titne cipele FREEDITE S3<\/h1>\n<p>Visoke za\u0161titne cipele Freedite imaju za\u0161titnu kapicu i klasificirane su u za\u0161titnu klasu S3. Izra\u0111ene su od granulirane vodootporne kravlje ko\u017ee i imaju prozra\u010dnu tekstilnu podstavu. Podstavljeni jezik pru\u017ea ve\u0107u udobnost i bolju za\u0161titu. Ulo\u017eak ima antistati\u010dka svojstva, a mo\u017ee se izvaditi i prati. Potplat od poliuretana dvostruke gusto\u0107e (PU) je antistati\u010dan, otporan na ulja i ugljikovodike te nudi visoku otpornost na habanje. Cipele nude dobro prianjanje i za\u0161titu od klizanja na keramici i metalu (SRC). Visoke za\u0161titne cipele Freedite za\u0161titne klase S3 imaju antistati\u010dki potplat i ulo\u017eak. Potplat je otporan na probijanje i ugljikovodike, a peta radne cipele apsorbira energiju. Gornji dio cipele je otporan na upijanje vode.<\/p>\n<h3>Materijalni sastav i tehni\u010dka svojstva<\/h3>\n<p><strong>Vanjski materijal:<\/strong>&nbsp;Vodootporna granulirana gove\u0111a ko\u017ea<br \/>\n<b>Podstava:<\/b>&nbsp;Zra\u010dni tekstil<br \/>\n<b>Ulo\u017eak:<\/b>&nbsp;Uklonjiv, prozra\u010dan, antistati\u010dan<br \/>\n<strong>Potplat:<\/strong>&nbsp;Dvoslojni poliuretan dvostruke gusto\u0107e (PU) \/ poliuretan (PU)<\/p>\n<p><strong>Veli\u010dine:<\/strong>&nbsp;36 &#8211; 48<br \/>\n<strong>Boja:<\/strong>&nbsp;Crna<br \/>\n<strong>Spol:<\/strong>&nbsp;Unisex<br \/>\n<strong>Proizvo\u0111a\u010d:<\/strong>&nbsp;<a href=\"https:\/\/www.coverguard-safety.com\/\">Coverguard<\/a><\/p>\n<p><strong>Tehni\u010dke karakteristike:<\/strong>&nbsp;S3, SRC<br \/>\n<strong>Za\u0161tita prstiju:<\/strong>&nbsp;Za\u0161titna kapica (SB), kompozitna<br \/>\n<b>Za\u0161tita potplata:<\/b>&nbsp;Sigurnosni ulo\u017eak, neprobojni tekstil<br \/>\n<strong>Standard:<\/strong>&nbsp;EN ISO 20345: 2011<\/p>\n<h3>Opis standarda<\/h3>\n<p>Norma EN ISO 20345 utvr\u0111uje osnovne zahtjeve i (po izboru) dodatne zahtjeve za za\u0161titnu obu\u0107u. Obu\u0107a koja je u skladu s normom EN ISO 20345 mora imati specifi\u010dan oblik, za\u0161titu za prste, protuklizni potplat, ergonomska svojstva, gornji dio obu\u0107e, \u010dvrsto\u0107u i mora zadovoljiti tra\u017eene kriterije ispitivanja. Za\u0161titna obu\u0107a s kapom prikladna je za rad gdje postoji velika mogu\u0107nost ozljeda uslijed mehani\u010dkih utjecaja.<\/p>\n<p><i>Savjete za odabir pravih radnih cipela za va\u0161e potrebe mo\u017eete prona\u0107i u segmentu &#8220;<\/i><a href=\"https:\/\/work-foxx.com\/hr\/savjeti\/\"><i>Savjeti stru\u010dnjaka<\/i><\/a><i>&#8220;.<\/i><\/p>\n","protected":false},"excerpt":{"rendered":"<p>Visoke za\u0161titne cipele Freedite S3 imaju za\u0161titnu kapicu, otporne su na prodor vode i imaju protuklizni potplat koji je otporan na probijanje.<\/p>\n","protected":false},"featured_media":13818,"comment_status":"open","ping_status":"closed","template":"","meta":{"_acf_changed":false,"inline_featured_image":false},"product_brand":[],"product_cat":[1013,1045,1042],"product_tag":[],"class_list":{"0":"post-19752","1":"product","2":"type-product","3":"status-publish","4":"has-post-thumbnail","6":"product_cat-obuca","7":"product_cat-visoke-zastitne-cipele","8":"product_cat-zastitne-cipele","10":"first","11":"instock","12":"taxable","13":"shipping-taxable","14":"purchasable","15":"product-type-variable"},"acf":[],"_links":{"self":[{"href":"https:\/\/work-foxx.com\/hr\/wp-json\/wp\/v2\/product\/19752","targetHints":{"allow":["GET"]}}],"collection":[{"href":"https:\/\/work-foxx.com\/hr\/wp-json\/wp\/v2\/product"}],"about":[{"href":"https:\/\/work-foxx.com\/hr\/wp-json\/wp\/v2\/types\/product"}],"replies":[{"embeddable":true,"href":"https:\/\/work-foxx.com\/hr\/wp-json\/wp\/v2\/comments?post=19752"}],"wp:featuredmedia":[{"embeddable":true,"href":"https:\/\/work-foxx.com\/hr\/wp-json\/wp\/v2\/media\/13818"}],"wp:attachment":[{"href":"https:\/\/work-foxx.com\/hr\/wp-json\/wp\/v2\/media?parent=19752"}],"wp:term":[{"taxonomy":"product_brand","embeddable":true,"href":"https:\/\/work-foxx.com\/hr\/wp-json\/wp\/v2\/product_brand?post=19752"},{"taxonomy":"product_cat","embeddable":true,"href":"https:\/\/work-foxx.com\/hr\/wp-json\/wp\/v2\/product_cat?post=19752"},{"taxonomy":"product_tag","embeddable":true,"href":"https:\/\/work-foxx.com\/hr\/wp-json\/wp\/v2\/product_tag?post=19752"}],"curies":[{"name":"wp","href":"https:\/\/api.w.org\/{rel}","templated":true}]}}