{"id":19562,"date":"2023-04-14T08:29:00","date_gmt":"2023-04-14T08:29:00","guid":{"rendered":"https:\/\/work-foxx.com\/product\/bc-safety-s5-visoke-cizme-zute\/"},"modified":"2026-03-31T13:21:07","modified_gmt":"2026-03-31T13:21:07","slug":"visoke-cizme-bc-safety-s5-zute","status":"publish","type":"product","link":"https:\/\/work-foxx.com\/hr\/proizvod\/visoke-cizme-bc-safety-s5-zute\/","title":{"rendered":"Visoke \u010dizme BC SAFETY S5, \u017eute"},"content":{"rendered":"<h1>Visoke \u010dizme BC SAFETY S5, \u017eute<\/h1>\n<p>Visoke \u010dizme BC Safety <span style=\"font-weight: 400;\">imaju za\u0161titnu kapicu i klasificirane su u za\u0161titnu klasu<\/span> S5. Izra\u0111ene su od PVC-a i imaju podstavu od najlonskih vlakana. Ulo\u017eak ima antistati\u010dka svojstva, a mo\u017ee se izvaditi i prati. Potplat od PVC-a i nitrilne gume otporan je na ulja i masti \u017eivotinjskog podrijetla. Visoke \u010dizme BC Safety S5 nude dobro prianjanje i za\u0161titu od klizanja na keramici (SRA). Za\u0161titne \u010dizme klase S5 su vodootporne i imaju antistati\u010dki potplat i ulo\u017eak. Potplat je otporan na probode, ugljikovodike, a peta radne \u010dizme upija energiju.<\/p>\n<h3>Materijalni sastav i tehni\u010dka svojstva<\/h3>\n<p><strong>Vanjski materijal:<\/strong> PVC<br \/>\n<b>Podstava:<\/b> Najlonska vlakna<br \/>\n<b>Ulo\u017eak:<\/b> Uklonjiv, prozra\u010dan, antistati\u010dan<br \/>\n<strong>Potplat:<\/strong> Kombinacija PVC-a i nitrilne gume<\/p>\n<p><strong>Veli\u010dine:<\/strong> 37 &#8211; 48<br \/>\n<strong>Boja:<\/strong> \u017duta<br \/>\n<strong>Spol:<\/strong> Unisex<br \/>\n<strong>Proizvo\u0111a\u010d:<\/strong> <a href=\"https:\/\/wellysafety.com\/\">THE WELLY<\/a><\/p>\n<p><strong>Tehni\u010dke karakteristike:<\/strong> S5, SRA<br \/>\n<strong>Za\u0161tita prstiju:<\/strong> Za\u0161titna kapica (SB), \u010delik<br \/>\n<b>Za\u0161tita potplata:<\/b> Sigurnosni ulo\u017eak, \u010delik<br \/>\n<strong>Standard:<\/strong> EN ISO 20345: 2011<\/p>\n<h3>Opis standarda<\/h3>\n<p><span style=\"font-weight: 400;\">Norma EN ISO 20345 utvr\u0111uje osnovne zahtjeve i (po izboru) dodatne zahtjeve za za\u0161titnu obu\u0107u. Obu\u0107a koja je u skladu s normom EN ISO 20345 mora imati specifi\u010dan oblik, za\u0161titu za prste, protuklizni potplat, ergonomska svojstva, gornji dio obu\u0107e, \u010dvrsto\u0107u i mora zadovoljiti tra\u017eene kriterije ispitivanja. Za\u0161titna obu\u0107a s kapom prikladna je za rad gdje postoji velika mogu\u0107nost ozljeda uslijed mehani\u010dkih utjecaja.<\/span><\/p>\n<p><span style=\"font-weight: 400;\">Razlikujemo radne i za\u0161titne \u010dizme koje se me\u0111usobno razlikuju po stupnju za\u0161tite. Radne \u010dizme s oznakom OB namijenjene su za rad na kojem postoji mala mogu\u0107nost ozljeda zbog mehani\u010dkih utjecaja. Za\u0161titne \u010dizme oznake SB imaju za\u0161titnu kapicu i namijenjene su za rad gdje postoji velika mogu\u0107nost ozljeda zbog mehani\u010dkih utjecaja.<\/span><\/p>\n<p><em><span style=\"font-weight: 400;\">Savjete za odabir kvalitetnih \u010dizama mo\u017eete prona\u0107i u rubrici <\/span><span style=\"font-weight: 400;\">&#8220;<\/span><a href=\"https:\/\/work-foxx.com\/hr\/savjeti\/\"><span style=\"font-weight: 400;\">Savjeti stru\u010dnjaka<\/span><\/a><span style=\"font-weight: 400;\">&#8220;.<\/span><\/em><\/p>\n","protected":false},"excerpt":{"rendered":"<p>Visoke \u010dizme BC Safety S5 imaju za\u0161titnu kapicu, potplat otporan na ulje i gorivo, upijaju energiju u peti i ne kli\u017eu se na keramici.<\/p>\n","protected":false},"featured_media":13350,"comment_status":"open","ping_status":"closed","template":"","meta":{"_acf_changed":false,"inline_featured_image":false},"product_brand":[],"product_cat":[1015,1976,1013],"product_tag":[],"class_list":{"0":"post-19562","1":"product","2":"type-product","3":"status-publish","4":"has-post-thumbnail","6":"product_cat-cizme","7":"product_cat-gumene-cizme","8":"product_cat-obuca","10":"first","11":"instock","12":"taxable","13":"shipping-taxable","14":"purchasable","15":"product-type-variable"},"acf":[],"_links":{"self":[{"href":"https:\/\/work-foxx.com\/hr\/wp-json\/wp\/v2\/product\/19562","targetHints":{"allow":["GET"]}}],"collection":[{"href":"https:\/\/work-foxx.com\/hr\/wp-json\/wp\/v2\/product"}],"about":[{"href":"https:\/\/work-foxx.com\/hr\/wp-json\/wp\/v2\/types\/product"}],"replies":[{"embeddable":true,"href":"https:\/\/work-foxx.com\/hr\/wp-json\/wp\/v2\/comments?post=19562"}],"wp:featuredmedia":[{"embeddable":true,"href":"https:\/\/work-foxx.com\/hr\/wp-json\/wp\/v2\/media\/13350"}],"wp:attachment":[{"href":"https:\/\/work-foxx.com\/hr\/wp-json\/wp\/v2\/media?parent=19562"}],"wp:term":[{"taxonomy":"product_brand","embeddable":true,"href":"https:\/\/work-foxx.com\/hr\/wp-json\/wp\/v2\/product_brand?post=19562"},{"taxonomy":"product_cat","embeddable":true,"href":"https:\/\/work-foxx.com\/hr\/wp-json\/wp\/v2\/product_cat?post=19562"},{"taxonomy":"product_tag","embeddable":true,"href":"https:\/\/work-foxx.com\/hr\/wp-json\/wp\/v2\/product_tag?post=19562"}],"curies":[{"name":"wp","href":"https:\/\/api.w.org\/{rel}","templated":true}]}}