{"id":19387,"date":"2023-04-14T08:28:00","date_gmt":"2023-04-14T08:28:00","guid":{"rendered":"https:\/\/work-foxx.com\/product\/cipele-s-niskom-razinom-sigurnosti-marathon-s3\/"},"modified":"2026-04-20T01:02:15","modified_gmt":"2026-04-20T01:02:15","slug":"niske-zastitne-cipele-maraton-s3","status":"publish","type":"product","link":"https:\/\/work-foxx.com\/hr\/proizvod\/niske-zastitne-cipele-maraton-s3\/","title":{"rendered":"Niske za\u0161titne cipele MARATHON S3"},"content":{"rendered":"<h1>Niske za\u0161titne cipele MARATHON S3<\/h1>\n<p>Niske za\u0161titne cipele Marathon <span style=\"font-weight: 400;\">imaju za\u0161titnu kapicu i klasificirane su u za\u0161titnu klasu S3<\/span>. Izra\u0111ene su od vodootpornog tekstila s podstavom od antibakterijske 3-D tkanine SmellStop. Podstavljeni jezik pru\u017ea ve\u0107u udobnost i bolju za\u0161titu. Ulo\u017eak s Dry&#8217;n Air tehnologijom pru\u017ea ve\u0107u prozra\u010dnost i omogu\u0107uje disanje stopala. Cipele imaju dvoslojni potplat od termoplasti\u010dnog poliuretana (TPU), koji je antistati\u010dan i pru\u017ea izuzetnu protukliznu za\u0161titu na keramici i metalu (SRC). Tpu-Skin\u00ae tehnologija omogu\u0107uje nevjerojatno smanjenje tvrdo\u0107e i debljine potplata, \u0161to rezultira ve\u0107om fleksibilno\u0161\u0107u i osje\u0107ajem kao da hodate po mekom jastuku. Niske za\u0161titne cipele Marathon <span style=\"font-weight: 400;\">za\u0161titne klase S3 imaju antistati\u010dki potplat i ulo\u017eak. Potplat je otporan na probijanje i ugljikovodike, a peta radne cipele apsorbira energiju. Gornji dio cipele je otporan na upijanje vode.<\/span><\/p>\n<h3>Materijalni sastav i tehni\u010dka svojstva<\/h3>\n<p><strong>Vanjski materijal:<\/strong> Vodootporni tekstil<br \/>\n<b>Podstava:<\/b> 3-D mre\u017ea, SmellStop tehnologija, 100% antibakterijska<br \/>\n<b>Ulo\u017eak:<\/b> Dry&#8217;n Air tehnologija<br \/>\n<strong>Potplat:<\/strong> Dvoslojni, termoplasti\u010dni poliuretan (TPU), tehnologija Tpu-Skin<\/p>\n<p><strong>Veli\u010dine:<\/strong> 36 &#8211; 48<br \/>\n<strong>Boja:<\/strong> Crna s plavim dodacima<br \/>\n<strong>Spol:<\/strong> Unisex<br \/>\n<strong>Proizvo\u0111a\u010d:<\/strong> <a href=\"https:\/\/www.baseprotection.com\/\">Base<\/a><\/p>\n<p><strong>Tehni\u010dke karakteristike:<\/strong> S3, SRC<br \/>\n<strong>Za\u0161tita prstiju:<\/strong> Za\u0161titna kapica (SB), kompozitna, SlimCap<br \/>\n<b>Za\u0161tita potplata:<\/b> Sigurnosni ulo\u017eak, neprobojni tekstil<br \/>\n<strong>Standard:<\/strong> EN ISO 20345: 2011<\/p>\n<h3>Opis standarda<\/h3>\n<p><span style=\"font-weight: 400;\">Norma EN ISO 20345 utvr\u0111uje osnovne zahtjeve i (po izboru) dodatne zahtjeve za za\u0161titnu obu\u0107u. Obu\u0107a koja je u skladu s normom EN ISO 20345 mora imati specifi\u010dan oblik, za\u0161titu za prste, protuklizni potplat, ergonomska svojstva, gornji dio obu\u0107e, \u010dvrsto\u0107u i mora zadovoljiti tra\u017eene kriterije ispitivanja. Za\u0161titna obu\u0107a s kapom prikladna je za rad gdje postoji velika mogu\u0107nost ozljeda uslijed mehani\u010dkih utjecaja.<\/span><\/p>\n<h3>Opis tehnologija<\/h3>\n<p>&#8211; Ulo\u017eak sa <strong>SmellStop\u00ae<\/strong> tehnologijom, koja sprje\u010dava nastanak bakterija i gljivica koje se razvijaju u obu\u0107i i uzrokuju neugodne mirise.<br \/>\n&#8211; <strong>Dry&#8217;n Air\u00ae<\/strong> tehnologija osigurava prozra\u010dnost odnosno cirkulaciju zraka unutar obu\u0107e. Mo\u017ee se integrirati u fiksni ili uklonjivi ulo\u017eak cipele.<br \/>\n&#8211; <strong>Tpu-Skin\u00ae<\/strong> omogu\u0107uje nevjerojatno smanjenje tvrdo\u0107e i debljine potplata, \u0161to rezultira ve\u0107om fleksibilno\u0161\u0107u i osje\u0107ajem kao da hodate po mekom jastuku.<br \/>\n&#8211; <strong>SlimCap\u00ae<\/strong> kompozitna za\u0161titna kapa, koja je 35% tanja u odnosu na standardne za\u0161titne kape na tr\u017ei\u0161tu, pru\u017ea vi\u0161u razinu udobnosti u modernijem dizajnu.<\/p>\n<p><i><span style=\"font-weight: 400;\">Savjete za odabir pravih radnih cipela za va\u0161e potrebe mo\u017eete prona\u0107i u segmentu &#8220;<\/span><\/i><a href=\"https:\/\/work-foxx.com\/hr\/savjeti\/\"><i><span style=\"font-weight: 400;\">Savjeti stru\u010dnjaka<\/span><\/i><\/a><i><span style=\"font-weight: 400;\">&#8220;.<\/span><\/i><\/p>\n","protected":false},"excerpt":{"rendered":"<p>Niske za\u0161titne cipele Marathon S3 imaju za\u0161titnu kapicu, otporne su na prodor vode i imaju neklizaju\u0107i potplat otporan na probijanje.<\/p>\n","protected":false},"featured_media":14352,"comment_status":"open","ping_status":"closed","template":"","meta":{"_acf_changed":false,"inline_featured_image":false},"product_brand":[],"product_cat":[748,1013,1042],"product_tag":[],"class_list":{"0":"post-19387","1":"product","2":"type-product","3":"status-publish","4":"has-post-thumbnail","6":"product_cat-niske-zastitne-cipele","7":"product_cat-obuca","8":"product_cat-zastitne-cipele","10":"first","11":"instock","12":"taxable","13":"shipping-taxable","14":"purchasable","15":"product-type-variable"},"acf":[],"_links":{"self":[{"href":"https:\/\/work-foxx.com\/hr\/wp-json\/wp\/v2\/product\/19387","targetHints":{"allow":["GET"]}}],"collection":[{"href":"https:\/\/work-foxx.com\/hr\/wp-json\/wp\/v2\/product"}],"about":[{"href":"https:\/\/work-foxx.com\/hr\/wp-json\/wp\/v2\/types\/product"}],"replies":[{"embeddable":true,"href":"https:\/\/work-foxx.com\/hr\/wp-json\/wp\/v2\/comments?post=19387"}],"wp:featuredmedia":[{"embeddable":true,"href":"https:\/\/work-foxx.com\/hr\/wp-json\/wp\/v2\/media\/14352"}],"wp:attachment":[{"href":"https:\/\/work-foxx.com\/hr\/wp-json\/wp\/v2\/media?parent=19387"}],"wp:term":[{"taxonomy":"product_brand","embeddable":true,"href":"https:\/\/work-foxx.com\/hr\/wp-json\/wp\/v2\/product_brand?post=19387"},{"taxonomy":"product_cat","embeddable":true,"href":"https:\/\/work-foxx.com\/hr\/wp-json\/wp\/v2\/product_cat?post=19387"},{"taxonomy":"product_tag","embeddable":true,"href":"https:\/\/work-foxx.com\/hr\/wp-json\/wp\/v2\/product_tag?post=19387"}],"curies":[{"name":"wp","href":"https:\/\/api.w.org\/{rel}","templated":true}]}}