{"id":19305,"date":"2023-04-14T08:28:00","date_gmt":"2023-04-14T08:28:00","guid":{"rendered":"https:\/\/work-foxx.com\/product\/cipele-s-niskom-razinom-sigurnosti-leon-s3\/"},"modified":"2026-04-11T18:08:19","modified_gmt":"2026-04-11T18:08:19","slug":"niske-zastitne-cipele-leon-s3","status":"publish","type":"product","link":"https:\/\/work-foxx.com\/hr\/proizvod\/niske-zastitne-cipele-leon-s3\/","title":{"rendered":"Niske za\u0161titne cipele LEON S3"},"content":{"rendered":"<h1>Niske za\u0161titne cipele LEON S3<\/h1>\n<p>Niske za\u0161titne cipele Leon <span style=\"font-weight: 400;\">imaju za\u0161titnu kapicu i klasificirane su u za\u0161titnu klasu S3<\/span>. Izra\u0111ene su od nubuk ko\u017ee s podstavom od vi\u0161edimenzionalne mre\u017ee. Podstavljeni jezik pru\u017ea ve\u0107u udobnost i bolju za\u0161titu. Anatomski ulo\u017eak na bazi memorijske pjene prilago\u0111ava se stopalu te pru\u017ea iznimnu udobnost i smanjuje umor. Potplat od dvoslojnog poliuretana (PU) s tehnologijom FLOAT TECH\u00ae pru\u017ea dobro prianjanje i za\u0161titu od klizanja na keramici i metalu (SRC). Radne cipele nude za\u0161titu od elektrostati\u010dkog pra\u017enjenja (ESD). Niske za\u0161titne cipele Leon <span style=\"font-weight: 400;\">za\u0161titne klase S3 imaju antistati\u010dki potplat i ulo\u017eak. Potplat je otporan na probijanje i ugljikovodike, a peta radne cipele apsorbira energiju. Gornji dio cipele je otporan na upijanje vode.<\/span><\/p>\n<h3>Materijalni sastav i tehni\u010dka svojstva<\/h3>\n<p><strong>Vanjski materijal:<\/strong> Nubuck ko\u017ea<br \/>\n<b>Podstava:<\/b> Vi\u0161edimenzionalna mre\u017ea<br \/>\n<b>Ulo\u017eak:<\/b> Anatomski, na bazi memorijske pjene<br \/>\n<strong>Potplat:<\/strong> Dvoslojni, poliuretan (PU) \/ poliuretan (PU) &#8211; FLOAT TECH\u00ae tehnologija<\/p>\n<p><strong>Veli\u010dine:<\/strong> 36 &#8211; 48<br \/>\n<strong>Boja:<\/strong> Crna s crvenim dodacima<br \/>\n<strong>Spol:<\/strong> Unisex<br \/>\n<strong>Proizvo\u0111a\u010d:<\/strong> <a href=\"https:\/\/www.lacuna.hr\/\">Lacuna<\/a><\/p>\n<p><strong>Tehni\u010dke karakteristike:<\/strong> S3, SRC, ESD, bez metala<br \/>\n<strong>Za\u0161tita prstiju:<\/strong> Za\u0161titna kapica (SB), kompozit sa staklenim vlaknima (fiberglass)<br \/>\n<b>Za\u0161tita potplata:<\/b> Sigurnosni ulo\u017eak, neprobojni tekstil<br \/>\n<strong>Standard:<\/strong> EN ISO 20345: 2011, EN 61340-5-1:2016 ESD<\/p>\n<h3>Opis standarda<\/h3>\n<p><span style=\"font-weight: 400;\">Norma EN ISO 20345 utvr\u0111uje osnovne zahtjeve i (po izboru) dodatne zahtjeve za za\u0161titnu obu\u0107u. Obu\u0107a koja je u skladu s normom EN ISO 20345 mora imati specifi\u010dan oblik, za\u0161titu za prste, protuklizni potplat, ergonomska svojstva, gornji dio obu\u0107e, \u010dvrsto\u0107u i mora zadovoljiti tra\u017eene kriterije ispitivanja. Za\u0161titna obu\u0107a s kapom prikladna je za rad gdje postoji velika mogu\u0107nost ozljeda uslijed mehani\u010dkih utjecaja.<\/span><\/p>\n<p><span style=\"font-weight: 400;\">Norma EN 61340-5-1 specificira karakteristike za za\u0161titu od elektroni\u010dkih komponenti i opreme koji se mogu o\u0161tetiti elektrostati\u010dkim pra\u017enjenjem. Ovaj standard tako\u0111er definira karakteristike koje EPA (Electrostatic Protected Area) mora imati.<\/span><\/p>\n<h3>Opis tehnologija<\/h3>\n<p><b>LACUNA FLOAT TECH\u00ae tehnologija<\/b><span style=\"font-weight: 400;\"> &#8211; zahvaljuju\u0107i iznimnim tehni\u010dkim svojstvima potplata od poliuretanske pjene niske gusto\u0107e, radne cipele su izuzetno fleksibilne i udobne te osiguravaju potpunu sigurnost.<\/span><\/p>\n<p><i><span style=\"font-weight: 400;\">Savjete za odabir pravih radnih cipela za va\u0161e potrebe mo\u017eete prona\u0107i u segmentu &#8220;<\/span><\/i><a href=\"https:\/\/work-foxx.com\/hr\/savjeti\/\"><i><span style=\"font-weight: 400;\">Savjeti stru\u010dnjaka<\/span><\/i><\/a><i><span style=\"font-weight: 400;\">&#8220;.<\/span><\/i><\/p>\n","protected":false},"excerpt":{"rendered":"<p>Niske za\u0161titne cipele Leon S3 imaju za\u0161titnu kapicu, otporne su na prodor vode i imaju neklizaju\u0107i potplat koji je otporan na probijanje.<\/p>\n","protected":false},"featured_media":14960,"comment_status":"open","ping_status":"closed","template":"","meta":{"_acf_changed":false,"inline_featured_image":false},"product_brand":[],"product_cat":[748,1013,1042],"product_tag":[],"class_list":{"0":"post-19305","1":"product","2":"type-product","3":"status-publish","4":"has-post-thumbnail","6":"product_cat-niske-zastitne-cipele","7":"product_cat-obuca","8":"product_cat-zastitne-cipele","10":"first","11":"instock","12":"taxable","13":"shipping-taxable","14":"purchasable","15":"product-type-variable"},"acf":[],"_links":{"self":[{"href":"https:\/\/work-foxx.com\/hr\/wp-json\/wp\/v2\/product\/19305","targetHints":{"allow":["GET"]}}],"collection":[{"href":"https:\/\/work-foxx.com\/hr\/wp-json\/wp\/v2\/product"}],"about":[{"href":"https:\/\/work-foxx.com\/hr\/wp-json\/wp\/v2\/types\/product"}],"replies":[{"embeddable":true,"href":"https:\/\/work-foxx.com\/hr\/wp-json\/wp\/v2\/comments?post=19305"}],"wp:featuredmedia":[{"embeddable":true,"href":"https:\/\/work-foxx.com\/hr\/wp-json\/wp\/v2\/media\/14960"}],"wp:attachment":[{"href":"https:\/\/work-foxx.com\/hr\/wp-json\/wp\/v2\/media?parent=19305"}],"wp:term":[{"taxonomy":"product_brand","embeddable":true,"href":"https:\/\/work-foxx.com\/hr\/wp-json\/wp\/v2\/product_brand?post=19305"},{"taxonomy":"product_cat","embeddable":true,"href":"https:\/\/work-foxx.com\/hr\/wp-json\/wp\/v2\/product_cat?post=19305"},{"taxonomy":"product_tag","embeddable":true,"href":"https:\/\/work-foxx.com\/hr\/wp-json\/wp\/v2\/product_tag?post=19305"}],"curies":[{"name":"wp","href":"https:\/\/api.w.org\/{rel}","templated":true}]}}