{"id":19214,"date":"2023-04-14T08:28:00","date_gmt":"2023-04-14T08:28:00","guid":{"rendered":"https:\/\/work-foxx.com\/product\/k-step-s1p-cipele-s-niskom-razinom-sigurnosti\/"},"modified":"2026-04-23T01:12:25","modified_gmt":"2026-04-23T01:12:25","slug":"niske-zastitne-cipele-k-step-s1p","status":"publish","type":"product","link":"https:\/\/work-foxx.com\/hr\/proizvod\/niske-zastitne-cipele-k-step-s1p\/","title":{"rendered":"Niske za\u0161titne cipele K-STEP S1P"},"content":{"rendered":"<h1>Niske za\u0161titne cipele K-STEP S1P<\/h1>\n<p>Niske za\u0161titne cipele K-Step <span style=\"font-weight: 400;\">imaju za\u0161titnu kapicu i klasificirane su u za\u0161titnu klasu S1P.<\/span> Izra\u0111ene su od prozra\u010dnog tekstila s podstavom od 3-D tkanine. Podstavljeni jezik pru\u017ea ve\u0107u udobnost i bolju za\u0161titu. Ulo\u017eak s Dry&#8217;n Air tehnologijom osigurava prozra\u010dnost i omogu\u0107uje disanje stopala. Cipele imaju dvoslojni potplat od poliuretana (PU) i nitrilne gume, koji je otporan na probijanje (P), antistati\u010dan i pru\u017ea izuzetnu protukliznu za\u0161titu na keramici i metalu (SRC). Potplat cipele ispitan je na kontakt s toplinom do 300 \u00b0C (HRO). I-daptive\u00ae sustav koji je integriran u potplat osigurava stabilnost stopala. U slu\u010daju manjih bo\u010dnih fluktuacija, korigira os stopala i vra\u0107a ga u optimalan polo\u017eaj. Niske za\u0161titne cipele K-Step <span style=\"font-weight: 400;\">za\u0161titne klase S1P imaju antistati\u010dki potplat i ulo\u017eak. Potplat je otporan na probode i ugljikovodike, a peta radne cipele upija energiju.<\/span><\/p>\n<h3>Materijalni sastav i tehni\u010dka svojstva<\/h3>\n<p><strong>Vanjski materijal:<\/strong> Prozra\u010dni tekstil<br \/>\n<b>Podstava:<\/b> 3-D mre\u017eica<br \/>\n<b>Ulo\u017eak:<\/b> Dry&#8217;n Air tehnologija<br \/>\n<strong>Potplat:<\/strong> Dvoslojni, poliuretan (PU) \/ nitrilna guma, i-daptivni sustav<\/p>\n<p><strong>Veli\u010dine:<\/strong> 39 &#8211; 48<br \/>\n<strong>Boja:<\/strong> Crna s naran\u010dastim dodacima<br \/>\n<strong>Spol:<\/strong> Unisex<br \/>\n<strong>Proizvo\u0111a\u010d:<\/strong> <a href=\"https:\/\/www.baseprotection.com\/\">Base<\/a><\/p>\n<p><strong>Tehni\u010dke karakteristike:<\/strong> S1P, HRO, SRC<br \/>\n<strong>Za\u0161tita prstiju:<\/strong> Za\u0161titna kapica (SB), aluminijska<br \/>\n<b>Za\u0161tita potplata:<\/b> Sigurnosni ulo\u017eak, neprobojni tekstil<br \/>\n<strong>Standard:<\/strong> EN ISO 20345: 2011<\/p>\n<h3>Opis standarda<\/h3>\n<p><span style=\"font-weight: 400;\">Norma EN ISO 20345 utvr\u0111uje osnovne zahtjeve i (po izboru) dodatne zahtjeve za za\u0161titnu obu\u0107u. Obu\u0107a koja je u skladu s normom EN ISO 20345 mora imati specifi\u010dan oblik, za\u0161titu za prste, protuklizni potplat, ergonomska svojstva, gornji dio obu\u0107e, \u010dvrsto\u0107u i mora zadovoljiti tra\u017eene kriterije ispitivanja. Za\u0161titna obu\u0107a s kapom prikladna je za rad gdje postoji velika mogu\u0107nost ozljeda uslijed mehani\u010dkih utjecaja.<\/span><\/p>\n<h3>Opis tehnologija<\/h3>\n<p>&#8211; <strong>Dry&#8217;n Air\u00ae<\/strong> tehnologija osigurava prozra\u010dnost odnosno cirkulaciju zraka unutar obu\u0107e. Mo\u017ee se integrirati u fiksni ili uklonjivi ulo\u017eak cipele.<br \/>\n&#8211; Sustav <strong>i-daptive\u00ae<\/strong> osigurava stabilnost stopala. U slu\u010daju manjih bo\u010dnih fluktuacija, korigira os stopala i vra\u0107a ga u optimalan polo\u017eaj.<\/p>\n<p><i><span style=\"font-weight: 400;\">Savjete za odabir pravih radnih cipela za va\u0161e potrebe mo\u017eete prona\u0107i u segmentu &#8220;<\/span><\/i><a href=\"https:\/\/work-foxx.com\/hr\/savjeti\/\"><i><span style=\"font-weight: 400;\">Savjeti stru\u010dnjaka<\/span><\/i><\/a><i><span style=\"font-weight: 400;\">&#8220;.<\/span><\/i><\/p>\n","protected":false},"excerpt":{"rendered":"<p>Niske za\u0161titne cipele K-Step S1P imaju za\u0161titnu kapicu, antistati\u010dne su, ubla\u017eavaju napetost u peti i imaju neklizaju\u0107i potplat otporan na probijanje.<\/p>\n","protected":false},"featured_media":14146,"comment_status":"open","ping_status":"closed","template":"","meta":{"_acf_changed":false,"inline_featured_image":false},"product_brand":[],"product_cat":[748,1013,1042],"product_tag":[],"class_list":{"0":"post-19214","1":"product","2":"type-product","3":"status-publish","4":"has-post-thumbnail","6":"product_cat-niske-zastitne-cipele","7":"product_cat-obuca","8":"product_cat-zastitne-cipele","10":"first","11":"outofstock","12":"taxable","13":"shipping-taxable","14":"purchasable","15":"product-type-variable"},"acf":[],"_links":{"self":[{"href":"https:\/\/work-foxx.com\/hr\/wp-json\/wp\/v2\/product\/19214","targetHints":{"allow":["GET"]}}],"collection":[{"href":"https:\/\/work-foxx.com\/hr\/wp-json\/wp\/v2\/product"}],"about":[{"href":"https:\/\/work-foxx.com\/hr\/wp-json\/wp\/v2\/types\/product"}],"replies":[{"embeddable":true,"href":"https:\/\/work-foxx.com\/hr\/wp-json\/wp\/v2\/comments?post=19214"}],"wp:featuredmedia":[{"embeddable":true,"href":"https:\/\/work-foxx.com\/hr\/wp-json\/wp\/v2\/media\/14146"}],"wp:attachment":[{"href":"https:\/\/work-foxx.com\/hr\/wp-json\/wp\/v2\/media?parent=19214"}],"wp:term":[{"taxonomy":"product_brand","embeddable":true,"href":"https:\/\/work-foxx.com\/hr\/wp-json\/wp\/v2\/product_brand?post=19214"},{"taxonomy":"product_cat","embeddable":true,"href":"https:\/\/work-foxx.com\/hr\/wp-json\/wp\/v2\/product_cat?post=19214"},{"taxonomy":"product_tag","embeddable":true,"href":"https:\/\/work-foxx.com\/hr\/wp-json\/wp\/v2\/product_tag?post=19214"}],"curies":[{"name":"wp","href":"https:\/\/api.w.org\/{rel}","templated":true}]}}