{"id":18879,"date":"2023-04-14T08:29:00","date_gmt":"2023-04-14T08:29:00","guid":{"rendered":"https:\/\/work-foxx.com\/product\/ontario-s3-cipele-visoke-sigurnosti\/"},"modified":"2026-03-30T18:41:28","modified_gmt":"2026-03-30T18:41:28","slug":"visoke-zastitne-cipele-ontario-s3","status":"publish","type":"product","link":"https:\/\/work-foxx.com\/hr\/proizvod\/visoke-zastitne-cipele-ontario-s3\/","title":{"rendered":"Visoke za\u0161titne cipele ONTARIO S3"},"content":{"rendered":"<h1>Visoke za\u0161titne cipele ONTARIO S3<\/h1>\n<p>Visoke za\u0161titne cipele Ontario imaju za\u0161titnu kapicu i klasificirane su u za\u0161titnu klasu S3. Izra\u0111ene su od bijele reljefne mikrofibre i imaju tekstilnu postavu. Podstavljeni jezik pru\u017ea ve\u0107u udobnost i bolju za\u0161titu. Anatomski ulo\u017eak na bazi memorijske pjene prilago\u0111ava se stopalu te pru\u017ea iznimnu udobnost i smanjuje umor. Potplat od dvoslojnog poliuretana (PU) s tehnologijom FLOAT TECH\u00ae pru\u017ea dobro prianjanje i za\u0161titu od klizanja na keramici i metalu (SRC). Radne cipele nude za\u0161titu od elektrostati\u010dkog pra\u017enjenja (ESD). Visoke za\u0161titne cipele Ontario za\u0161titne klase S3 imaju antistati\u010dki potplat i ulo\u017eak. Potplat je otporan na probijanje i ugljikovodike, a peta radne cipele apsorbira energiju. Gornji dio cipele je otporan na upijanje vode. Nova kolekcija bijelih cipela Lacuna posebno je dizajnirana za korisnike u prehrambenoj, kemijskoj i farmaceutskoj industriji, medicini i facility managementu.<\/p>\n<h3>Materijalni sastav i tehni\u010dka svojstva<\/h3>\n<p><strong>Vanjski materijal:<\/strong>&nbsp;Bijela reljefna mikrofibra<br \/>\n<b>Podstava:<\/b>&nbsp;Tekstil<br \/>\n<b>Ulo\u017eak:<\/b>&nbsp;Anatomski, na bazi memorijske pjene<br \/>\n<strong>Potplat:<\/strong>&nbsp;Dvoslojni, poliuretan (PU) \/ poliuretan (PU) &#8211; FLOAT TECH\u00ae tehnologija<\/p>\n<p><strong>Veli\u010dine:<\/strong>&nbsp;37 &#8211; 48<br \/>\n<strong>Boja:<\/strong>&nbsp;Bijela s plavim dodacima<br \/>\n<strong>Spol:<\/strong>&nbsp;Unisex<br \/>\n<strong>Proizvo\u0111a\u010d:<\/strong>&nbsp;<a href=\"https:\/\/www.lacuna.hr\/\">Lacuna<\/a><\/p>\n<p><strong>Tehni\u010dke karakteristike:<\/strong>&nbsp;S3, SRC, ESD, bez metala<br \/>\n<strong>Za\u0161tita prstiju:<\/strong>&nbsp;Za\u0161titna kapica (SB), kompozit sa staklenim vlaknima (fiberglass)<br \/>\n<b>Za\u0161tita potplata:<\/b>&nbsp;Sigurnosni ulo\u017eak, neprobojni tekstil<br \/>\n<strong>Standard:<\/strong>&nbsp;EN ISO 20345:2011, EN 61340-5-1:2016, EN IEC 61340-4-3:2018 ESD<\/p>\n<h3>Opis standarda<\/h3>\n<p>Norma EN ISO 20345 utvr\u0111uje osnovne zahtjeve i (po izboru) dodatne zahtjeve za za\u0161titnu obu\u0107u. Obu\u0107a koja je u skladu s normom EN ISO 20345 mora imati specifi\u010dan oblik, za\u0161titu za prste, protuklizni potplat, ergonomska svojstva, gornji dio obu\u0107e, \u010dvrsto\u0107u i mora zadovoljiti tra\u017eene kriterije ispitivanja. Za\u0161titna obu\u0107a s kapom prikladna je za rad gdje postoji velika mogu\u0107nost ozljeda uslijed mehani\u010dkih utjecaja.<\/p>\n<p>Norma EN 61340-5-1 specificira karakteristike za za\u0161titu od elektroni\u010dkih komponenti i opreme koji se mogu o\u0161tetiti elektrostati\u010dkim pra\u017enjenjem. Ovaj standard tako\u0111er definira karakteristike koje EPA (Electrostatic Protected Area) mora imati.<\/p>\n<p>Norma EN IEC 61340-4-3 opisuje metodu ispitivanja za odre\u0111ivanje elektri\u010dnog otpora obu\u0107e (cipela, papu\u010da ili \u010dizama) koja se koristi za pra\u0107enje elektrostatskog potencijala na ljudima.<\/p>\n<h3>Opis tehnologija<\/h3>\n<p><b>LACUNA FLOAT TECH\u00ae tehnologija<\/b>&nbsp;&#8211; zahvaljuju\u0107i iznimnim tehni\u010dkim svojstvima potplata od poliuretanske pjene niske gusto\u0107e, radne cipele su izuzetno fleksibilne i udobne te osiguravaju potpunu sigurnost.<\/p>\n<p><i>Savjete za odabir pravih radnih cipela za va\u0161e potrebe mo\u017eete prona\u0107i u segmentu &#8220;<\/i><a href=\"https:\/\/work-foxx.com\/hr\/savjeti\/\"><i>Savjeti stru\u010dnjaka<\/i><\/a><i>&#8220;.<\/i><\/p>\n","protected":false},"excerpt":{"rendered":"<p>Visoke za\u0161titne cipele Ontario S3 imaju za\u0161titnu kapicu, otporne su na prodor vode i imaju potplat koji ne klizi i otporan je na probijanje.<\/p>\n","protected":false},"featured_media":14970,"comment_status":"open","ping_status":"closed","template":"","meta":{"_acf_changed":false,"inline_featured_image":false},"product_brand":[],"product_cat":[1013,1045,1042],"product_tag":[],"class_list":{"0":"post-18879","1":"product","2":"type-product","3":"status-publish","4":"has-post-thumbnail","6":"product_cat-obuca","7":"product_cat-visoke-zastitne-cipele","8":"product_cat-zastitne-cipele","10":"first","11":"instock","12":"taxable","13":"shipping-taxable","14":"purchasable","15":"product-type-variable"},"acf":[],"_links":{"self":[{"href":"https:\/\/work-foxx.com\/hr\/wp-json\/wp\/v2\/product\/18879","targetHints":{"allow":["GET"]}}],"collection":[{"href":"https:\/\/work-foxx.com\/hr\/wp-json\/wp\/v2\/product"}],"about":[{"href":"https:\/\/work-foxx.com\/hr\/wp-json\/wp\/v2\/types\/product"}],"replies":[{"embeddable":true,"href":"https:\/\/work-foxx.com\/hr\/wp-json\/wp\/v2\/comments?post=18879"}],"wp:featuredmedia":[{"embeddable":true,"href":"https:\/\/work-foxx.com\/hr\/wp-json\/wp\/v2\/media\/14970"}],"wp:attachment":[{"href":"https:\/\/work-foxx.com\/hr\/wp-json\/wp\/v2\/media?parent=18879"}],"wp:term":[{"taxonomy":"product_brand","embeddable":true,"href":"https:\/\/work-foxx.com\/hr\/wp-json\/wp\/v2\/product_brand?post=18879"},{"taxonomy":"product_cat","embeddable":true,"href":"https:\/\/work-foxx.com\/hr\/wp-json\/wp\/v2\/product_cat?post=18879"},{"taxonomy":"product_tag","embeddable":true,"href":"https:\/\/work-foxx.com\/hr\/wp-json\/wp\/v2\/product_tag?post=18879"}],"curies":[{"name":"wp","href":"https:\/\/api.w.org\/{rel}","templated":true}]}}