{"id":18798,"date":"2023-04-14T09:06:00","date_gmt":"2023-04-14T09:06:00","guid":{"rendered":"https:\/\/work-foxx.com\/product\/termoplasticna-polu-maska-s-jednim-filtrom\/"},"modified":"2023-11-12T15:04:11","modified_gmt":"2023-11-12T15:04:11","slug":"termoplasticna-polumaska-s-jednim-filtrom","status":"publish","type":"product","link":"https:\/\/work-foxx.com\/hr\/proizvod\/termoplasticna-polumaska-s-jednim-filtrom\/","title":{"rendered":"Termoplasti\u010dna polumaska s jednim filtrom"},"content":{"rendered":"<p>Termoplasti\u010dna polumaska s jednim filtrom marke <a href=\"https:\/\/www.blsgroup.com\/en\/\">BLS<\/a> namijenjena je vi\u0161ekratnoj uporabi. Kop\u010da se sustavom zatvaranja u dvije to\u010dke. Termoplasti\u010dna polumaska s jednim filtrom kompatibilna je sa svim filterima marke BLS, serije 200.<\/p>\n<p><strong>Brtva:<\/strong> Termoplasti\u010dni elastomer (TPE)<br \/>\n<strong>Dr\u017ea\u010d filtera:<\/strong> ABS<br \/>\n<strong>Dr\u017ea\u010d ventila:<\/strong> Poliamid (PA)<br \/>\n<strong>Sigurnosno pri\u010dvr\u0161\u0107ivanje:<\/strong> Elasti\u010dna uzica<br \/>\n<strong>Te\u017eina:<\/strong> 126 gr<br \/>\n<strong>Veli\u010dina:<\/strong> Univerzalna<\/p>\n<p><strong>Standard:<\/strong> EN 149:2001+A1:2009<\/p>\n<p><span style=\"font-weight: 400;\">Ako proizvod koji vam je potreban nije na zalihi ili ne mo\u017eete prona\u0107i \u017eeljeni proizvod u na\u0161oj internetskoj trgovini, pozivamo vas da nam po\u0161aljete upit na <\/span><a href=\"mailto:info@work-foxx.com\"><b>info@work-foxx.com<\/b><\/a><span style=\"font-weight: 400;\"> ili putem <\/span><a href=\"https:\/\/work-foxx.com\/hr\/pomoc-i-kontakt\/\"><span style=\"font-weight: 400;\">kontakt obrasca<\/span><\/a><span style=\"font-weight: 400;\">. S na\u0161om partnerskom mre\u017eom poku\u0161at \u0107emo vam pru\u017eiti \u017eeljene proizvode ili skratiti vrijeme isporuke.<\/span><\/p>\n","protected":false},"excerpt":{"rendered":"<p>Termoplasti\u010dna polumaska s jednim filtrom serije 1000 namijenjena je vi\u0161ekratnoj uporabi. Kompatibilna je sa svim filterima marke BLS, serije 200.<\/p>\n","protected":false},"featured_media":12984,"comment_status":"open","ping_status":"closed","template":"","meta":{"_acf_changed":false,"inline_featured_image":false},"product_brand":[],"product_cat":[1001,982,958],"product_tag":[],"class_list":{"0":"post-18798","1":"product","2":"type-product","3":"status-publish","4":"has-post-thumbnail","6":"product_cat-polumaske","7":"product_cat-zastita-disnih-puteva","8":"product_cat-zastita-glave","10":"first","11":"outofstock","12":"taxable","13":"shipping-taxable","14":"purchasable","15":"product-type-simple"},"acf":[],"_links":{"self":[{"href":"https:\/\/work-foxx.com\/hr\/wp-json\/wp\/v2\/product\/18798","targetHints":{"allow":["GET"]}}],"collection":[{"href":"https:\/\/work-foxx.com\/hr\/wp-json\/wp\/v2\/product"}],"about":[{"href":"https:\/\/work-foxx.com\/hr\/wp-json\/wp\/v2\/types\/product"}],"replies":[{"embeddable":true,"href":"https:\/\/work-foxx.com\/hr\/wp-json\/wp\/v2\/comments?post=18798"}],"wp:featuredmedia":[{"embeddable":true,"href":"https:\/\/work-foxx.com\/hr\/wp-json\/wp\/v2\/media\/12984"}],"wp:attachment":[{"href":"https:\/\/work-foxx.com\/hr\/wp-json\/wp\/v2\/media?parent=18798"}],"wp:term":[{"taxonomy":"product_brand","embeddable":true,"href":"https:\/\/work-foxx.com\/hr\/wp-json\/wp\/v2\/product_brand?post=18798"},{"taxonomy":"product_cat","embeddable":true,"href":"https:\/\/work-foxx.com\/hr\/wp-json\/wp\/v2\/product_cat?post=18798"},{"taxonomy":"product_tag","embeddable":true,"href":"https:\/\/work-foxx.com\/hr\/wp-json\/wp\/v2\/product_tag?post=18798"}],"curies":[{"name":"wp","href":"https:\/\/api.w.org\/{rel}","templated":true}]}}