{"id":18703,"date":"2023-04-14T09:06:00","date_gmt":"2023-04-14T09:06:00","guid":{"rendered":"https:\/\/work-foxx.com\/product\/termoplasticna-maska-s-dva-filtra\/"},"modified":"2023-11-12T14:23:14","modified_gmt":"2023-11-12T14:23:14","slug":"termoplasticna-maska-sa-dva-filtera","status":"publish","type":"product","link":"https:\/\/work-foxx.com\/hr\/proizvod\/termoplasticna-maska-sa-dva-filtera\/","title":{"rendered":"Termoplasti\u010dna maska \u200b\u200bsa dva filtera"},"content":{"rendered":"<p>Termoplasti\u010dna maska \u200b\u200bza cijelo lice sa dva filtera marke <a href=\"https:\/\/www.blsgroup.com\/en\/\">BLS<\/a>. Namijenjena je vi\u0161ekratnoj uporabi. Termoplasti\u010dna maska \u200b\u200bsa dva filtera pri\u010dvr\u0161\u0107uje se sa 6 EPDM to\u010daka za brzo otpu\u0161tanje.<\/p>\n<p><strong>Brtva:<\/strong> Termoplasti\u010dni elastomer (TPE)<br \/>\n<strong>Navoj:<\/strong> Bajonet konektor<br \/>\n<strong>Vizir:<\/strong> Panoramski vizir, klasa 1 (EN 166), polikarbonat (PC) + ostakljenje za za\u0161titu od abrazije i zamagljivanja<br \/>\n<strong>Ventil:<\/strong> Kompatibilan sa svim filtrima serije 200<br \/>\n<strong>Unutra\u0161njost:<\/strong> Unutarnja silikonska guma za usta i nos<br \/>\n<strong>Te\u017eina:<\/strong> 570 g<\/p>\n<p><strong>Standard:<\/strong> EN 136<\/p>\n<p><span style=\"font-weight: 400;\">Ako proizvod koji vam je potreban nije na zalihi ili ne mo\u017eete prona\u0107i \u017eeljeni proizvod u na\u0161oj internetskoj trgovini, pozivamo vas da nam po\u0161aljete upit na <\/span><a href=\"mailto:info@work-foxx.com\"><b>info@work-foxx.com<\/b><\/a><span style=\"font-weight: 400;\"> ili putem <\/span><a href=\"https:\/\/work-foxx.com\/hr\/pomoc-i-kontakt\/\"><span style=\"font-weight: 400;\">kontakt obrasca<\/span><\/a><span style=\"font-weight: 400;\">. S na\u0161om partnerskom mre\u017eom poku\u0161at \u0107emo vam pru\u017eiti \u017eeljene proizvode ili skratiti vrijeme isporuke.<\/span><\/p>\n","protected":false},"excerpt":{"rendered":"<p>Za\u0161titna termoplasti\u010dna maska \u200b\u200bsa dva filtera serije 5600 namijenjena je vi\u0161ekratnoj uporabi. Kompatibilan je sa svim filterima marke BLS, serije 200.<\/p>\n","protected":false},"featured_media":12874,"comment_status":"open","ping_status":"closed","template":"","meta":{"_acf_changed":false,"inline_featured_image":false},"product_brand":[],"product_cat":[1003,982,958],"product_tag":[],"class_list":{"0":"post-18703","1":"product","2":"type-product","3":"status-publish","4":"has-post-thumbnail","6":"product_cat-maske","7":"product_cat-zastita-disnih-puteva","8":"product_cat-zastita-glave","10":"first","11":"outofstock","12":"taxable","13":"shipping-taxable","14":"purchasable","15":"product-type-simple"},"acf":[],"_links":{"self":[{"href":"https:\/\/work-foxx.com\/hr\/wp-json\/wp\/v2\/product\/18703","targetHints":{"allow":["GET"]}}],"collection":[{"href":"https:\/\/work-foxx.com\/hr\/wp-json\/wp\/v2\/product"}],"about":[{"href":"https:\/\/work-foxx.com\/hr\/wp-json\/wp\/v2\/types\/product"}],"replies":[{"embeddable":true,"href":"https:\/\/work-foxx.com\/hr\/wp-json\/wp\/v2\/comments?post=18703"}],"wp:featuredmedia":[{"embeddable":true,"href":"https:\/\/work-foxx.com\/hr\/wp-json\/wp\/v2\/media\/12874"}],"wp:attachment":[{"href":"https:\/\/work-foxx.com\/hr\/wp-json\/wp\/v2\/media?parent=18703"}],"wp:term":[{"taxonomy":"product_brand","embeddable":true,"href":"https:\/\/work-foxx.com\/hr\/wp-json\/wp\/v2\/product_brand?post=18703"},{"taxonomy":"product_cat","embeddable":true,"href":"https:\/\/work-foxx.com\/hr\/wp-json\/wp\/v2\/product_cat?post=18703"},{"taxonomy":"product_tag","embeddable":true,"href":"https:\/\/work-foxx.com\/hr\/wp-json\/wp\/v2\/product_tag?post=18703"}],"curies":[{"name":"wp","href":"https:\/\/api.w.org\/{rel}","templated":true}]}}