{"id":18701,"date":"2023-04-14T09:06:00","date_gmt":"2023-04-14T09:06:00","guid":{"rendered":"https:\/\/work-foxx.com\/product\/sljedeca-termoplasticna-polimaska-s-dva-filtra-m-l\/"},"modified":"2023-11-12T14:57:31","modified_gmt":"2023-11-12T14:57:31","slug":"termoplasticna-polumaska-next-s-dva-filtera-m-l","status":"publish","type":"product","link":"https:\/\/work-foxx.com\/hr\/proizvod\/termoplasticna-polumaska-next-s-dva-filtera-m-l\/","title":{"rendered":"Termoplasti\u010dna polumaska NEXT s dva filtera (M\u2013L)"},"content":{"rendered":"<p>Termoplasti\u010dna polumaska NEXT s dva filtera (M\u2013L) marke <a href=\"https:\/\/www.blsgroup.com\/en\/\">BLS<\/a> namijenjena je za vi\u0161ekratnu upotrebu. Kop\u010da se sustavom zatvaranja u dvije to\u010dke. Termoplasti\u010dna polumaska NEXT s dva filtera (M\u2013L)\u00a0kompatibilna je sa svim filterima marke BLS, serije 200.<\/p>\n<p><strong>Brtva:<\/strong> Termoplasti\u010dni elastomer (TPE)<br \/>\n<strong>Ku\u0107i\u0161te:<\/strong> Polipropilen (PE)<br \/>\n<strong>Sigurnosni zatvara\u010d:<\/strong> Poliester (PES) i guma<br \/>\n<strong>Ventil:<\/strong> Silikon<br \/>\n<strong>Te\u017eina:<\/strong> 124 g<\/p>\n<p><strong>Veli\u010dina:<\/strong> M-L<br \/>\n<strong>Standard:<\/strong> EN 140:1998<\/p>\n<p><span style=\"font-weight: 400;\">Ako proizvod koji vam je potreban nije na zalihi ili ne mo\u017eete prona\u0107i \u017eeljeni proizvod u na\u0161oj internetskoj trgovini, pozivamo vas da nam po\u0161aljete upit na <\/span><a href=\"mailto:info@work-foxx.com\"><b>info@work-foxx.com<\/b><\/a><span style=\"font-weight: 400;\"> ili putem <\/span><a href=\"https:\/\/work-foxx.com\/hr\/pomoc-i-kontakt\/\"><span style=\"font-weight: 400;\">kontakt obrasca<\/span><\/a><span style=\"font-weight: 400;\">. S na\u0161om partnerskom mre\u017eom poku\u0161at \u0107emo vam pru\u017eiti \u017eeljene proizvode ili skratiti vrijeme isporuke.<\/span><\/p>\n","protected":false},"excerpt":{"rendered":"<p>Termoplasti\u010dna polumaska NEXT s dva filtera (M\u2013L) serije 4000 namijenjena je za vi\u0161ekratnu upotrebu. Kompatibilna je sa filterima marke BLS, serije 200.<\/p>\n","protected":false},"featured_media":13072,"comment_status":"open","ping_status":"closed","template":"","meta":{"_acf_changed":false,"inline_featured_image":false},"product_brand":[],"product_cat":[1001,982,958],"product_tag":[],"class_list":{"0":"post-18701","1":"product","2":"type-product","3":"status-publish","4":"has-post-thumbnail","6":"product_cat-polumaske","7":"product_cat-zastita-disnih-puteva","8":"product_cat-zastita-glave","10":"first","11":"instock","12":"taxable","13":"shipping-taxable","14":"purchasable","15":"product-type-simple"},"acf":[],"_links":{"self":[{"href":"https:\/\/work-foxx.com\/hr\/wp-json\/wp\/v2\/product\/18701","targetHints":{"allow":["GET"]}}],"collection":[{"href":"https:\/\/work-foxx.com\/hr\/wp-json\/wp\/v2\/product"}],"about":[{"href":"https:\/\/work-foxx.com\/hr\/wp-json\/wp\/v2\/types\/product"}],"replies":[{"embeddable":true,"href":"https:\/\/work-foxx.com\/hr\/wp-json\/wp\/v2\/comments?post=18701"}],"wp:featuredmedia":[{"embeddable":true,"href":"https:\/\/work-foxx.com\/hr\/wp-json\/wp\/v2\/media\/13072"}],"wp:attachment":[{"href":"https:\/\/work-foxx.com\/hr\/wp-json\/wp\/v2\/media?parent=18701"}],"wp:term":[{"taxonomy":"product_brand","embeddable":true,"href":"https:\/\/work-foxx.com\/hr\/wp-json\/wp\/v2\/product_brand?post=18701"},{"taxonomy":"product_cat","embeddable":true,"href":"https:\/\/work-foxx.com\/hr\/wp-json\/wp\/v2\/product_cat?post=18701"},{"taxonomy":"product_tag","embeddable":true,"href":"https:\/\/work-foxx.com\/hr\/wp-json\/wp\/v2\/product_tag?post=18701"}],"curies":[{"name":"wp","href":"https:\/\/api.w.org\/{rel}","templated":true}]}}