{"id":18674,"date":"2023-04-14T09:06:00","date_gmt":"2023-04-14T09:06:00","guid":{"rendered":"https:\/\/work-foxx.com\/product\/zastitni-film-za-maske-serije-5000-5-1\/"},"modified":"2026-05-04T10:55:10","modified_gmt":"2026-05-04T10:55:10","slug":"zastitna-folija-za-maske-bls-serije-5000-5-1","status":"publish","type":"product","link":"https:\/\/work-foxx.com\/hr\/proizvod\/zastitna-folija-za-maske-bls-serije-5000-5-1\/","title":{"rendered":"Za\u0161titna folija za maske BLS serije 5000 (5\/1)"},"content":{"rendered":"<h1>Za\u0161titna folija za maske BLS serije 5000 (5\/1)<\/h1>\n<p>Za\u0161titna folija (acetatna folija) za maske za lice marke <a href=\"https:\/\/www.blsgroup.com\/en\/?cn-reloaded=1\">BLS<\/a>, serija 5000. Pakiranje sadr\u017ei 5 folija\/folija.<\/p>\n<p><strong>Kori\u0161tenje:<\/strong> Tijekom lakiranja u industriji i tijekom kemijskog prskanja dodatno \u0161titi vizira i produljuje mu vijek trajanja<br \/>\n<strong>Pakiranje:<\/strong> 5 kom<\/p>\n<p><span style=\"font-weight: 400;\">Ako proizvod koji vam je potreban nije na zalihi ili ne mo\u017eete prona\u0107i \u017eeljeni proizvod u na\u0161oj internetskoj trgovini, pozivamo vas da nam po\u0161aljete upit na <\/span><a href=\"mailto:info@work-foxx.com\"><b>info@work-foxx.com<\/b><\/a><span style=\"font-weight: 400;\"> ili putem <\/span><a href=\"https:\/\/work-foxx.com\/hr\/pomoc-i-kontakt\/\"><span style=\"font-weight: 400;\">kontakt obrasca<\/span><\/a><span style=\"font-weight: 400;\">. S na\u0161om partnerskom mre\u017eom poku\u0161at \u0107emo vam pru\u017eiti \u017eeljene proizvode ili skratiti vrijeme isporuke.<\/span><\/p>\n","protected":false},"excerpt":{"rendered":"<p>Za\u0161titna folija (acetatna folija) za maske za lice marke BLS, serija 5000. Pakiranje sadr\u017ei 5 folija. Dodatno \u0161titi vizir i produljuje mu vijek trajanja.<\/p>\n","protected":false},"featured_media":12888,"comment_status":"open","ping_status":"closed","template":"","meta":{"_acf_changed":false,"inline_featured_image":false},"product_brand":[],"product_cat":[1003,982,958],"product_tag":[],"class_list":{"0":"post-18674","1":"product","2":"type-product","3":"status-publish","4":"has-post-thumbnail","6":"product_cat-maske","7":"product_cat-zastita-disnih-puteva","8":"product_cat-zastita-glave","10":"first","11":"instock","12":"taxable","13":"shipping-taxable","14":"purchasable","15":"product-type-simple"},"acf":[],"_links":{"self":[{"href":"https:\/\/work-foxx.com\/hr\/wp-json\/wp\/v2\/product\/18674","targetHints":{"allow":["GET"]}}],"collection":[{"href":"https:\/\/work-foxx.com\/hr\/wp-json\/wp\/v2\/product"}],"about":[{"href":"https:\/\/work-foxx.com\/hr\/wp-json\/wp\/v2\/types\/product"}],"replies":[{"embeddable":true,"href":"https:\/\/work-foxx.com\/hr\/wp-json\/wp\/v2\/comments?post=18674"}],"wp:featuredmedia":[{"embeddable":true,"href":"https:\/\/work-foxx.com\/hr\/wp-json\/wp\/v2\/media\/12888"}],"wp:attachment":[{"href":"https:\/\/work-foxx.com\/hr\/wp-json\/wp\/v2\/media?parent=18674"}],"wp:term":[{"taxonomy":"product_brand","embeddable":true,"href":"https:\/\/work-foxx.com\/hr\/wp-json\/wp\/v2\/product_brand?post=18674"},{"taxonomy":"product_cat","embeddable":true,"href":"https:\/\/work-foxx.com\/hr\/wp-json\/wp\/v2\/product_cat?post=18674"},{"taxonomy":"product_tag","embeddable":true,"href":"https:\/\/work-foxx.com\/hr\/wp-json\/wp\/v2\/product_tag?post=18674"}],"curies":[{"name":"wp","href":"https:\/\/api.w.org\/{rel}","templated":true}]}}