{"id":18616,"date":"2023-04-14T09:06:00","date_gmt":"2023-04-14T09:06:00","guid":{"rendered":"https:\/\/work-foxx.com\/product\/silikonska-maska-s-jednim-filtrom\/"},"modified":"2023-11-12T14:31:41","modified_gmt":"2023-11-12T14:31:41","slug":"silikonska-maska-sa-jednim-filterom","status":"publish","type":"product","link":"https:\/\/work-foxx.com\/hr\/proizvod\/silikonska-maska-sa-jednim-filterom\/","title":{"rendered":"Silikonska maska \u200b\u200bsa jednim filterom"},"content":{"rendered":"<p>Silikonska maska \u200b\u200bza cijelo lice sa jednim filterom\u00a0marke <a href=\"https:\/\/www.blsgroup.com\/en\/\">BLS<\/a>. Namijenjena je vi\u0161ekratnoj uporabi. Silikonska maska \u200b\u200bsa jednim filterom pri\u010dvr\u0161\u0107uje se sa 6 EPDM to\u010daka za brzo otpu\u0161tanje.<\/p>\n<p><strong>Brtva:<\/strong> Silikon<br \/>\n<strong>Navoj:<\/strong> Standardni poliamidni navoj (PA), (EN 148-1)<br \/>\n<strong>Vizir:<\/strong> Panoramski vizir, klasa 1 (EN 166), polikarbonat (PC) + ostakljenje za za\u0161titu od abrazije i zamagljivanja<br \/>\n<strong>Ventil:<\/strong> kompatibilan sa svim filtrima serije 400<br \/>\n<strong>Unutra\u0161njost:<\/strong> Unutarnja silikonska guma za usta i nos<br \/>\n<strong>Te\u017eina:<\/strong> 540 g<\/p>\n<p><strong>Standard:<\/strong> EN 136<\/p>\n<p>A<span style=\"font-weight: 400;\">ko proizvod koji vam je potreban nije na zalihi ili ne mo\u017eete prona\u0107i \u017eeljeni proizvod u na\u0161oj internetskoj trgovini, pozivamo vas da nam po\u0161aljete upit na <\/span><a href=\"mailto:info@work-foxx.com\"><b>info@work-foxx.com<\/b><\/a><span style=\"font-weight: 400;\"> ili putem <\/span><a href=\"https:\/\/work-foxx.com\/hr\/pomoc-i-kontakt\/\"><span style=\"font-weight: 400;\">kontakt obrasca<\/span><\/a><span style=\"font-weight: 400;\">. S na\u0161om partnerskom mre\u017eom poku\u0161at \u0107emo vam pru\u017eiti \u017eeljene proizvode ili skratiti vrijeme isporuke.<\/span><\/p>\n","protected":false},"excerpt":{"rendered":"<p>Za\u0161titna silikonska maska \u200b\u200bsa jednim filterom serije 5400 namijenjena je vi\u0161ekratnoj uporabi. Kompatibilan je sa svim filtrima marke BLS, serije 400.<\/p>\n","protected":false},"featured_media":64815,"comment_status":"open","ping_status":"closed","template":"","meta":{"_acf_changed":false,"inline_featured_image":false},"product_brand":[],"product_cat":[1003,982,958],"product_tag":[],"class_list":{"0":"post-18616","1":"product","2":"type-product","3":"status-publish","4":"has-post-thumbnail","6":"product_cat-maske","7":"product_cat-zastita-disnih-puteva","8":"product_cat-zastita-glave","10":"first","11":"instock","12":"taxable","13":"shipping-taxable","14":"purchasable","15":"product-type-variable"},"acf":[],"_links":{"self":[{"href":"https:\/\/work-foxx.com\/hr\/wp-json\/wp\/v2\/product\/18616","targetHints":{"allow":["GET"]}}],"collection":[{"href":"https:\/\/work-foxx.com\/hr\/wp-json\/wp\/v2\/product"}],"about":[{"href":"https:\/\/work-foxx.com\/hr\/wp-json\/wp\/v2\/types\/product"}],"replies":[{"embeddable":true,"href":"https:\/\/work-foxx.com\/hr\/wp-json\/wp\/v2\/comments?post=18616"}],"wp:featuredmedia":[{"embeddable":true,"href":"https:\/\/work-foxx.com\/hr\/wp-json\/wp\/v2\/media\/64815"}],"wp:attachment":[{"href":"https:\/\/work-foxx.com\/hr\/wp-json\/wp\/v2\/media?parent=18616"}],"wp:term":[{"taxonomy":"product_brand","embeddable":true,"href":"https:\/\/work-foxx.com\/hr\/wp-json\/wp\/v2\/product_brand?post=18616"},{"taxonomy":"product_cat","embeddable":true,"href":"https:\/\/work-foxx.com\/hr\/wp-json\/wp\/v2\/product_cat?post=18616"},{"taxonomy":"product_tag","embeddable":true,"href":"https:\/\/work-foxx.com\/hr\/wp-json\/wp\/v2\/product_tag?post=18616"}],"curies":[{"name":"wp","href":"https:\/\/api.w.org\/{rel}","templated":true}]}}