{"id":18614,"date":"2023-04-14T09:06:00","date_gmt":"2023-04-14T09:06:00","guid":{"rendered":"https:\/\/work-foxx.com\/product\/silikonska-pola-maske-s-jednim-filtrom\/"},"modified":"2026-05-05T12:17:54","modified_gmt":"2026-05-05T12:17:54","slug":"silikonska-polumaska-bls-sge46","status":"publish","type":"product","link":"https:\/\/work-foxx.com\/hr\/proizvod\/silikonska-polumaska-bls-sge46\/","title":{"rendered":"Silikonska polumaska BLS SGE46"},"content":{"rendered":"<h1>Silikonska polumaska BLS SGE46<\/h1>\n<p data-start=\"161\" data-end=\"636\">Silikonska polumaska <span class=\"hover:entity-accent entity-underline inline cursor-pointer align-baseline\"><span class=\"whitespace-normal\">BLS SGE46<\/span><\/span>\u00a0je visokokvalitetna za\u0161titna polumaska s jednim filtrom i univerzalnim RD40 navojem, dizajnirana za u\u010dinkovitu za\u0161titu di\u0161nih puteva u zahtjevnim radnim uvjetima. Prikladna je za upotrebu u industriji, kemijskoj industriji, gra\u0111evinarstvu te pri radu s opasnim plinovima, parama i \u010desticama. <span class=\"hover:entity-accent entity-underline inline cursor-pointer align-baseline\"><span class=\"whitespace-normal\">BLS Group<\/span><\/span> razvija napredna rje\u0161enja za za\u0161titu di\u0161nih puteva za razli\u010dite profesionalne sektore.<\/p>\n<h3 data-section-id=\"wyhjqs\" data-start=\"638\" data-end=\"659\">Klju\u010dne prednosti<\/h3>\n<ul data-start=\"661\" data-end=\"1695\">\n<li data-section-id=\"piilpf\" data-start=\"661\" data-end=\"833\"><strong data-start=\"663\" data-end=\"700\">Univerzalni RD40 navoj (EN 148-1)<\/strong><br data-start=\"700\" data-end=\"703\" \/>Standardni navoj omogu\u0107uje kompatibilnost s velikim brojem filtera za razli\u010dite namjene.<\/li>\n<li data-section-id=\"11e5rcp\" data-start=\"835\" data-end=\"1026\"><strong data-start=\"837\" data-end=\"867\">Silikonsko obrazno tesnilo<\/strong><br data-start=\"867\" data-end=\"870\" \/>Fleksibilan silikon omogu\u0107uje prilagodbu svim oblicima lica, osiguravaju\u0107i visoku udobnost i optimalno prianjanje.<\/li>\n<li data-section-id=\"1495zou\" data-start=\"1028\" data-end=\"1165\"><strong data-start=\"1030\" data-end=\"1051\">Ergonomski dizajn<\/strong><br data-start=\"1051\" data-end=\"1054\" \/>Lagana i kompaktna konstrukcija omogu\u0107uje jednostavno kori\u0161tenje i kompatibilnost s drugom za\u0161titnom opremom.<\/li>\n<li data-section-id=\"r9gafi\" data-start=\"1167\" data-end=\"1326\"><strong data-start=\"1169\" data-end=\"1198\">4-to\u010dkovno pri\u010dvr\u0161\u0107ivanje<\/strong><br data-start=\"1198\" data-end=\"1201\" \/>Sustav pri\u010dvr\u0161\u0107ivanja ravnomjerno raspore\u0111uje te\u017einu i ne ostavlja tragove na licu.<\/li>\n<li data-section-id=\"1rihibv\" data-start=\"1328\" data-end=\"1435\"><strong data-start=\"1330\" data-end=\"1353\">Niski otpor disanja<\/strong><br data-start=\"1353\" data-end=\"1356\" \/>Sustav ventila omogu\u0107uje lak\u0161e disanje i ve\u0107u udobnost pri duljem kori\u0161tenju.<\/li>\n<li data-section-id=\"baqpgd\" data-start=\"1437\" data-end=\"1536\"><strong data-start=\"1439\" data-end=\"1465\">Jednostavno odr\u017eavanje<\/strong><br data-start=\"1465\" data-end=\"1468\" \/>Robusna konstrukcija omogu\u0107uje brzo \u010di\u0161\u0107enje i dug vijek trajanja.<\/li>\n<li data-section-id=\"19q82f2\" data-start=\"1538\" data-end=\"1695\"><strong data-start=\"1540\" data-end=\"1573\">Kompatibilnost s BLS filtrima<\/strong><br data-start=\"1573\" data-end=\"1576\" \/>Kompatibilna s BLS 400 serijom filtera za za\u0161titu od plinova, para i \u010destica.<\/li>\n<\/ul>\n<h3>Materijalni sastav i tehni\u010dka svojstva<\/h3>\n<p><strong>Brtva:<\/strong> Silikonska guma s izravno pri\u010dvr\u0161\u0107enim trakama od poliestera i oblo\u017eene gume<br \/>\n<strong>Veli\u010dina:<\/strong> Univerzalna, ergonomska prilagodba za svakog korisnika<br \/>\n<strong>Navoj:<\/strong> Standardni poliamidni navoj (PA), (EN 148-1)<br \/>\n<strong>Ventil:<\/strong> Dva ventila za izdisanje, kompatibilnost sa svim filterima serije 400<br \/>\n<strong>Te\u017eina:<\/strong> 150 g<br \/>\n<strong>Standard:<\/strong>\u00a0EN 140:1998<br \/>\n<strong>Proizve\u0111a\u010d:<\/strong>\u00a0<a href=\"https:\/\/www.blsgroup.com\/en\/?cn-reloaded=1\" rel=\"nofollow\">BLS<\/a><\/p>\n<p><span style=\"font-weight: 400;\">Ako proizvod koji vam je potreban nije na zalihi ili ne mo\u017eete prona\u0107i \u017eeljeni proizvod u na\u0161oj internetskoj trgovini, pozivamo vas da nam po\u0161aljete upit na <\/span><a href=\"mailto:info@work-foxx.com\"><b>info@work-foxx.com<\/b><\/a><span style=\"font-weight: 400;\"> ili putem <\/span><a href=\"https:\/\/work-foxx.com\/hr\/pomoc-i-kontakt\/\"><span style=\"font-weight: 400;\">kontakt obrasca<\/span><\/a><span style=\"font-weight: 400;\">. S na\u0161om partnerskom mre\u017eom poku\u0161at \u0107emo vam pru\u017eiti \u017eeljene proizvode ili skratiti vrijeme isporuke.<\/span><\/p>\n","protected":false},"excerpt":{"rendered":"<p>Silikonska polumaska s jednim filtrom BLS SGE46 namijenjena je za vi\u0161ekratnu upotrebu. Kompatibilna je sa svim filtrima marke BLS, serije 400.<\/p>\n","protected":false},"featured_media":12512,"comment_status":"open","ping_status":"closed","template":"","meta":{"_acf_changed":false,"inline_featured_image":false},"product_brand":[],"product_cat":[1001,982,958],"product_tag":[],"class_list":{"0":"post-18614","1":"product","2":"type-product","3":"status-publish","4":"has-post-thumbnail","6":"product_cat-polumaske","7":"product_cat-zastita-disnih-puteva","8":"product_cat-zastita-glave","10":"first","11":"outofstock","12":"taxable","13":"shipping-taxable","14":"purchasable","15":"product-type-simple"},"acf":[],"_links":{"self":[{"href":"https:\/\/work-foxx.com\/hr\/wp-json\/wp\/v2\/product\/18614","targetHints":{"allow":["GET"]}}],"collection":[{"href":"https:\/\/work-foxx.com\/hr\/wp-json\/wp\/v2\/product"}],"about":[{"href":"https:\/\/work-foxx.com\/hr\/wp-json\/wp\/v2\/types\/product"}],"replies":[{"embeddable":true,"href":"https:\/\/work-foxx.com\/hr\/wp-json\/wp\/v2\/comments?post=18614"}],"wp:featuredmedia":[{"embeddable":true,"href":"https:\/\/work-foxx.com\/hr\/wp-json\/wp\/v2\/media\/12512"}],"wp:attachment":[{"href":"https:\/\/work-foxx.com\/hr\/wp-json\/wp\/v2\/media?parent=18614"}],"wp:term":[{"taxonomy":"product_brand","embeddable":true,"href":"https:\/\/work-foxx.com\/hr\/wp-json\/wp\/v2\/product_brand?post=18614"},{"taxonomy":"product_cat","embeddable":true,"href":"https:\/\/work-foxx.com\/hr\/wp-json\/wp\/v2\/product_cat?post=18614"},{"taxonomy":"product_tag","embeddable":true,"href":"https:\/\/work-foxx.com\/hr\/wp-json\/wp\/v2\/product_tag?post=18614"}],"curies":[{"name":"wp","href":"https:\/\/api.w.org\/{rel}","templated":true}]}}