{"id":18613,"date":"2023-04-14T08:29:00","date_gmt":"2023-04-14T08:29:00","guid":{"rendered":"https:\/\/work-foxx.com\/product\/visoke-cizme-ginocchio-nn-bijele\/"},"modified":"2026-03-31T13:21:46","modified_gmt":"2026-03-31T13:21:46","slug":"visoke-cizme-ginocchio-nn-bijele","status":"publish","type":"product","link":"https:\/\/work-foxx.com\/hr\/proizvod\/visoke-cizme-ginocchio-nn-bijele\/","title":{"rendered":"Visoke \u010dizme GINOCCHIO NN, bijele"},"content":{"rendered":"<h1>Visoke \u010dizme GINOCCHIO NN, bijele<\/h1>\n<p>Visoke \u010dizme Ginocchio NN <span style=\"font-weight: 400;\">su bez za\u0161titne kapice i klasificirane su u za\u0161titnu klasu OB<\/span>. Izra\u0111ene su od PVC-a i imaju podstavu od poliestera. Ulo\u017eak pru\u017ea prozra\u010dnost, a tako\u0111er se mo\u017ee izvaditi i oprati. PVC potplat pru\u017ea dobro prianjanje i za\u0161titu od klizanja na keramici (SRA). Visoke \u010dizme Ginocchio NN pogodne su za kori\u0161tenje u mokrim i vla\u017enim uvjetima u gra\u0111evinarstvu, poljoprivredi, industriji, za rad kod ku\u0107e itd.<\/p>\n<h3>Materijalni sastav i tehni\u010dka svojstva<\/h3>\n<p><strong>Vanjski materijal:<\/strong> PVC<br \/>\n<b>Podstava:<\/b> Poliester<br \/>\n<b>Ulo\u017eak:<\/b> Prozra\u010dan, uklonjiv<br \/>\n<strong>Potplat:<\/strong> PVC<\/p>\n<p><strong>Veli\u010dine:<\/strong> 36 &#8211; 48<br \/>\n<strong>Boja:<\/strong> Bijela<br \/>\n<strong>Spol:<\/strong> Unisex<br \/>\n<strong>Proizvo\u0111a\u010d:<\/strong> <a href=\"https:\/\/wellysafety.com\/\">THE WELLY<\/a><\/p>\n<p><strong>Tehni\u010dke karakteristike:<\/strong> OB,<br \/>\n<strong>Za\u0161tita prstiju:<\/strong> Bez za\u0161titne kapice (OB)<br \/>\n<strong>Standard:<\/strong> EN ISO 20347:2012<\/p>\n<h3>Opis standarda<\/h3>\n<p><span style=\"font-weight: 400;\">Norma EN ISO 20347 definira osnovne zahtjeve za profesionalnu obu\u0107u. Izme\u0111u ostalog, postavljaju se zahtjevi na oblik, svojstva potplata, protukliznost, ergonomska svojstva, gornji dio obu\u0107e, \u010dvrsto\u0107u, podstavu, ulo\u0161ke, potplate itd. Radna obu\u0107a prema propisu EN ISO 20347 nema za\u0161titnu kapicu i pogodan je za rad gdje postoji mala mogu\u0107nost o\u0161te\u0107enja uslijed mehani\u010dkih utjecaja.<\/span><\/p>\n<p><span style=\"font-weight: 400;\">Razlikujemo radne i za\u0161titne \u010dizme koje se me\u0111usobno razlikuju po stupnju za\u0161tite. Radne \u010dizme s oznakom OB namijenjene su za rad na kojem postoji mala mogu\u0107nost ozljeda zbog mehani\u010dkih utjecaja. Za\u0161titne \u010dizme oznake SB imaju za\u0161titnu kapicu i namijenjene su za rad gdje postoji velika mogu\u0107nost ozljeda zbog mehani\u010dkih utjecaja.<\/span><\/p>\n<p><em><span style=\"font-weight: 400;\">Savjete za odabir kvalitetnih \u010dizama mo\u017eete prona\u0107i u rubrici <\/span><span style=\"font-weight: 400;\">&#8220;<\/span><a href=\"https:\/\/work-foxx.com\/hr\/savjeti\/\"><span style=\"font-weight: 400;\">Savjeti stru\u010dnjaka<\/span><\/a><span style=\"font-weight: 400;\">&#8220;.<\/span><\/em><\/p>\n","protected":false},"excerpt":{"rendered":"<p>Visoke \u010dizme GINOCCHIO NN su bez za\u0161titne kapice. Prikladne su za rad u mokrim i vla\u017enim okru\u017eenjima i nude protukliznu za\u0161titu na keramici (SRA).<\/p>\n","protected":false},"featured_media":13284,"comment_status":"open","ping_status":"closed","template":"","meta":{"_acf_changed":false,"inline_featured_image":false},"product_brand":[],"product_cat":[1015,1976,1013],"product_tag":[],"class_list":{"0":"post-18613","1":"product","2":"type-product","3":"status-publish","4":"has-post-thumbnail","6":"product_cat-cizme","7":"product_cat-gumene-cizme","8":"product_cat-obuca","10":"first","11":"instock","12":"taxable","13":"shipping-taxable","14":"purchasable","15":"product-type-variable"},"acf":[],"_links":{"self":[{"href":"https:\/\/work-foxx.com\/hr\/wp-json\/wp\/v2\/product\/18613","targetHints":{"allow":["GET"]}}],"collection":[{"href":"https:\/\/work-foxx.com\/hr\/wp-json\/wp\/v2\/product"}],"about":[{"href":"https:\/\/work-foxx.com\/hr\/wp-json\/wp\/v2\/types\/product"}],"replies":[{"embeddable":true,"href":"https:\/\/work-foxx.com\/hr\/wp-json\/wp\/v2\/comments?post=18613"}],"wp:featuredmedia":[{"embeddable":true,"href":"https:\/\/work-foxx.com\/hr\/wp-json\/wp\/v2\/media\/13284"}],"wp:attachment":[{"href":"https:\/\/work-foxx.com\/hr\/wp-json\/wp\/v2\/media?parent=18613"}],"wp:term":[{"taxonomy":"product_brand","embeddable":true,"href":"https:\/\/work-foxx.com\/hr\/wp-json\/wp\/v2\/product_brand?post=18613"},{"taxonomy":"product_cat","embeddable":true,"href":"https:\/\/work-foxx.com\/hr\/wp-json\/wp\/v2\/product_cat?post=18613"},{"taxonomy":"product_tag","embeddable":true,"href":"https:\/\/work-foxx.com\/hr\/wp-json\/wp\/v2\/product_tag?post=18613"}],"curies":[{"name":"wp","href":"https:\/\/api.w.org\/{rel}","templated":true}]}}