{"id":18612,"date":"2023-04-14T09:06:00","date_gmt":"2023-04-14T09:06:00","guid":{"rendered":"https:\/\/work-foxx.com\/product\/kaciga-za-rad-na-visini-fox-a-crna\/"},"modified":"2023-12-29T10:25:12","modified_gmt":"2023-12-29T10:25:12","slug":"zastitna-kaciga-za-rad-na-visini-fox-crna","status":"publish","type":"product","link":"https:\/\/work-foxx.com\/hr\/proizvod\/zastitna-kaciga-za-rad-na-visini-fox-crna\/","title":{"rendered":"Za\u0161titna kaciga za rad na visini FOX, crna"},"content":{"rendered":"<p>Za\u0161titna kaciga za rad na visini FOX tvrtke Kratos Safety modernog je dizajna. Kaciga je posebno dizajnirana za rad na visini, planinarenje, spa\u0161avanje itd. Za\u0161titna kaciga za rad na visini FOX je podesive veli\u010dine s kota\u010di\u0107em. Mo\u017ee se koristiti u kombinaciji sa vizirom, slu\u0161alicama ili svjetiljkom.<\/p>\n<p><strong>Veli\u010dina:<\/strong> Univerzalna 52 do 61 cm<br \/>\n<strong>Materijal:<\/strong> Trake: poliester, Kop\u010de: aluminij, Za\u0161tita: polipropilen (PP)<br \/>\n<strong>Te\u017eina proizvoda:<\/strong> 0,41 kg<br \/>\n<strong>Standard:<\/strong> EN 12492:2012<br \/>\n<strong>Proizvo\u0111a\u010d:<\/strong> <a href=\"https:\/\/kratossafety.com\/en\/\">Kratos Safety<\/a><br \/>\n<strong>Boja:<\/strong> Crna<\/p>\n<p><strong>Svojstava:<\/strong> Posebno dizajniran za rad na visini, planinarenje, spa\u0161avanje, otvore za ve\u0107u udobnost, mogu\u0107nost kori\u0161tenja vizira, \u0161titnika za u\u0161i, svjetiljka (dodaci nisu uklju\u010deni u isporuku).<\/p>\n<p><a href=\"https:\/\/kratossafety.com\/en\/\">Kratos Safety<\/a> nudi cijeli niz <a href=\"https:\/\/work-foxx.com\/kategorija-izdelka\/varno-delo\/varno-delo-na-visini\/\">opreme za rad na visini<\/a> i sprje\u010davanje padova. Za\u0161titna oprema za rad na visini iznimno je va\u017ena jer za\u0161tita od pada, koja je drugi naj\u010de\u0161\u0107i uzrok nesre\u0107a sa smrtnim ishodom, spada u osobnu za\u0161titnu opremu III. kategorije \u2013 smrtnu opasnost.<\/p>\n<p><strong>U skladu s odredbama Uredbe (EU) 2016\/425 o osobnoj za\u0161titnoj opremi, oprema za rad na visini podlije\u017ee periodi\u010dnom pregledu, godinu dana od po\u010detka uporabe.<\/strong><\/p>\n<p><span style=\"font-weight: 400;\">Ako proizvod koji vam je potreban nije na zalihi ili ne mo\u017eete prona\u0107i \u017eeljeni proizvod u na\u0161oj internetskoj trgovini, pozivamo vas da nam po\u0161aljete upit na <\/span><a href=\"mailto:info@work-foxx.com\"><b>info@work-foxx.com<\/b><\/a><span style=\"font-weight: 400;\"> ili putem <\/span><a href=\"https:\/\/work-foxx.com\/hr\/pomoc-i-kontakt\/\"><span style=\"font-weight: 400;\">kontakt obrasca<\/span><\/a><span style=\"font-weight: 400;\">. S na\u0161om partnerskom mre\u017eom poku\u0161at \u0107emo vam pru\u017eiti \u017eeljene proizvode ili skratiti vrijeme isporuke.<\/span><\/p>\n","protected":false},"excerpt":{"rendered":"<p>Za\u0161titna kaciga za rad na visini FOX je posebno dizajnirana za rad na visini, planinarenje, spa\u0161avanje i sl. Kaciga je podesive veli\u010dine pomo\u0107u kota\u010di\u0107a.<\/p>\n","protected":false},"featured_media":15442,"comment_status":"open","ping_status":"closed","template":"","meta":{"_acf_changed":false,"inline_featured_image":false},"product_brand":[],"product_cat":[816,2371],"product_tag":[],"class_list":{"0":"post-18612","1":"product","2":"type-product","3":"status-publish","4":"has-post-thumbnail","6":"product_cat-rad-na-visini","7":"product_cat-zastita-glave-2","9":"first","10":"instock","11":"taxable","12":"shipping-taxable","13":"purchasable","14":"product-type-simple"},"acf":[],"_links":{"self":[{"href":"https:\/\/work-foxx.com\/hr\/wp-json\/wp\/v2\/product\/18612","targetHints":{"allow":["GET"]}}],"collection":[{"href":"https:\/\/work-foxx.com\/hr\/wp-json\/wp\/v2\/product"}],"about":[{"href":"https:\/\/work-foxx.com\/hr\/wp-json\/wp\/v2\/types\/product"}],"replies":[{"embeddable":true,"href":"https:\/\/work-foxx.com\/hr\/wp-json\/wp\/v2\/comments?post=18612"}],"wp:featuredmedia":[{"embeddable":true,"href":"https:\/\/work-foxx.com\/hr\/wp-json\/wp\/v2\/media\/15442"}],"wp:attachment":[{"href":"https:\/\/work-foxx.com\/hr\/wp-json\/wp\/v2\/media?parent=18612"}],"wp:term":[{"taxonomy":"product_brand","embeddable":true,"href":"https:\/\/work-foxx.com\/hr\/wp-json\/wp\/v2\/product_brand?post=18612"},{"taxonomy":"product_cat","embeddable":true,"href":"https:\/\/work-foxx.com\/hr\/wp-json\/wp\/v2\/product_cat?post=18612"},{"taxonomy":"product_tag","embeddable":true,"href":"https:\/\/work-foxx.com\/hr\/wp-json\/wp\/v2\/product_tag?post=18612"}],"curies":[{"name":"wp","href":"https:\/\/api.w.org\/{rel}","templated":true}]}}