{"id":18610,"date":"2023-04-14T09:06:00","date_gmt":"2023-04-14T09:06:00","guid":{"rendered":"https:\/\/work-foxx.com\/product\/filtar-abe2p3-r\/"},"modified":"2023-11-12T10:18:05","modified_gmt":"2023-11-12T10:18:05","slug":"filtar-abe2p3-r","status":"publish","type":"product","link":"https:\/\/work-foxx.com\/hr\/proizvod\/filtar-abe2p3-r\/","title":{"rendered":"Filtar ABE2P3 R"},"content":{"rendered":"<p>Filtar ABE2P3 R (serija 400) karakterizira visoka u\u010dinkovitost, jednostavnost kori\u0161tenja i visoka za\u0161tita. Detaljan opis razine za\u0161tite mo\u017eete prona\u0107i u informacijama o proizvodu. Filtar ABE2P3 R kompatibilan je s <a href=\"https:\/\/www.blsgroup.com\/en\/\">BLS<\/a> maskama i polumaskama koje su navedene pod odre\u0111enim proizvodom.<\/p>\n<p><strong>Zna\u010dajke:<\/strong> Filtar serije 400 karakterizira visoka u\u010dinkovitost, jednostavnost kori\u0161tenja i visok stupanj za\u0161tite<br \/>\n<strong>Razina za\u0161tite:<\/strong> ABE2P3 R<br \/>\n<strong>Tip navoja:<\/strong> Univerzalni EN148 &#8211; za upotrebu sa maskama i polumaskama, SGE46, BL5150, BLS5400, BLS5400C, maskama serije BLS 3000 (3150, 3400, 3150V)<br \/>\n<strong>Te\u017eina:<\/strong> 305 g (filteri te\u017ei od 300 g nisu prikladni za kori\u0161tenje s polumaskama)<br \/>\n<strong>Ku\u0107i\u0161te:<\/strong> ABS akrilonitril butadien stiren<\/p>\n<p><b>Obja\u0161njenje razina za\u0161tite:<\/b><\/p>\n<ul>\n<li style=\"font-weight: 400;\" aria-level=\"1\"><span style=\"font-weight: 400;\">A = organski plinovi i pare<\/span><\/li>\n<li style=\"font-weight: 400;\" aria-level=\"1\"><span style=\"font-weight: 400;\">AX = organski plinovi i pare (temperatura vrenja &lt;65 \u00b0C)<\/span><\/li>\n<li style=\"font-weight: 400;\" aria-level=\"1\"><span style=\"font-weight: 400;\">B = anorganski plinovi i pare<\/span><\/li>\n<li style=\"font-weight: 400;\" aria-level=\"1\"><span style=\"font-weight: 400;\">E = kiseli plinovi i pare<\/span><\/li>\n<li style=\"font-weight: 400;\" aria-level=\"1\"><span style=\"font-weight: 400;\">K = amonijak i derivati<\/span><\/li>\n<li style=\"font-weight: 400;\" aria-level=\"1\"><span style=\"font-weight: 400;\">P = \u010destice pra\u0161ine<\/span><\/li>\n<li style=\"font-weight: 400;\" aria-level=\"1\"><span style=\"font-weight: 400;\">R = za vi\u0161ekratnu upotrebu<\/span><\/li>\n<li style=\"font-weight: 400;\" aria-level=\"1\"><span style=\"font-weight: 400;\">Hg = \u017eivina para<\/span><\/li>\n<\/ul>\n<p><strong>Standard:<\/strong> EN 143:2000\/A1:2006, EN 14387:2004 + A1:2008<br \/>\n<strong>Minimalna koli\u010dina narud\u017ebe<\/strong>: 4 kom<\/p>\n<p><span style=\"font-weight: 400;\">Ako proizvod koji vam je potreban nije na zalihi ili ne mo\u017eete prona\u0107i \u017eeljeni proizvod u na\u0161oj internetskoj trgovini, pozivamo vas da nam po\u0161aljete upit na <\/span><a href=\"mailto:info@work-foxx.com\"><b>info@work-foxx.com<\/b><\/a><span style=\"font-weight: 400;\"> ili putem <\/span><a href=\"https:\/\/work-foxx.com\/hr\/pomoc-i-kontakt\/\"><span style=\"font-weight: 400;\">kontakt obrasca<\/span><\/a><span style=\"font-weight: 400;\">. S na\u0161om partnerskom mre\u017eom poku\u0161at \u0107emo vam pru\u017eiti \u017eeljene proizvode ili skratiti vrijeme isporuke.<\/span><\/p>\n","protected":false},"excerpt":{"rendered":"<p>Filtar ABE2P3 R karakterizira visoka u\u010dinkovitost, jednostavnost kori\u0161tenja i visoka za\u0161tita. Filteri su kompatibilni s BLS maskama i polumaskama.<\/p>\n","protected":false},"featured_media":12532,"comment_status":"open","ping_status":"closed","template":"","meta":{"_acf_changed":false,"inline_featured_image":false},"product_brand":[],"product_cat":[986,982,958],"product_tag":[],"class_list":{"0":"post-18610","1":"product","2":"type-product","3":"status-publish","4":"has-post-thumbnail","6":"product_cat-filtri","7":"product_cat-zastita-disnih-puteva","8":"product_cat-zastita-glave","10":"first","11":"instock","12":"taxable","13":"shipping-taxable","14":"purchasable","15":"product-type-simple"},"acf":[],"_links":{"self":[{"href":"https:\/\/work-foxx.com\/hr\/wp-json\/wp\/v2\/product\/18610","targetHints":{"allow":["GET"]}}],"collection":[{"href":"https:\/\/work-foxx.com\/hr\/wp-json\/wp\/v2\/product"}],"about":[{"href":"https:\/\/work-foxx.com\/hr\/wp-json\/wp\/v2\/types\/product"}],"replies":[{"embeddable":true,"href":"https:\/\/work-foxx.com\/hr\/wp-json\/wp\/v2\/comments?post=18610"}],"wp:featuredmedia":[{"embeddable":true,"href":"https:\/\/work-foxx.com\/hr\/wp-json\/wp\/v2\/media\/12532"}],"wp:attachment":[{"href":"https:\/\/work-foxx.com\/hr\/wp-json\/wp\/v2\/media?parent=18610"}],"wp:term":[{"taxonomy":"product_brand","embeddable":true,"href":"https:\/\/work-foxx.com\/hr\/wp-json\/wp\/v2\/product_brand?post=18610"},{"taxonomy":"product_cat","embeddable":true,"href":"https:\/\/work-foxx.com\/hr\/wp-json\/wp\/v2\/product_cat?post=18610"},{"taxonomy":"product_tag","embeddable":true,"href":"https:\/\/work-foxx.com\/hr\/wp-json\/wp\/v2\/product_tag?post=18610"}],"curies":[{"name":"wp","href":"https:\/\/api.w.org\/{rel}","templated":true}]}}