{"id":18607,"date":"2023-04-14T09:06:00","date_gmt":"2023-04-14T09:06:00","guid":{"rendered":"https:\/\/work-foxx.com\/product\/filtar-p3-r-pojedinacno-pakiranje\/"},"modified":"2024-02-05T18:12:47","modified_gmt":"2024-02-05T18:12:47","slug":"filtar-p3-r-2-1-2","status":"publish","type":"product","link":"https:\/\/work-foxx.com\/hr\/proizvod\/filtar-p3-r-2-1-2\/","title":{"rendered":"Filtar P3 R (2\/1)"},"content":{"rendered":"<p>Filtar P3 R (serija 200) odlikuje se visokom u\u010dinkovito\u0161\u0107u, lako\u0107om kori\u0161tenja i visokom za\u0161titom. Detaljan opis razine za\u0161tite mo\u017eete prona\u0107i u informacijama o proizvodu. Filtar P3 R kompatibilan je s maskama marke <a href=\"https:\/\/www.blsgroup.com\/en\/\">BLS<\/a> i polumaskama navedenim pod odre\u0111enim proizvodom.<\/p>\n<p><strong>Zna\u010dajke:<\/strong> Filtar serije 200 karakterizira visoka u\u010dinkovitost, jednostavnost kori\u0161tenja i visok stupanj za\u0161tite<br \/>\n<strong>Razina za\u0161tite:<\/strong> P3 R<br \/>\n<b>Tip navoja:<\/b> Bajonet &#8211; za upotrebu s maskama i polumaskama BLS1000, BLS5600, BLS5700, BLS4000S, BLS4000R<br \/>\n<strong>Te\u017eina:<\/strong> 67 g<br \/>\n<strong>Ku\u0107i\u0161te:<\/strong> ABS akrilonitril butadien stiren<\/p>\n<p><b>Obja\u0161njenje razina za\u0161tite:<\/b><\/p>\n<ul>\n<li style=\"font-weight: 400;\" aria-level=\"1\"><span style=\"font-weight: 400;\">A = organski plinovi i pare<\/span><\/li>\n<li style=\"font-weight: 400;\" aria-level=\"1\"><span style=\"font-weight: 400;\">AX = organski plinovi i pare (temperatura vrenja &lt;65 \u00b0C)<\/span><\/li>\n<li style=\"font-weight: 400;\" aria-level=\"1\"><span style=\"font-weight: 400;\">B = anorganski plinovi i pare<\/span><\/li>\n<li style=\"font-weight: 400;\" aria-level=\"1\"><span style=\"font-weight: 400;\">E = kiseli plinovi i pare<\/span><\/li>\n<li style=\"font-weight: 400;\" aria-level=\"1\"><span style=\"font-weight: 400;\">K = amonijak i derivati<\/span><\/li>\n<li style=\"font-weight: 400;\" aria-level=\"1\"><span style=\"font-weight: 400;\">P = \u010destice pra\u0161ine<\/span><\/li>\n<li style=\"font-weight: 400;\" aria-level=\"1\"><span style=\"font-weight: 400;\">R = za vi\u0161ekratnu upotrebu<\/span><\/li>\n<li style=\"font-weight: 400;\" aria-level=\"1\"><span style=\"font-weight: 400;\">Hg = \u017eivina para<\/span><\/li>\n<\/ul>\n<p><strong>Standard:<\/strong> EN 149:2001+A1:2009<br \/>\n<strong>Koli\u010dina<\/strong>: 2 kos v paketu<\/p>\n<p>Ako proizvod koji vam je potreban nije na zalihi ili ne mo\u017eete prona\u0107i \u017eeljeni proizvod u na\u0161oj internetskoj trgovini, pozivamo vas da nam po\u0161aljete upit na\u00a0<a href=\"mailto:info@work-foxx.com\"><strong>info@work-foxx.com<\/strong><\/a>\u00a0ili putem\u00a0<a href=\"https:\/\/work-foxx.com\/hr\/pomoc-i-kontakt\/\">kontakt obrasca<\/a>. S na\u0161om partnerskom mre\u017eom poku\u0161at \u0107emo vam pru\u017eiti \u017eeljene proizvode ili skratiti vrijeme isporuke.<\/p>\n","protected":false},"excerpt":{"rendered":"<p>Filtar P3 R odlikuje se visokom u\u010dinkovito\u0161\u0107u, jednostavnom upotrebom i visokom za\u0161titom. Filteri su kompatibilni s BLS maskama i polumaskama.<\/p>\n","protected":false},"featured_media":12994,"comment_status":"open","ping_status":"closed","template":"","meta":{"_acf_changed":false,"inline_featured_image":false},"product_brand":[],"product_cat":[986,982,958],"product_tag":[],"class_list":{"0":"post-18607","1":"product","2":"type-product","3":"status-publish","4":"has-post-thumbnail","6":"product_cat-filtri","7":"product_cat-zastita-disnih-puteva","8":"product_cat-zastita-glave","10":"first","11":"instock","12":"taxable","13":"shipping-taxable","14":"purchasable","15":"product-type-simple"},"acf":[],"_links":{"self":[{"href":"https:\/\/work-foxx.com\/hr\/wp-json\/wp\/v2\/product\/18607","targetHints":{"allow":["GET"]}}],"collection":[{"href":"https:\/\/work-foxx.com\/hr\/wp-json\/wp\/v2\/product"}],"about":[{"href":"https:\/\/work-foxx.com\/hr\/wp-json\/wp\/v2\/types\/product"}],"replies":[{"embeddable":true,"href":"https:\/\/work-foxx.com\/hr\/wp-json\/wp\/v2\/comments?post=18607"}],"wp:featuredmedia":[{"embeddable":true,"href":"https:\/\/work-foxx.com\/hr\/wp-json\/wp\/v2\/media\/12994"}],"wp:attachment":[{"href":"https:\/\/work-foxx.com\/hr\/wp-json\/wp\/v2\/media?parent=18607"}],"wp:term":[{"taxonomy":"product_brand","embeddable":true,"href":"https:\/\/work-foxx.com\/hr\/wp-json\/wp\/v2\/product_brand?post=18607"},{"taxonomy":"product_cat","embeddable":true,"href":"https:\/\/work-foxx.com\/hr\/wp-json\/wp\/v2\/product_cat?post=18607"},{"taxonomy":"product_tag","embeddable":true,"href":"https:\/\/work-foxx.com\/hr\/wp-json\/wp\/v2\/product_tag?post=18607"}],"curies":[{"name":"wp","href":"https:\/\/api.w.org\/{rel}","templated":true}]}}