{"id":18583,"date":"2023-04-14T09:07:00","date_gmt":"2023-04-14T09:07:00","guid":{"rendered":"https:\/\/work-foxx.com\/product\/gp3000-zastitna-kaciga-bijela\/"},"modified":"2023-12-29T10:25:12","modified_gmt":"2023-12-29T10:25:12","slug":"zastitna-kaciga-gp3000-bijela","status":"publish","type":"product","link":"https:\/\/work-foxx.com\/hr\/proizvod\/zastitna-kaciga-gp3000-bijela\/","title":{"rendered":"Za\u0161titna kaciga GP3000, bijela"},"content":{"rendered":"<p>Za\u0161titna kaciga GP3000 klasi\u010dnog je oblika i \u0161titi vas od napona do 440 V. Podesiva po obujmu pomo\u0107u trake. U unutra\u0161njosti se nalazi dodatni ulo\u017eak za upijanje znoja. Za\u0161titna kaciga GP3000 otporna je na temperature od -20\u00b0C do +50\u00b0C.<\/p>\n<p><strong>Materijal:<\/strong> HD PE (polietilen visoke gusto\u0107e), UV otporan, unutarnja \u0161koljka od poliestera i plastike<br \/>\n<strong>Karakteristike:<\/strong> Otpornost na temperaturu od -20 do +50 \u00b0C, elektri\u010dni otpor 440 VAC, pode\u0161avanje veli\u010dine, podloga za upijanje znoja<br \/>\n<strong>Standard:<\/strong> EN 397: 2012<br \/>\n<strong>Proizvo\u0111a\u010d:<\/strong> <a href=\"https:\/\/www.gplast.it\/\">G. PLAST<\/a><br \/>\n<strong>Boja:<\/strong> Bijela<\/p>\n<p><span style=\"font-weight: 400;\">Ako proizvod koji vam je potreban nije na zalihi ili ne mo\u017eete prona\u0107i \u017eeljeni proizvod u na\u0161oj internetskoj trgovini, pozivamo vas da nam po\u0161aljete upit na <\/span><a href=\"mailto:info@work-foxx.com\"><b>info@work-foxx.com<\/b><\/a><span style=\"font-weight: 400;\"> ili putem <\/span><a href=\"https:\/\/work-foxx.com\/hr\/pomoc-i-kontakt\/\"><span style=\"font-weight: 400;\">kontakt obrasca<\/span><\/a><span style=\"font-weight: 400;\">. S na\u0161om partnerskom mre\u017eom poku\u0161at \u0107emo vam pru\u017eiti \u017eeljene proizvode ili skratiti vrijeme isporuke.<\/span><\/p>\n","protected":false},"excerpt":{"rendered":"<p>Za\u0161titna kaciga GP3000 \u0161titi vas od napona do 440 V. Podesiva po obujmu pomo\u0107u trake. Kaciga je otporna na temperature od -20\u00b0C do +50\u00b0C.<\/p>\n","protected":false},"featured_media":12386,"comment_status":"open","ping_status":"closed","template":"","meta":{"_acf_changed":false,"inline_featured_image":false},"product_brand":[],"product_cat":[958,962],"product_tag":[],"class_list":{"0":"post-18583","1":"product","2":"type-product","3":"status-publish","4":"has-post-thumbnail","6":"product_cat-zastita-glave","7":"product_cat-zastita-glave-2","9":"first","10":"instock","11":"taxable","12":"shipping-taxable","13":"purchasable","14":"product-type-simple"},"acf":[],"_links":{"self":[{"href":"https:\/\/work-foxx.com\/hr\/wp-json\/wp\/v2\/product\/18583","targetHints":{"allow":["GET"]}}],"collection":[{"href":"https:\/\/work-foxx.com\/hr\/wp-json\/wp\/v2\/product"}],"about":[{"href":"https:\/\/work-foxx.com\/hr\/wp-json\/wp\/v2\/types\/product"}],"replies":[{"embeddable":true,"href":"https:\/\/work-foxx.com\/hr\/wp-json\/wp\/v2\/comments?post=18583"}],"wp:featuredmedia":[{"embeddable":true,"href":"https:\/\/work-foxx.com\/hr\/wp-json\/wp\/v2\/media\/12386"}],"wp:attachment":[{"href":"https:\/\/work-foxx.com\/hr\/wp-json\/wp\/v2\/media?parent=18583"}],"wp:term":[{"taxonomy":"product_brand","embeddable":true,"href":"https:\/\/work-foxx.com\/hr\/wp-json\/wp\/v2\/product_brand?post=18583"},{"taxonomy":"product_cat","embeddable":true,"href":"https:\/\/work-foxx.com\/hr\/wp-json\/wp\/v2\/product_cat?post=18583"},{"taxonomy":"product_tag","embeddable":true,"href":"https:\/\/work-foxx.com\/hr\/wp-json\/wp\/v2\/product_tag?post=18583"}],"curies":[{"name":"wp","href":"https:\/\/api.w.org\/{rel}","templated":true}]}}