{"id":18582,"date":"2023-04-14T09:07:00","date_gmt":"2023-04-14T09:07:00","guid":{"rendered":"https:\/\/work-foxx.com\/product\/kapa-s-udarnim-stitom-crna\/"},"modified":"2023-12-29T10:25:13","modified_gmt":"2023-12-29T10:25:13","slug":"silt-kapa-sa-zastitnom-od-udaraca-crna","status":"publish","type":"product","link":"https:\/\/work-foxx.com\/hr\/proizvod\/silt-kapa-sa-zastitnom-od-udaraca-crna\/","title":{"rendered":"\u0160ilt kapa sa za\u0161titnom od udaraca, crna"},"content":{"rendered":"<p>\u0160ilt kapa sa za\u0161titnom od udaraca ima integrirani za\u0161titni umetak od ABS plastike koji vas \u0161titi od pada predmeta. Veli\u010dina se pode\u0161ava remenom sa stra\u017enje strane. \u0160ilt kapa sa za\u0161titnom od udaraca ima dva bo\u010dna proreza za bolju ventilaciju.<\/p>\n<p><strong>Vanjski materijal:<\/strong> 100 % pamuk<br \/>\n<strong>Unutarnji materijal:<\/strong> ABS plasti\u010dna \u0161koljka<br \/>\n<strong>Unutra\u0161njost:<\/strong> Podstavljena EVA jastu\u010di\u0107ima<br \/>\n<strong>Zna\u010dajke:<\/strong> Metalni otvori za ventilaciju, podesivia sa stra\u017enje strane<br \/>\n<strong>Standard:<\/strong> EN 812<br \/>\n<strong>Proizvo\u0111a\u010d:<\/strong> <a href=\"https:\/\/www.coverguard-safety.com\/\">Coverguard<\/a><br \/>\n<strong>Boja:<\/strong> Crna<\/p>\n<p><span style=\"font-weight: 400;\">Ako proizvod koji vam je potreban nije na zalihi ili ne mo\u017eete prona\u0107i \u017eeljeni proizvod u na\u0161oj internetskoj trgovini, pozivamo vas da nam po\u0161aljete upit na <\/span><a href=\"mailto:info@work-foxx.com\"><b>info@work-foxx.com<\/b><\/a><span style=\"font-weight: 400;\"> ili putem <\/span><a href=\"https:\/\/work-foxx.com\/hr\/pomoc-i-kontakt\/\"><span style=\"font-weight: 400;\">kontakt obrasca<\/span><\/a><span style=\"font-weight: 400;\">. S na\u0161om partnerskom mre\u017eom poku\u0161at \u0107emo vam pru\u017eiti \u017eeljene proizvode ili skratiti vrijeme isporuke.<\/span><\/p>\n","protected":false},"excerpt":{"rendered":"<p>\u0160ilt kapa sa za\u0161titnom od udaraca \u0161titi vas od pada predmeta. Veli\u010dina se mo\u017ee pode\u0161avati remenom, a ventilaciju osiguravaju dva bo\u010dna proreza.<\/p>\n","protected":false},"featured_media":15450,"comment_status":"open","ping_status":"closed","template":"","meta":{"_acf_changed":false,"inline_featured_image":false},"product_brand":[],"product_cat":[958,962],"product_tag":[],"class_list":{"0":"post-18582","1":"product","2":"type-product","3":"status-publish","4":"has-post-thumbnail","6":"product_cat-zastita-glave","7":"product_cat-zastita-glave-2","9":"first","10":"instock","11":"taxable","12":"shipping-taxable","13":"purchasable","14":"product-type-simple"},"acf":[],"_links":{"self":[{"href":"https:\/\/work-foxx.com\/hr\/wp-json\/wp\/v2\/product\/18582","targetHints":{"allow":["GET"]}}],"collection":[{"href":"https:\/\/work-foxx.com\/hr\/wp-json\/wp\/v2\/product"}],"about":[{"href":"https:\/\/work-foxx.com\/hr\/wp-json\/wp\/v2\/types\/product"}],"replies":[{"embeddable":true,"href":"https:\/\/work-foxx.com\/hr\/wp-json\/wp\/v2\/comments?post=18582"}],"wp:featuredmedia":[{"embeddable":true,"href":"https:\/\/work-foxx.com\/hr\/wp-json\/wp\/v2\/media\/15450"}],"wp:attachment":[{"href":"https:\/\/work-foxx.com\/hr\/wp-json\/wp\/v2\/media?parent=18582"}],"wp:term":[{"taxonomy":"product_brand","embeddable":true,"href":"https:\/\/work-foxx.com\/hr\/wp-json\/wp\/v2\/product_brand?post=18582"},{"taxonomy":"product_cat","embeddable":true,"href":"https:\/\/work-foxx.com\/hr\/wp-json\/wp\/v2\/product_cat?post=18582"},{"taxonomy":"product_tag","embeddable":true,"href":"https:\/\/work-foxx.com\/hr\/wp-json\/wp\/v2\/product_tag?post=18582"}],"curies":[{"name":"wp","href":"https:\/\/api.w.org\/{rel}","templated":true}]}}